{"id":78,"date":"2026-01-12T18:38:40","date_gmt":"2026-01-12T18:38:40","guid":{"rendered":"https:\/\/euripedesbarsanulfo.org\/site\/?page_id=78"},"modified":"2026-01-27T17:17:47","modified_gmt":"2026-01-27T17:17:47","slug":"programa-mais-vida","status":"publish","type":"page","link":"https:\/\/euripedesbarsanulfo.org\/site\/programas-sociais\/programa-mais-vida\/","title":{"rendered":"Programa Mais Vida"},"content":{"rendered":"\t\t<div data-elementor-type=\"wp-page\" data-elementor-id=\"78\" class=\"elementor elementor-78\" data-elementor-settings=\"{&quot;ha_cmc_init_switcher&quot;:&quot;no&quot;}\">\n\t\t\t\t<div class=\"elementor-element elementor-element-cafab72 e-flex e-con-boxed wpr-particle-no wpr-jarallax-no wpr-parallax-no wpr-sticky-section-no e-con e-parent\" data-id=\"cafab72\" data-element_type=\"container\" data-settings=\"{&quot;_ha_eqh_enable&quot;:false}\">\n\t\t\t\t\t<div class=\"e-con-inner\">\n\t\t<div class=\"elementor-element elementor-element-00149e8 e-con-full e-flex wpr-particle-no wpr-jarallax-no wpr-parallax-no wpr-sticky-section-no e-con e-child\" data-id=\"00149e8\" data-element_type=\"container\" data-settings=\"{&quot;_ha_eqh_enable&quot;:false}\">\n\t\t\t\t<div class=\"elementor-element elementor-element-824b6a9 elementor-widget__width-inherit elementor-widget elementor-widget-shortcode\" data-id=\"824b6a9\" data-element_type=\"widget\" data-widget_type=\"shortcode.default\">\n\t\t\t\t\t\t\t<div class=\"elementor-shortcode\"><span><span><a href=\"http:\/\/euripedesbarsanulfo.org\/site\/\">In\u00edcio<\/a><\/span><\/span><\/div>\n\t\t\t\t\t\t<\/div>\n\t\t\t\t<div class=\"elementor-element elementor-element-cfc6869 elementor-widget elementor-widget-button\" data-id=\"cfc6869\" data-element_type=\"widget\" data-widget_type=\"button.default\">\n\t\t\t\t\t\t\t\t\t\t<a class=\"elementor-button elementor-button-link elementor-size-sm\" href=\"https:\/\/euripedesbarsanulfo.org\/site\/programas-sociais\/\">\n\t\t\t\t\t\t<span class=\"elementor-button-content-wrapper\">\n\t\t\t\t\t\t<span class=\"elementor-button-icon\">\n\t\t\t\t<svg aria-hidden=\"true\" class=\"e-font-icon-svg e-fas-arrow-alt-circle-left\" viewBox=\"0 0 512 512\" xmlns=\"http:\/\/www.w3.org\/2000\/svg\"><path d=\"M256 504C119 504 8 393 8 256S119 8 256 8s248 111 248 248-111 248-248 248zm116-292H256v-70.9c0-10.7-13-16.1-20.5-8.5L121.2 247.5c-4.7 4.7-4.7 12.2 0 16.9l114.3 114.9c7.6 7.6 20.5 2.2 20.5-8.5V300h116c6.6 0 12-5.4 12-12v-64c0-6.6-5.4-12-12-12z\"><\/path><\/svg>\t\t\t<\/span>\n\t\t\t\t\t\t\t\t\t<span class=\"elementor-button-text\">Voltar<\/span>\n\t\t\t\t\t<\/span>\n\t\t\t\t\t<\/a>\n\t\t\t\t\t\t\t\t<\/div>\n\t\t\t\t<\/div>\n\t\t<div class=\"elementor-element elementor-element-570e303 e-con-full e-flex wpr-particle-no wpr-jarallax-no wpr-parallax-no wpr-sticky-section-no e-con e-child\" data-id=\"570e303\" data-element_type=\"container\" data-settings=\"{&quot;_ha_eqh_enable&quot;:false}\">\n\t\t\t\t<div class=\"elementor-element elementor-element-a5ec427 elementor-widget__width-initial elementor-widget elementor-widget-heading\" data-id=\"a5ec427\" data-element_type=\"widget\" data-widget_type=\"heading.default\">\n\t\t\t\t\t<h2 class=\"elementor-heading-title elementor-size-default\">Sa\u00fade Integrativa<br> Programa Mais Vida<\/h2>\t\t\t\t<\/div>\n\t\t\t\t<\/div>\n\t\t\t\t\t<\/div>\n\t\t\t\t<\/div>\n\t\t<div class=\"elementor-element elementor-element-0bb4d76 e-flex e-con-boxed wpr-particle-no wpr-jarallax-no wpr-parallax-no wpr-sticky-section-no e-con e-parent\" data-id=\"0bb4d76\" data-element_type=\"container\" data-settings=\"{&quot;_ha_eqh_enable&quot;:false}\">\n\t\t\t\t\t<div class=\"e-con-inner\">\n\t\t<div class=\"elementor-element elementor-element-8249b1c e-con-full e-flex wpr-particle-no wpr-jarallax-no wpr-parallax-no wpr-sticky-section-no e-con e-child\" data-id=\"8249b1c\" data-element_type=\"container\" data-settings=\"{&quot;_ha_eqh_enable&quot;:false}\">\n\t\t\t\t<div class=\"elementor-element elementor-element-47965d9 elementor-widget__width-initial elementor-widget-mobile__width-initial elementor-widget elementor-widget-text-editor\" data-id=\"47965d9\" data-element_type=\"widget\" data-widget_type=\"text-editor.default\">\n\t\t\t\t\t\t\t\t\t<p>O <strong>Programa Mais Vida<\/strong> promove sa\u00fade preventiva e bem-estar por meio de pr\u00e1ticas integrativas e complementares, reconhecidas como ferramentas eficazes para equil\u00edbrio f\u00edsico, mental e emocional.<\/p><p>Acreditamos que <strong>sa\u00fade n\u00e3o \u00e9 apenas aus\u00eancia de doen\u00e7a \u2014 \u00e9 qualidade de vida, autocuidado e harmonia interior.<\/strong><\/p><p><strong>Terapias oferecidas<\/strong><\/p><ul><li><strong>Acupuntura<\/strong><\/li><li><strong>Psicoterapia<\/strong><\/li><li><strong>Fisioterapia<\/strong><\/li><li><strong>Massoterapia<\/strong><\/li><li><strong>Yoga<\/strong><\/li><li><strong>Terapias energ\u00e9ticas<\/strong><\/li><li><strong>Terapias integrativas diversas<\/strong><\/li><\/ul><p>\u00a0<\/p><p><strong>Objetivos<\/strong><\/p><ul><li>Reduzir dores e tens\u00f5es<\/li><li>Prevenir doen\u00e7as<\/li><li>Promover autocuidado e bem-estar<\/li><li>Oferecer um espa\u00e7o de acolhimento<\/li><li>Estimular sa\u00fade emocional e mental<\/li><\/ul><p>\u00a0<\/p><p>Essa abordagem contribui para que pessoas de todas as idades encontrem equil\u00edbrio e melhorias significativas em sua qualidade de vida.<\/p>\t\t\t\t\t\t\t\t<\/div>\n\t\t<div class=\"elementor-element elementor-element-ac0220d e-con-full e-flex wpr-particle-no wpr-jarallax-no wpr-parallax-no wpr-sticky-section-no e-con e-child\" data-id=\"ac0220d\" data-element_type=\"container\" data-settings=\"{&quot;_ha_eqh_enable&quot;:false}\">\n\t\t\t\t<div class=\"elementor-element elementor-element-b34c76b elementor-widget elementor-widget-image\" data-id=\"b34c76b\" data-element_type=\"widget\" data-widget_type=\"image.default\">\n\t\t\t\t\t\t\t\t\t\t\t\t\t\t\t<img fetchpriority=\"high\" decoding=\"async\" width=\"500\" height=\"350\" src=\"https:\/\/euripedesbarsanulfo.org\/site\/wp-content\/uploads\/2026\/01\/mais_vida_a.png\" class=\"attachment-large size-large wp-image-963\" alt=\"\" srcset=\"https:\/\/euripedesbarsanulfo.org\/site\/wp-content\/uploads\/2026\/01\/mais_vida_a.png 500w, https:\/\/euripedesbarsanulfo.org\/site\/wp-content\/uploads\/2026\/01\/mais_vida_a-300x210.png 300w\" sizes=\"(max-width: 500px) 100vw, 500px\" \/>\t\t\t\t\t\t\t\t\t\t\t\t\t\t\t<\/div>\n\t\t\t\t<div class=\"elementor-element elementor-element-8a06fd2 elementor-widget elementor-widget-image\" data-id=\"8a06fd2\" data-element_type=\"widget\" data-widget_type=\"image.default\">\n\t\t\t\t\t\t\t\t\t\t\t\t\t\t\t<img decoding=\"async\" width=\"500\" height=\"350\" data-src=\"https:\/\/euripedesbarsanulfo.org\/site\/wp-content\/uploads\/2026\/01\/mais_vida_b.png\" class=\"attachment-large size-large wp-image-964 lazyload\" alt=\"\" data-srcset=\"https:\/\/euripedesbarsanulfo.org\/site\/wp-content\/uploads\/2026\/01\/mais_vida_b.png 500w, https:\/\/euripedesbarsanulfo.org\/site\/wp-content\/uploads\/2026\/01\/mais_vida_b-300x210.png 300w\" data-sizes=\"(max-width: 500px) 100vw, 500px\" src=\"data:image\/svg+xml;base64,PHN2ZyB3aWR0aD0iMSIgaGVpZ2h0PSIxIiB4bWxucz0iaHR0cDovL3d3dy53My5vcmcvMjAwMC9zdmciPjwvc3ZnPg==\" style=\"--smush-placeholder-width: 500px; --smush-placeholder-aspect-ratio: 500\/350;\" \/>\t\t\t\t\t\t\t\t\t\t\t\t\t\t\t<\/div>\n\t\t\t\t<\/div>\n\t\t\t\t<\/div>\n\t\t\t\t\t<\/div>\n\t\t\t\t<\/div>\n\t\t\t\t<\/div>\n\t\t","protected":false},"excerpt":{"rendered":"<p>Voltar Sa\u00fade Integrativa Programa Mais Vida O Programa Mais Vida promove sa\u00fade preventiva e bem-estar por meio de pr\u00e1ticas integrativas e complementares, reconhecidas como ferramentas eficazes para equil\u00edbrio f\u00edsico, mental e emocional. Acreditamos que sa\u00fade n\u00e3o \u00e9 apenas aus\u00eancia de doen\u00e7a \u2014 \u00e9 qualidade de vida, autocuidado e harmonia interior. Terapias oferecidas Acupuntura Psicoterapia Fisioterapia Massoterapia Yoga Terapias energ\u00e9ticas Terapias integrativas diversas \u00a0 Objetivos Reduzir dores e tens\u00f5es Prevenir doen\u00e7as Promover autocuidado e bem-estar Oferecer um espa\u00e7o de acolhimento Estimular sa\u00fade emocional e mental \u00a0 Essa abordagem contribui para que pessoas de todas as idades encontrem equil\u00edbrio e melhorias significativas em sua qualidade de vida.<\/p>\n","protected":false},"author":1,"featured_media":0,"parent":17,"menu_order":0,"comment_status":"closed","ping_status":"closed","template":"elementor_header_footer","meta":{"footnotes":""},"class_list":["post-78","page","type-page","status-publish","hentry"],"yoast_head":"<!-- This site is optimized with the Yoast SEO plugin v26.7 - https:\/\/yoast.com\/wordpress\/plugins\/seo\/ -->\n<title>Programa Mais Vida - ASSOCIA\u00c7\u00c3O OFICINA ESCOLA PROFESSOR EUR\u00cdPEDES BARSANULFO<\/title>\n<meta name=\"robots\" content=\"index, follow, max-snippet:-1, max-image-preview:large, max-video-preview:-1\" \/>\n<link rel=\"canonical\" href=\"http:\/\/euripedesbarsanulfo.org\/site\/programas-sociais\/programa-mais-vida\/\" \/>\n<meta property=\"og:locale\" content=\"pt_BR\" \/>\n<meta property=\"og:type\" content=\"article\" \/>\n<meta property=\"og:title\" content=\"Programa Mais Vida - ASSOCIA\u00c7\u00c3O OFICINA ESCOLA PROFESSOR EUR\u00cdPEDES BARSANULFO\" \/>\n<meta property=\"og:description\" content=\"Voltar Sa\u00fade Integrativa Programa Mais Vida O Programa Mais Vida promove sa\u00fade preventiva e bem-estar por meio de pr\u00e1ticas integrativas e complementares, reconhecidas como ferramentas eficazes para equil\u00edbrio f\u00edsico, mental e emocional. Acreditamos que sa\u00fade n\u00e3o \u00e9 apenas aus\u00eancia de doen\u00e7a \u2014 \u00e9 qualidade de vida, autocuidado e harmonia interior. Terapias oferecidas Acupuntura Psicoterapia Fisioterapia Massoterapia Yoga Terapias energ\u00e9ticas Terapias integrativas diversas \u00a0 Objetivos Reduzir dores e tens\u00f5es Prevenir doen\u00e7as Promover autocuidado e bem-estar Oferecer um espa\u00e7o de acolhimento Estimular sa\u00fade emocional e mental \u00a0 Essa abordagem contribui para que pessoas de todas as idades encontrem equil\u00edbrio e melhorias significativas em sua qualidade de vida.\" \/>\n<meta property=\"og:url\" content=\"http:\/\/euripedesbarsanulfo.org\/site\/programas-sociais\/programa-mais-vida\/\" \/>\n<meta property=\"og:site_name\" content=\"ASSOCIA\u00c7\u00c3O OFICINA ESCOLA PROFESSOR EUR\u00cdPEDES BARSANULFO\" \/>\n<meta property=\"article:modified_time\" content=\"2026-01-27T17:17:47+00:00\" \/>\n<meta property=\"og:image\" content=\"http:\/\/euripedesbarsanulfo.org\/site\/wp-content\/uploads\/2026\/01\/mais_vida_a.png\" \/>\n<meta name=\"twitter:card\" content=\"summary_large_image\" \/>\n<meta name=\"twitter:label1\" content=\"Est. tempo de leitura\" \/>\n\t<meta name=\"twitter:data1\" content=\"1 minuto\" \/>\n<script type=\"application\/ld+json\" class=\"yoast-schema-graph\">{\"@context\":\"https:\/\/schema.org\",\"@graph\":[{\"@type\":\"WebPage\",\"@id\":\"http:\/\/euripedesbarsanulfo.org\/site\/programas-sociais\/programa-mais-vida\/\",\"url\":\"http:\/\/euripedesbarsanulfo.org\/site\/programas-sociais\/programa-mais-vida\/\",\"name\":\"Programa Mais Vida - ASSOCIA\u00c7\u00c3O OFICINA ESCOLA PROFESSOR EUR\u00cdPEDES BARSANULFO\",\"isPartOf\":{\"@id\":\"http:\/\/euripedesbarsanulfo.org\/site\/#website\"},\"primaryImageOfPage\":{\"@id\":\"http:\/\/euripedesbarsanulfo.org\/site\/programas-sociais\/programa-mais-vida\/#primaryimage\"},\"image\":{\"@id\":\"http:\/\/euripedesbarsanulfo.org\/site\/programas-sociais\/programa-mais-vida\/#primaryimage\"},\"thumbnailUrl\":\"http:\/\/euripedesbarsanulfo.org\/site\/wp-content\/uploads\/2026\/01\/mais_vida_a.png\",\"datePublished\":\"2026-01-12T18:38:40+00:00\",\"dateModified\":\"2026-01-27T17:17:47+00:00\",\"breadcrumb\":{\"@id\":\"http:\/\/euripedesbarsanulfo.org\/site\/programas-sociais\/programa-mais-vida\/#breadcrumb\"},\"inLanguage\":\"pt-BR\",\"potentialAction\":[{\"@type\":\"ReadAction\",\"target\":[\"http:\/\/euripedesbarsanulfo.org\/site\/programas-sociais\/programa-mais-vida\/\"]}]},{\"@type\":\"ImageObject\",\"inLanguage\":\"pt-BR\",\"@id\":\"http:\/\/euripedesbarsanulfo.org\/site\/programas-sociais\/programa-mais-vida\/#primaryimage\",\"url\":\"https:\/\/euripedesbarsanulfo.org\/site\/wp-content\/uploads\/2026\/01\/mais_vida_a.png\",\"contentUrl\":\"https:\/\/euripedesbarsanulfo.org\/site\/wp-content\/uploads\/2026\/01\/mais_vida_a.png\",\"width\":500,\"height\":350},{\"@type\":\"BreadcrumbList\",\"@id\":\"http:\/\/euripedesbarsanulfo.org\/site\/programas-sociais\/programa-mais-vida\/#breadcrumb\",\"itemListElement\":[{\"@type\":\"ListItem\",\"position\":1,\"name\":\"In\u00edcio\",\"item\":\"http:\/\/euripedesbarsanulfo.org\/site\/\"},{\"@type\":\"ListItem\",\"position\":2,\"name\":\"Programas Sociais\",\"item\":\"http:\/\/euripedesbarsanulfo.org\/site\/programas-sociais\/\"},{\"@type\":\"ListItem\",\"position\":3,\"name\":\"Programa Mais Vida\"}]},{\"@type\":\"WebSite\",\"@id\":\"http:\/\/euripedesbarsanulfo.org\/site\/#website\",\"url\":\"http:\/\/euripedesbarsanulfo.org\/site\/\",\"name\":\"ASSOCIA\u00c7\u00c3O OFICINA ESCOLA PROFESSOR EUR\u00cdPEDES BARSANULFO\",\"description\":\"\",\"publisher\":{\"@id\":\"http:\/\/euripedesbarsanulfo.org\/site\/#organization\"},\"potentialAction\":[{\"@type\":\"SearchAction\",\"target\":{\"@type\":\"EntryPoint\",\"urlTemplate\":\"http:\/\/euripedesbarsanulfo.org\/site\/?s={search_term_string}\"},\"query-input\":{\"@type\":\"PropertyValueSpecification\",\"valueRequired\":true,\"valueName\":\"search_term_string\"}}],\"inLanguage\":\"pt-BR\"},{\"@type\":\"Organization\",\"@id\":\"http:\/\/euripedesbarsanulfo.org\/site\/#organization\",\"name\":\"ASSOCIA\u00c7\u00c3O OFICINA ESCOLA PROFESSOR EUR\u00cdPEDES BARSANULFO\",\"url\":\"http:\/\/euripedesbarsanulfo.org\/site\/\",\"logo\":{\"@type\":\"ImageObject\",\"inLanguage\":\"pt-BR\",\"@id\":\"http:\/\/euripedesbarsanulfo.org\/site\/#\/schema\/logo\/image\/\",\"url\":\"https:\/\/euripedesbarsanulfo.org\/site\/wp-content\/uploads\/2026\/01\/logotipo_euripedes.png\",\"contentUrl\":\"https:\/\/euripedesbarsanulfo.org\/site\/wp-content\/uploads\/2026\/01\/logotipo_euripedes.png\",\"width\":380,\"height\":150,\"caption\":\"ASSOCIA\u00c7\u00c3O OFICINA ESCOLA PROFESSOR EUR\u00cdPEDES BARSANULFO\"},\"image\":{\"@id\":\"http:\/\/euripedesbarsanulfo.org\/site\/#\/schema\/logo\/image\/\"}}]}<\/script>\n<!-- \/ Yoast SEO plugin. -->","yoast_head_json":{"title":"Programa Mais Vida - ASSOCIA\u00c7\u00c3O OFICINA ESCOLA PROFESSOR EUR\u00cdPEDES BARSANULFO","robots":{"index":"index","follow":"follow","max-snippet":"max-snippet:-1","max-image-preview":"max-image-preview:large","max-video-preview":"max-video-preview:-1"},"canonical":"http:\/\/euripedesbarsanulfo.org\/site\/programas-sociais\/programa-mais-vida\/","og_locale":"pt_BR","og_type":"article","og_title":"Programa Mais Vida - ASSOCIA\u00c7\u00c3O OFICINA ESCOLA PROFESSOR EUR\u00cdPEDES BARSANULFO","og_description":"Voltar Sa\u00fade Integrativa Programa Mais Vida O Programa Mais Vida promove sa\u00fade preventiva e bem-estar por meio de pr\u00e1ticas integrativas e complementares, reconhecidas como ferramentas eficazes para equil\u00edbrio f\u00edsico, mental e emocional. Acreditamos que sa\u00fade n\u00e3o \u00e9 apenas aus\u00eancia de doen\u00e7a \u2014 \u00e9 qualidade de vida, autocuidado e harmonia interior. Terapias oferecidas Acupuntura Psicoterapia Fisioterapia Massoterapia Yoga Terapias energ\u00e9ticas Terapias integrativas diversas \u00a0 Objetivos Reduzir dores e tens\u00f5es Prevenir doen\u00e7as Promover autocuidado e bem-estar Oferecer um espa\u00e7o de acolhimento Estimular sa\u00fade emocional e mental \u00a0 Essa abordagem contribui para que pessoas de todas as idades encontrem equil\u00edbrio e melhorias significativas em sua qualidade de vida.","og_url":"http:\/\/euripedesbarsanulfo.org\/site\/programas-sociais\/programa-mais-vida\/","og_site_name":"ASSOCIA\u00c7\u00c3O OFICINA ESCOLA PROFESSOR EUR\u00cdPEDES BARSANULFO","article_modified_time":"2026-01-27T17:17:47+00:00","og_image":[{"url":"http:\/\/euripedesbarsanulfo.org\/site\/wp-content\/uploads\/2026\/01\/mais_vida_a.png","type":"","width":"","height":""}],"twitter_card":"summary_large_image","twitter_misc":{"Est. tempo de leitura":"1 minuto"},"schema":{"@context":"https:\/\/schema.org","@graph":[{"@type":"WebPage","@id":"http:\/\/euripedesbarsanulfo.org\/site\/programas-sociais\/programa-mais-vida\/","url":"http:\/\/euripedesbarsanulfo.org\/site\/programas-sociais\/programa-mais-vida\/","name":"Programa Mais Vida - ASSOCIA\u00c7\u00c3O OFICINA ESCOLA PROFESSOR EUR\u00cdPEDES BARSANULFO","isPartOf":{"@id":"http:\/\/euripedesbarsanulfo.org\/site\/#website"},"primaryImageOfPage":{"@id":"http:\/\/euripedesbarsanulfo.org\/site\/programas-sociais\/programa-mais-vida\/#primaryimage"},"image":{"@id":"http:\/\/euripedesbarsanulfo.org\/site\/programas-sociais\/programa-mais-vida\/#primaryimage"},"thumbnailUrl":"http:\/\/euripedesbarsanulfo.org\/site\/wp-content\/uploads\/2026\/01\/mais_vida_a.png","datePublished":"2026-01-12T18:38:40+00:00","dateModified":"2026-01-27T17:17:47+00:00","breadcrumb":{"@id":"http:\/\/euripedesbarsanulfo.org\/site\/programas-sociais\/programa-mais-vida\/#breadcrumb"},"inLanguage":"pt-BR","potentialAction":[{"@type":"ReadAction","target":["http:\/\/euripedesbarsanulfo.org\/site\/programas-sociais\/programa-mais-vida\/"]}]},{"@type":"ImageObject","inLanguage":"pt-BR","@id":"http:\/\/euripedesbarsanulfo.org\/site\/programas-sociais\/programa-mais-vida\/#primaryimage","url":"https:\/\/euripedesbarsanulfo.org\/site\/wp-content\/uploads\/2026\/01\/mais_vida_a.png","contentUrl":"https:\/\/euripedesbarsanulfo.org\/site\/wp-content\/uploads\/2026\/01\/mais_vida_a.png","width":500,"height":350},{"@type":"BreadcrumbList","@id":"http:\/\/euripedesbarsanulfo.org\/site\/programas-sociais\/programa-mais-vida\/#breadcrumb","itemListElement":[{"@type":"ListItem","position":1,"name":"In\u00edcio","item":"http:\/\/euripedesbarsanulfo.org\/site\/"},{"@type":"ListItem","position":2,"name":"Programas Sociais","item":"http:\/\/euripedesbarsanulfo.org\/site\/programas-sociais\/"},{"@type":"ListItem","position":3,"name":"Programa Mais Vida"}]},{"@type":"WebSite","@id":"http:\/\/euripedesbarsanulfo.org\/site\/#website","url":"http:\/\/euripedesbarsanulfo.org\/site\/","name":"ASSOCIA\u00c7\u00c3O OFICINA ESCOLA PROFESSOR EUR\u00cdPEDES BARSANULFO","description":"","publisher":{"@id":"http:\/\/euripedesbarsanulfo.org\/site\/#organization"},"potentialAction":[{"@type":"SearchAction","target":{"@type":"EntryPoint","urlTemplate":"http:\/\/euripedesbarsanulfo.org\/site\/?s={search_term_string}"},"query-input":{"@type":"PropertyValueSpecification","valueRequired":true,"valueName":"search_term_string"}}],"inLanguage":"pt-BR"},{"@type":"Organization","@id":"http:\/\/euripedesbarsanulfo.org\/site\/#organization","name":"ASSOCIA\u00c7\u00c3O OFICINA ESCOLA PROFESSOR EUR\u00cdPEDES BARSANULFO","url":"http:\/\/euripedesbarsanulfo.org\/site\/","logo":{"@type":"ImageObject","inLanguage":"pt-BR","@id":"http:\/\/euripedesbarsanulfo.org\/site\/#\/schema\/logo\/image\/","url":"https:\/\/euripedesbarsanulfo.org\/site\/wp-content\/uploads\/2026\/01\/logotipo_euripedes.png","contentUrl":"https:\/\/euripedesbarsanulfo.org\/site\/wp-content\/uploads\/2026\/01\/logotipo_euripedes.png","width":380,"height":150,"caption":"ASSOCIA\u00c7\u00c3O OFICINA ESCOLA PROFESSOR EUR\u00cdPEDES BARSANULFO"},"image":{"@id":"http:\/\/euripedesbarsanulfo.org\/site\/#\/schema\/logo\/image\/"}}]}},"_links":{"self":[{"href":"https:\/\/euripedesbarsanulfo.org\/site\/wp-json\/wp\/v2\/pages\/78","targetHints":{"allow":["GET"]}}],"collection":[{"href":"https:\/\/euripedesbarsanulfo.org\/site\/wp-json\/wp\/v2\/pages"}],"about":[{"href":"https:\/\/euripedesbarsanulfo.org\/site\/wp-json\/wp\/v2\/types\/page"}],"author":[{"embeddable":true,"href":"https:\/\/euripedesbarsanulfo.org\/site\/wp-json\/wp\/v2\/users\/1"}],"replies":[{"embeddable":true,"href":"https:\/\/euripedesbarsanulfo.org\/site\/wp-json\/wp\/v2\/comments?post=78"}],"version-history":[{"count":16,"href":"https:\/\/euripedesbarsanulfo.org\/site\/wp-json\/wp\/v2\/pages\/78\/revisions"}],"predecessor-version":[{"id":1099,"href":"https:\/\/euripedesbarsanulfo.org\/site\/wp-json\/wp\/v2\/pages\/78\/revisions\/1099"}],"up":[{"embeddable":true,"href":"https:\/\/euripedesbarsanulfo.org\/site\/wp-json\/wp\/v2\/pages\/17"}],"wp:attachment":[{"href":"https:\/\/euripedesbarsanulfo.org\/site\/wp-json\/wp\/v2\/media?parent=78"}],"curies":[{"name":"wp","href":"https:\/\/api.w.org\/{rel}","templated":true}]}}