{"id":76,"date":"2026-01-12T18:38:14","date_gmt":"2026-01-12T18:38:14","guid":{"rendered":"https:\/\/euripedesbarsanulfo.org\/site\/?page_id=76"},"modified":"2026-01-20T20:21:28","modified_gmt":"2026-01-20T20:21:28","slug":"projeto-lacos-eternos","status":"publish","type":"page","link":"https:\/\/euripedesbarsanulfo.org\/site\/programas-sociais\/projeto-lacos-eternos\/","title":{"rendered":"Projeto La\u00e7os Eternos"},"content":{"rendered":"\t\t<div data-elementor-type=\"wp-page\" data-elementor-id=\"76\" class=\"elementor elementor-76\" data-elementor-settings=\"{&quot;ha_cmc_init_switcher&quot;:&quot;no&quot;}\">\n\t\t\t\t<div class=\"elementor-element elementor-element-37a2d08 e-flex e-con-boxed wpr-particle-no wpr-jarallax-no wpr-parallax-no wpr-sticky-section-no e-con e-parent\" data-id=\"37a2d08\" data-element_type=\"container\" data-settings=\"{&quot;_ha_eqh_enable&quot;:false}\">\n\t\t\t\t\t<div class=\"e-con-inner\">\n\t\t<div class=\"elementor-element elementor-element-c3980ed e-con-full e-flex wpr-particle-no wpr-jarallax-no wpr-parallax-no wpr-sticky-section-no e-con e-child\" data-id=\"c3980ed\" data-element_type=\"container\" data-settings=\"{&quot;_ha_eqh_enable&quot;:false}\">\n\t\t\t\t<div class=\"elementor-element elementor-element-477b616 elementor-widget__width-inherit elementor-widget elementor-widget-shortcode\" data-id=\"477b616\" data-element_type=\"widget\" data-widget_type=\"shortcode.default\">\n\t\t\t\t\t\t\t<div class=\"elementor-shortcode\"><span><span><a href=\"http:\/\/euripedesbarsanulfo.org\/site\/\">In\u00edcio<\/a><\/span><\/span><\/div>\n\t\t\t\t\t\t<\/div>\n\t\t\t\t<div class=\"elementor-element elementor-element-1115312 elementor-widget elementor-widget-button\" data-id=\"1115312\" data-element_type=\"widget\" data-widget_type=\"button.default\">\n\t\t\t\t\t\t\t\t\t\t<a class=\"elementor-button elementor-button-link elementor-size-sm\" href=\"https:\/\/euripedesbarsanulfo.org\/site\/programas-sociais\/\">\n\t\t\t\t\t\t<span class=\"elementor-button-content-wrapper\">\n\t\t\t\t\t\t<span class=\"elementor-button-icon\">\n\t\t\t\t<svg aria-hidden=\"true\" class=\"e-font-icon-svg e-fas-arrow-alt-circle-left\" viewBox=\"0 0 512 512\" xmlns=\"http:\/\/www.w3.org\/2000\/svg\"><path d=\"M256 504C119 504 8 393 8 256S119 8 256 8s248 111 248 248-111 248-248 248zm116-292H256v-70.9c0-10.7-13-16.1-20.5-8.5L121.2 247.5c-4.7 4.7-4.7 12.2 0 16.9l114.3 114.9c7.6 7.6 20.5 2.2 20.5-8.5V300h116c6.6 0 12-5.4 12-12v-64c0-6.6-5.4-12-12-12z\"><\/path><\/svg>\t\t\t<\/span>\n\t\t\t\t\t\t\t\t\t<span class=\"elementor-button-text\">Voltar<\/span>\n\t\t\t\t\t<\/span>\n\t\t\t\t\t<\/a>\n\t\t\t\t\t\t\t\t<\/div>\n\t\t\t\t<\/div>\n\t\t<div class=\"elementor-element elementor-element-cf1e9b3 e-con-full e-flex wpr-particle-no wpr-jarallax-no wpr-parallax-no wpr-sticky-section-no e-con e-child\" data-id=\"cf1e9b3\" data-element_type=\"container\" data-settings=\"{&quot;_ha_eqh_enable&quot;:false}\">\n\t\t\t\t<div class=\"elementor-element elementor-element-4399213 elementor-widget__width-initial elementor-widget elementor-widget-heading\" data-id=\"4399213\" data-element_type=\"widget\" data-widget_type=\"heading.default\">\n\t\t\t\t\t<h2 class=\"elementor-heading-title elementor-size-default\">Projeto La\u00e7os Eternos <br> Cuidado e Apoio \u00e0 Gestante<\/h2>\t\t\t\t<\/div>\n\t\t\t\t<\/div>\n\t\t\t\t\t<\/div>\n\t\t\t\t<\/div>\n\t\t<div class=\"elementor-element elementor-element-9963ec4 e-flex e-con-boxed wpr-particle-no wpr-jarallax-no wpr-parallax-no wpr-sticky-section-no e-con e-parent\" data-id=\"9963ec4\" data-element_type=\"container\" data-settings=\"{&quot;_ha_eqh_enable&quot;:false}\">\n\t\t\t\t\t<div class=\"e-con-inner\">\n\t\t<div class=\"elementor-element elementor-element-6bb88dc e-con-full e-flex wpr-particle-no wpr-jarallax-no wpr-parallax-no wpr-sticky-section-no e-con e-child\" data-id=\"6bb88dc\" data-element_type=\"container\" data-settings=\"{&quot;_ha_eqh_enable&quot;:false}\">\n\t\t\t\t<div class=\"elementor-element elementor-element-47fdb36 elementor-widget__width-initial elementor-widget-mobile__width-initial elementor-widget elementor-widget-text-editor\" data-id=\"47fdb36\" data-element_type=\"widget\" data-widget_type=\"text-editor.default\">\n\t\t\t\t\t\t\t\t\t<p>O <strong>La\u00e7os Eternos<\/strong> \u00e9 um dos programas mais sens\u00edveis e transformadores da institui\u00e7\u00e3o. Voltado ao apoio de m\u00e3es gestantes, o projeto oferece orienta\u00e7\u00e3o, acolhimento emocional e pr\u00e1ticas humanizadas de prepara\u00e7\u00e3o para a maternidade.<\/p><p>\u00a0<\/p><p><strong>Objetivos<\/strong><\/p><ul><li>Promover bem-estar f\u00edsico e emocional da gestante<\/li><li>Fortalecer v\u00ednculos com o beb\u00ea e com a fam\u00edlia<\/li><li>Apoiar m\u00e3es em situa\u00e7\u00e3o de vulnerabilidade<\/li><li>Realizar orienta\u00e7\u00f5es sobre pr\u00e9-natal humanizado<\/li><li>Criar um espa\u00e7o seguro para troca de experi\u00eancias<\/li><\/ul><p>\u00a0<\/p><p><strong>Atividades<\/strong><\/p><ul><li>Roda de gestantes e encontros semanais<\/li><li>Acompanhamento psicossocial<\/li><li>Palestras, viv\u00eancias e workshops<\/li><li>Enxoval solid\u00e1rio e apoio material quando necess\u00e1rio<\/li><li>Fortalecimento de v\u00ednculos familiares<\/li><\/ul>\t\t\t\t\t\t\t\t<\/div>\n\t\t<div class=\"elementor-element elementor-element-811b455 e-grid e-con-full wpr-particle-no wpr-jarallax-no wpr-parallax-no wpr-sticky-section-no e-con e-child\" data-id=\"811b455\" data-element_type=\"container\" data-settings=\"{&quot;_ha_eqh_enable&quot;:false}\">\n\t\t\t\t<div class=\"elementor-element elementor-element-b3fe4e4 elementor-widget elementor-widget-image\" data-id=\"b3fe4e4\" data-element_type=\"widget\" data-widget_type=\"image.default\">\n\t\t\t\t\t\t\t\t\t\t\t\t\t\t\t<img fetchpriority=\"high\" decoding=\"async\" width=\"500\" height=\"350\" src=\"https:\/\/euripedesbarsanulfo.org\/site\/wp-content\/uploads\/2026\/01\/lacos_eternos_a.png\" class=\"attachment-large size-large wp-image-971\" alt=\"\" srcset=\"https:\/\/euripedesbarsanulfo.org\/site\/wp-content\/uploads\/2026\/01\/lacos_eternos_a.png 500w, https:\/\/euripedesbarsanulfo.org\/site\/wp-content\/uploads\/2026\/01\/lacos_eternos_a-300x210.png 300w\" sizes=\"(max-width: 500px) 100vw, 500px\" \/>\t\t\t\t\t\t\t\t\t\t\t\t\t\t\t<\/div>\n\t\t\t\t<div class=\"elementor-element elementor-element-ce14407 elementor-widget elementor-widget-image\" data-id=\"ce14407\" data-element_type=\"widget\" data-widget_type=\"image.default\">\n\t\t\t\t\t\t\t\t\t\t\t\t\t\t\t<img decoding=\"async\" width=\"500\" height=\"350\" data-src=\"https:\/\/euripedesbarsanulfo.org\/site\/wp-content\/uploads\/2026\/01\/lacos_eternos_b.png\" class=\"attachment-large size-large wp-image-972 lazyload\" alt=\"\" data-srcset=\"https:\/\/euripedesbarsanulfo.org\/site\/wp-content\/uploads\/2026\/01\/lacos_eternos_b.png 500w, https:\/\/euripedesbarsanulfo.org\/site\/wp-content\/uploads\/2026\/01\/lacos_eternos_b-300x210.png 300w\" data-sizes=\"(max-width: 500px) 100vw, 500px\" src=\"data:image\/svg+xml;base64,PHN2ZyB3aWR0aD0iMSIgaGVpZ2h0PSIxIiB4bWxucz0iaHR0cDovL3d3dy53My5vcmcvMjAwMC9zdmciPjwvc3ZnPg==\" style=\"--smush-placeholder-width: 500px; --smush-placeholder-aspect-ratio: 500\/350;\" \/>\t\t\t\t\t\t\t\t\t\t\t\t\t\t\t<\/div>\n\t\t\t\t<\/div>\n\t\t\t\t<\/div>\n\t\t\t\t\t<\/div>\n\t\t\t\t<\/div>\n\t\t\t\t<\/div>\n\t\t","protected":false},"excerpt":{"rendered":"<p>Voltar Projeto La\u00e7os Eternos Cuidado e Apoio \u00e0 Gestante O La\u00e7os Eternos \u00e9 um dos programas mais sens\u00edveis e transformadores da institui\u00e7\u00e3o. Voltado ao apoio de m\u00e3es gestantes, o projeto oferece orienta\u00e7\u00e3o, acolhimento emocional e pr\u00e1ticas humanizadas de prepara\u00e7\u00e3o para a maternidade. \u00a0 Objetivos Promover bem-estar f\u00edsico e emocional da gestante Fortalecer v\u00ednculos com o beb\u00ea e com a fam\u00edlia Apoiar m\u00e3es em situa\u00e7\u00e3o de vulnerabilidade Realizar orienta\u00e7\u00f5es sobre pr\u00e9-natal humanizado Criar um espa\u00e7o seguro para troca de experi\u00eancias \u00a0 Atividades Roda de gestantes e encontros semanais Acompanhamento psicossocial Palestras, viv\u00eancias e workshops Enxoval solid\u00e1rio e apoio material quando necess\u00e1rio Fortalecimento de v\u00ednculos familiares<\/p>\n","protected":false},"author":1,"featured_media":0,"parent":17,"menu_order":0,"comment_status":"closed","ping_status":"closed","template":"elementor_header_footer","meta":{"footnotes":""},"class_list":["post-76","page","type-page","status-publish","hentry"],"yoast_head":"<!-- This site is optimized with the Yoast SEO plugin v26.7 - https:\/\/yoast.com\/wordpress\/plugins\/seo\/ -->\n<title>Projeto La\u00e7os Eternos - ASSOCIA\u00c7\u00c3O OFICINA ESCOLA PROFESSOR EUR\u00cdPEDES BARSANULFO<\/title>\n<meta name=\"robots\" content=\"index, follow, max-snippet:-1, max-image-preview:large, max-video-preview:-1\" \/>\n<link rel=\"canonical\" href=\"http:\/\/euripedesbarsanulfo.org\/site\/programas-sociais\/projeto-lacos-eternos\/\" \/>\n<meta property=\"og:locale\" content=\"pt_BR\" \/>\n<meta property=\"og:type\" content=\"article\" \/>\n<meta property=\"og:title\" content=\"Projeto La\u00e7os Eternos - ASSOCIA\u00c7\u00c3O OFICINA ESCOLA PROFESSOR EUR\u00cdPEDES BARSANULFO\" \/>\n<meta property=\"og:description\" content=\"Voltar Projeto La\u00e7os Eternos Cuidado e Apoio \u00e0 Gestante O La\u00e7os Eternos \u00e9 um dos programas mais sens\u00edveis e transformadores da institui\u00e7\u00e3o. Voltado ao apoio de m\u00e3es gestantes, o projeto oferece orienta\u00e7\u00e3o, acolhimento emocional e pr\u00e1ticas humanizadas de prepara\u00e7\u00e3o para a maternidade. \u00a0 Objetivos Promover bem-estar f\u00edsico e emocional da gestante Fortalecer v\u00ednculos com o beb\u00ea e com a fam\u00edlia Apoiar m\u00e3es em situa\u00e7\u00e3o de vulnerabilidade Realizar orienta\u00e7\u00f5es sobre pr\u00e9-natal humanizado Criar um espa\u00e7o seguro para troca de experi\u00eancias \u00a0 Atividades Roda de gestantes e encontros semanais Acompanhamento psicossocial Palestras, viv\u00eancias e workshops Enxoval solid\u00e1rio e apoio material quando necess\u00e1rio Fortalecimento de v\u00ednculos familiares\" \/>\n<meta property=\"og:url\" content=\"http:\/\/euripedesbarsanulfo.org\/site\/programas-sociais\/projeto-lacos-eternos\/\" \/>\n<meta property=\"og:site_name\" content=\"ASSOCIA\u00c7\u00c3O OFICINA ESCOLA PROFESSOR EUR\u00cdPEDES BARSANULFO\" \/>\n<meta property=\"article:modified_time\" content=\"2026-01-20T20:21:28+00:00\" \/>\n<meta property=\"og:image\" content=\"http:\/\/euripedesbarsanulfo.org\/site\/wp-content\/uploads\/2026\/01\/lacos_eternos_a.png\" \/>\n<meta name=\"twitter:card\" content=\"summary_large_image\" \/>\n<meta name=\"twitter:label1\" content=\"Est. tempo de leitura\" \/>\n\t<meta name=\"twitter:data1\" content=\"1 minuto\" \/>\n<script type=\"application\/ld+json\" class=\"yoast-schema-graph\">{\"@context\":\"https:\/\/schema.org\",\"@graph\":[{\"@type\":\"WebPage\",\"@id\":\"http:\/\/euripedesbarsanulfo.org\/site\/programas-sociais\/projeto-lacos-eternos\/\",\"url\":\"http:\/\/euripedesbarsanulfo.org\/site\/programas-sociais\/projeto-lacos-eternos\/\",\"name\":\"Projeto La\u00e7os Eternos - ASSOCIA\u00c7\u00c3O OFICINA ESCOLA PROFESSOR EUR\u00cdPEDES BARSANULFO\",\"isPartOf\":{\"@id\":\"http:\/\/euripedesbarsanulfo.org\/site\/#website\"},\"primaryImageOfPage\":{\"@id\":\"http:\/\/euripedesbarsanulfo.org\/site\/programas-sociais\/projeto-lacos-eternos\/#primaryimage\"},\"image\":{\"@id\":\"http:\/\/euripedesbarsanulfo.org\/site\/programas-sociais\/projeto-lacos-eternos\/#primaryimage\"},\"thumbnailUrl\":\"http:\/\/euripedesbarsanulfo.org\/site\/wp-content\/uploads\/2026\/01\/lacos_eternos_a.png\",\"datePublished\":\"2026-01-12T18:38:14+00:00\",\"dateModified\":\"2026-01-20T20:21:28+00:00\",\"breadcrumb\":{\"@id\":\"http:\/\/euripedesbarsanulfo.org\/site\/programas-sociais\/projeto-lacos-eternos\/#breadcrumb\"},\"inLanguage\":\"pt-BR\",\"potentialAction\":[{\"@type\":\"ReadAction\",\"target\":[\"http:\/\/euripedesbarsanulfo.org\/site\/programas-sociais\/projeto-lacos-eternos\/\"]}]},{\"@type\":\"ImageObject\",\"inLanguage\":\"pt-BR\",\"@id\":\"http:\/\/euripedesbarsanulfo.org\/site\/programas-sociais\/projeto-lacos-eternos\/#primaryimage\",\"url\":\"https:\/\/euripedesbarsanulfo.org\/site\/wp-content\/uploads\/2026\/01\/lacos_eternos_a.png\",\"contentUrl\":\"https:\/\/euripedesbarsanulfo.org\/site\/wp-content\/uploads\/2026\/01\/lacos_eternos_a.png\",\"width\":500,\"height\":350},{\"@type\":\"BreadcrumbList\",\"@id\":\"http:\/\/euripedesbarsanulfo.org\/site\/programas-sociais\/projeto-lacos-eternos\/#breadcrumb\",\"itemListElement\":[{\"@type\":\"ListItem\",\"position\":1,\"name\":\"In\u00edcio\",\"item\":\"http:\/\/euripedesbarsanulfo.org\/site\/\"},{\"@type\":\"ListItem\",\"position\":2,\"name\":\"Programas Sociais\",\"item\":\"http:\/\/euripedesbarsanulfo.org\/site\/programas-sociais\/\"},{\"@type\":\"ListItem\",\"position\":3,\"name\":\"Projeto La\u00e7os Eternos\"}]},{\"@type\":\"WebSite\",\"@id\":\"http:\/\/euripedesbarsanulfo.org\/site\/#website\",\"url\":\"http:\/\/euripedesbarsanulfo.org\/site\/\",\"name\":\"ASSOCIA\u00c7\u00c3O OFICINA ESCOLA PROFESSOR EUR\u00cdPEDES BARSANULFO\",\"description\":\"\",\"publisher\":{\"@id\":\"http:\/\/euripedesbarsanulfo.org\/site\/#organization\"},\"potentialAction\":[{\"@type\":\"SearchAction\",\"target\":{\"@type\":\"EntryPoint\",\"urlTemplate\":\"http:\/\/euripedesbarsanulfo.org\/site\/?s={search_term_string}\"},\"query-input\":{\"@type\":\"PropertyValueSpecification\",\"valueRequired\":true,\"valueName\":\"search_term_string\"}}],\"inLanguage\":\"pt-BR\"},{\"@type\":\"Organization\",\"@id\":\"http:\/\/euripedesbarsanulfo.org\/site\/#organization\",\"name\":\"ASSOCIA\u00c7\u00c3O OFICINA ESCOLA PROFESSOR EUR\u00cdPEDES BARSANULFO\",\"url\":\"http:\/\/euripedesbarsanulfo.org\/site\/\",\"logo\":{\"@type\":\"ImageObject\",\"inLanguage\":\"pt-BR\",\"@id\":\"http:\/\/euripedesbarsanulfo.org\/site\/#\/schema\/logo\/image\/\",\"url\":\"https:\/\/euripedesbarsanulfo.org\/site\/wp-content\/uploads\/2026\/01\/logotipo_euripedes.png\",\"contentUrl\":\"https:\/\/euripedesbarsanulfo.org\/site\/wp-content\/uploads\/2026\/01\/logotipo_euripedes.png\",\"width\":380,\"height\":150,\"caption\":\"ASSOCIA\u00c7\u00c3O OFICINA ESCOLA PROFESSOR EUR\u00cdPEDES BARSANULFO\"},\"image\":{\"@id\":\"http:\/\/euripedesbarsanulfo.org\/site\/#\/schema\/logo\/image\/\"}}]}<\/script>\n<!-- \/ Yoast SEO plugin. -->","yoast_head_json":{"title":"Projeto La\u00e7os Eternos - ASSOCIA\u00c7\u00c3O OFICINA ESCOLA PROFESSOR EUR\u00cdPEDES BARSANULFO","robots":{"index":"index","follow":"follow","max-snippet":"max-snippet:-1","max-image-preview":"max-image-preview:large","max-video-preview":"max-video-preview:-1"},"canonical":"http:\/\/euripedesbarsanulfo.org\/site\/programas-sociais\/projeto-lacos-eternos\/","og_locale":"pt_BR","og_type":"article","og_title":"Projeto La\u00e7os Eternos - ASSOCIA\u00c7\u00c3O OFICINA ESCOLA PROFESSOR EUR\u00cdPEDES BARSANULFO","og_description":"Voltar Projeto La\u00e7os Eternos Cuidado e Apoio \u00e0 Gestante O La\u00e7os Eternos \u00e9 um dos programas mais sens\u00edveis e transformadores da institui\u00e7\u00e3o. Voltado ao apoio de m\u00e3es gestantes, o projeto oferece orienta\u00e7\u00e3o, acolhimento emocional e pr\u00e1ticas humanizadas de prepara\u00e7\u00e3o para a maternidade. \u00a0 Objetivos Promover bem-estar f\u00edsico e emocional da gestante Fortalecer v\u00ednculos com o beb\u00ea e com a fam\u00edlia Apoiar m\u00e3es em situa\u00e7\u00e3o de vulnerabilidade Realizar orienta\u00e7\u00f5es sobre pr\u00e9-natal humanizado Criar um espa\u00e7o seguro para troca de experi\u00eancias \u00a0 Atividades Roda de gestantes e encontros semanais Acompanhamento psicossocial Palestras, viv\u00eancias e workshops Enxoval solid\u00e1rio e apoio material quando necess\u00e1rio Fortalecimento de v\u00ednculos familiares","og_url":"http:\/\/euripedesbarsanulfo.org\/site\/programas-sociais\/projeto-lacos-eternos\/","og_site_name":"ASSOCIA\u00c7\u00c3O OFICINA ESCOLA PROFESSOR EUR\u00cdPEDES BARSANULFO","article_modified_time":"2026-01-20T20:21:28+00:00","og_image":[{"url":"http:\/\/euripedesbarsanulfo.org\/site\/wp-content\/uploads\/2026\/01\/lacos_eternos_a.png","type":"","width":"","height":""}],"twitter_card":"summary_large_image","twitter_misc":{"Est. tempo de leitura":"1 minuto"},"schema":{"@context":"https:\/\/schema.org","@graph":[{"@type":"WebPage","@id":"http:\/\/euripedesbarsanulfo.org\/site\/programas-sociais\/projeto-lacos-eternos\/","url":"http:\/\/euripedesbarsanulfo.org\/site\/programas-sociais\/projeto-lacos-eternos\/","name":"Projeto La\u00e7os Eternos - ASSOCIA\u00c7\u00c3O OFICINA ESCOLA PROFESSOR EUR\u00cdPEDES BARSANULFO","isPartOf":{"@id":"http:\/\/euripedesbarsanulfo.org\/site\/#website"},"primaryImageOfPage":{"@id":"http:\/\/euripedesbarsanulfo.org\/site\/programas-sociais\/projeto-lacos-eternos\/#primaryimage"},"image":{"@id":"http:\/\/euripedesbarsanulfo.org\/site\/programas-sociais\/projeto-lacos-eternos\/#primaryimage"},"thumbnailUrl":"http:\/\/euripedesbarsanulfo.org\/site\/wp-content\/uploads\/2026\/01\/lacos_eternos_a.png","datePublished":"2026-01-12T18:38:14+00:00","dateModified":"2026-01-20T20:21:28+00:00","breadcrumb":{"@id":"http:\/\/euripedesbarsanulfo.org\/site\/programas-sociais\/projeto-lacos-eternos\/#breadcrumb"},"inLanguage":"pt-BR","potentialAction":[{"@type":"ReadAction","target":["http:\/\/euripedesbarsanulfo.org\/site\/programas-sociais\/projeto-lacos-eternos\/"]}]},{"@type":"ImageObject","inLanguage":"pt-BR","@id":"http:\/\/euripedesbarsanulfo.org\/site\/programas-sociais\/projeto-lacos-eternos\/#primaryimage","url":"https:\/\/euripedesbarsanulfo.org\/site\/wp-content\/uploads\/2026\/01\/lacos_eternos_a.png","contentUrl":"https:\/\/euripedesbarsanulfo.org\/site\/wp-content\/uploads\/2026\/01\/lacos_eternos_a.png","width":500,"height":350},{"@type":"BreadcrumbList","@id":"http:\/\/euripedesbarsanulfo.org\/site\/programas-sociais\/projeto-lacos-eternos\/#breadcrumb","itemListElement":[{"@type":"ListItem","position":1,"name":"In\u00edcio","item":"http:\/\/euripedesbarsanulfo.org\/site\/"},{"@type":"ListItem","position":2,"name":"Programas Sociais","item":"http:\/\/euripedesbarsanulfo.org\/site\/programas-sociais\/"},{"@type":"ListItem","position":3,"name":"Projeto La\u00e7os Eternos"}]},{"@type":"WebSite","@id":"http:\/\/euripedesbarsanulfo.org\/site\/#website","url":"http:\/\/euripedesbarsanulfo.org\/site\/","name":"ASSOCIA\u00c7\u00c3O OFICINA ESCOLA PROFESSOR EUR\u00cdPEDES BARSANULFO","description":"","publisher":{"@id":"http:\/\/euripedesbarsanulfo.org\/site\/#organization"},"potentialAction":[{"@type":"SearchAction","target":{"@type":"EntryPoint","urlTemplate":"http:\/\/euripedesbarsanulfo.org\/site\/?s={search_term_string}"},"query-input":{"@type":"PropertyValueSpecification","valueRequired":true,"valueName":"search_term_string"}}],"inLanguage":"pt-BR"},{"@type":"Organization","@id":"http:\/\/euripedesbarsanulfo.org\/site\/#organization","name":"ASSOCIA\u00c7\u00c3O OFICINA ESCOLA PROFESSOR EUR\u00cdPEDES BARSANULFO","url":"http:\/\/euripedesbarsanulfo.org\/site\/","logo":{"@type":"ImageObject","inLanguage":"pt-BR","@id":"http:\/\/euripedesbarsanulfo.org\/site\/#\/schema\/logo\/image\/","url":"https:\/\/euripedesbarsanulfo.org\/site\/wp-content\/uploads\/2026\/01\/logotipo_euripedes.png","contentUrl":"https:\/\/euripedesbarsanulfo.org\/site\/wp-content\/uploads\/2026\/01\/logotipo_euripedes.png","width":380,"height":150,"caption":"ASSOCIA\u00c7\u00c3O OFICINA ESCOLA PROFESSOR EUR\u00cdPEDES BARSANULFO"},"image":{"@id":"http:\/\/euripedesbarsanulfo.org\/site\/#\/schema\/logo\/image\/"}}]}},"_links":{"self":[{"href":"https:\/\/euripedesbarsanulfo.org\/site\/wp-json\/wp\/v2\/pages\/76","targetHints":{"allow":["GET"]}}],"collection":[{"href":"https:\/\/euripedesbarsanulfo.org\/site\/wp-json\/wp\/v2\/pages"}],"about":[{"href":"https:\/\/euripedesbarsanulfo.org\/site\/wp-json\/wp\/v2\/types\/page"}],"author":[{"embeddable":true,"href":"https:\/\/euripedesbarsanulfo.org\/site\/wp-json\/wp\/v2\/users\/1"}],"replies":[{"embeddable":true,"href":"https:\/\/euripedesbarsanulfo.org\/site\/wp-json\/wp\/v2\/comments?post=76"}],"version-history":[{"count":13,"href":"https:\/\/euripedesbarsanulfo.org\/site\/wp-json\/wp\/v2\/pages\/76\/revisions"}],"predecessor-version":[{"id":978,"href":"https:\/\/euripedesbarsanulfo.org\/site\/wp-json\/wp\/v2\/pages\/76\/revisions\/978"}],"up":[{"embeddable":true,"href":"https:\/\/euripedesbarsanulfo.org\/site\/wp-json\/wp\/v2\/pages\/17"}],"wp:attachment":[{"href":"https:\/\/euripedesbarsanulfo.org\/site\/wp-json\/wp\/v2\/media?parent=76"}],"curies":[{"name":"wp","href":"https:\/\/api.w.org\/{rel}","templated":true}]}}