{"id":72,"date":"2026-01-12T18:37:39","date_gmt":"2026-01-12T18:37:39","guid":{"rendered":"https:\/\/euripedesbarsanulfo.org\/site\/?page_id=72"},"modified":"2026-01-20T19:21:59","modified_gmt":"2026-01-20T19:21:59","slug":"projeto-alvo-no-futuro","status":"publish","type":"page","link":"https:\/\/euripedesbarsanulfo.org\/site\/programas-sociais\/projeto-alvo-no-futuro\/","title":{"rendered":"Projeto Alvo no Futuro"},"content":{"rendered":"\t\t<div data-elementor-type=\"wp-page\" data-elementor-id=\"72\" class=\"elementor elementor-72\" data-elementor-settings=\"{&quot;ha_cmc_init_switcher&quot;:&quot;no&quot;}\">\n\t\t\t\t<div class=\"elementor-element elementor-element-57f506e e-flex e-con-boxed wpr-particle-no wpr-jarallax-no wpr-parallax-no wpr-sticky-section-no e-con e-parent\" data-id=\"57f506e\" data-element_type=\"container\" data-settings=\"{&quot;_ha_eqh_enable&quot;:false}\">\n\t\t\t\t\t<div class=\"e-con-inner\">\n\t\t<div class=\"elementor-element elementor-element-89b70b0 e-con-full e-flex wpr-particle-no wpr-jarallax-no wpr-parallax-no wpr-sticky-section-no e-con e-child\" data-id=\"89b70b0\" data-element_type=\"container\" data-settings=\"{&quot;_ha_eqh_enable&quot;:false}\">\n\t\t\t\t<div class=\"elementor-element elementor-element-f0e8fe5 elementor-widget__width-inherit elementor-widget elementor-widget-shortcode\" data-id=\"f0e8fe5\" data-element_type=\"widget\" data-widget_type=\"shortcode.default\">\n\t\t\t\t\t\t\t<div class=\"elementor-shortcode\"><span><span><a href=\"http:\/\/euripedesbarsanulfo.org\/site\/\">In\u00edcio<\/a><\/span><\/span><\/div>\n\t\t\t\t\t\t<\/div>\n\t\t\t\t<div class=\"elementor-element elementor-element-1c64b0c elementor-widget elementor-widget-button\" data-id=\"1c64b0c\" data-element_type=\"widget\" data-widget_type=\"button.default\">\n\t\t\t\t\t\t\t\t\t\t<a class=\"elementor-button elementor-button-link elementor-size-sm\" href=\"https:\/\/euripedesbarsanulfo.org\/site\/programas-sociais\/\">\n\t\t\t\t\t\t<span class=\"elementor-button-content-wrapper\">\n\t\t\t\t\t\t<span class=\"elementor-button-icon\">\n\t\t\t\t<svg aria-hidden=\"true\" class=\"e-font-icon-svg e-fas-arrow-alt-circle-left\" viewBox=\"0 0 512 512\" xmlns=\"http:\/\/www.w3.org\/2000\/svg\"><path d=\"M256 504C119 504 8 393 8 256S119 8 256 8s248 111 248 248-111 248-248 248zm116-292H256v-70.9c0-10.7-13-16.1-20.5-8.5L121.2 247.5c-4.7 4.7-4.7 12.2 0 16.9l114.3 114.9c7.6 7.6 20.5 2.2 20.5-8.5V300h116c6.6 0 12-5.4 12-12v-64c0-6.6-5.4-12-12-12z\"><\/path><\/svg>\t\t\t<\/span>\n\t\t\t\t\t\t\t\t\t<span class=\"elementor-button-text\">Voltar<\/span>\n\t\t\t\t\t<\/span>\n\t\t\t\t\t<\/a>\n\t\t\t\t\t\t\t\t<\/div>\n\t\t\t\t<\/div>\n\t\t<div class=\"elementor-element elementor-element-928f7ef e-con-full e-flex wpr-particle-no wpr-jarallax-no wpr-parallax-no wpr-sticky-section-no e-con e-child\" data-id=\"928f7ef\" data-element_type=\"container\" data-settings=\"{&quot;_ha_eqh_enable&quot;:false}\">\n\t\t\t\t<div class=\"elementor-element elementor-element-a4b6405 elementor-widget__width-initial elementor-widget elementor-widget-heading\" data-id=\"a4b6405\" data-element_type=\"widget\" data-widget_type=\"heading.default\">\n\t\t\t\t\t<h2 class=\"elementor-heading-title elementor-size-default\">Projeto Alvo no Futuro<\/h2>\t\t\t\t<\/div>\n\t\t\t\t<\/div>\n\t\t\t\t\t<\/div>\n\t\t\t\t<\/div>\n\t\t<div class=\"elementor-element elementor-element-9387574 e-flex e-con-boxed wpr-particle-no wpr-jarallax-no wpr-parallax-no wpr-sticky-section-no e-con e-parent\" data-id=\"9387574\" data-element_type=\"container\" data-settings=\"{&quot;_ha_eqh_enable&quot;:false}\">\n\t\t\t\t\t<div class=\"e-con-inner\">\n\t\t<div class=\"elementor-element elementor-element-1a206a9 e-con-full e-flex wpr-particle-no wpr-jarallax-no wpr-parallax-no wpr-sticky-section-no e-con e-child\" data-id=\"1a206a9\" data-element_type=\"container\" data-settings=\"{&quot;_ha_eqh_enable&quot;:false}\">\n\t\t\t\t<div class=\"elementor-element elementor-element-d0e8a90 elementor-widget__width-initial elementor-widget-mobile__width-initial elementor-widget elementor-widget-text-editor\" data-id=\"d0e8a90\" data-element_type=\"widget\" data-widget_type=\"text-editor.default\">\n\t\t\t\t\t\t\t\t\t<p>O <strong>Alvo no Futuro<\/strong> \u00e9 um programa de contra turno escolar que amplia repert\u00f3rios, desenvolve habilidades e prepara crian\u00e7as e adolescentes para os desafios do presente e do futuro.<\/p><p>\u00a0<\/p><p><strong>Objetivos<\/strong><\/p><ul><li>Oferecer viv\u00eancias educativas diversificadas<\/li><li>Estimular a criatividade e o protagonismo juvenil<\/li><li>Complementar a jornada escolar com atividades pr\u00e1ticas<\/li><li>Desenvolver compet\u00eancias socioemocionais e cognitivas<\/li><\/ul><p>\u00a0<\/p><p><strong>Atividades Oferecidas<\/strong><\/p><ul><li><strong>Rob\u00f3tica<\/strong> \u2014 pensamento l\u00f3gico, resolu\u00e7\u00e3o de problemas<\/li><li><strong>Inform\u00e1tica<\/strong> \u2014 inclus\u00e3o digital e habilidades tecnol\u00f3gicas<\/li><li><strong>Artes<\/strong> \u2014 express\u00e3o criativa e sensibilidade est\u00e9tica<\/li><li><strong>M\u00fasica<\/strong> \u2014 ritmo, coordena\u00e7\u00e3o, disciplina e cultura<\/li><li><strong>Xadrez<\/strong> \u2014 foco, estrat\u00e9gia e capacidade anal\u00edtica<\/li><li><strong>Teatro<\/strong> \u2014 comunica\u00e7\u00e3o, express\u00e3o e trabalho em grupo<\/li><li><strong>Yoga<\/strong> \u2014 equil\u00edbrio f\u00edsico e emocional<\/li><li><strong>Ingl\u00eas<\/strong> \u2014 amplia\u00e7\u00e3o cultural e base para o futuro<\/li><li><strong>Gin\u00e1stica R\u00edtmica<\/strong> \u2014 coordena\u00e7\u00e3o, postura e disciplina<\/li><\/ul><p>\u00a0<\/p><p>Todas as atividades s\u00e3o conduzidas por educadores especializados e apoiadas por infraestrutura adequada.<\/p>\t\t\t\t\t\t\t\t<\/div>\n\t\t<div class=\"elementor-element elementor-element-a1fbde9 e-grid e-con-full wpr-particle-no wpr-jarallax-no wpr-parallax-no wpr-sticky-section-no e-con e-child\" data-id=\"a1fbde9\" data-element_type=\"container\" data-settings=\"{&quot;_ha_eqh_enable&quot;:false}\">\n\t\t\t\t<div class=\"elementor-element elementor-element-81dadde elementor-widget elementor-widget-image\" data-id=\"81dadde\" data-element_type=\"widget\" data-widget_type=\"image.default\">\n\t\t\t\t\t\t\t\t\t\t\t\t\t\t\t<img fetchpriority=\"high\" decoding=\"async\" width=\"500\" height=\"350\" src=\"https:\/\/euripedesbarsanulfo.org\/site\/wp-content\/uploads\/2026\/01\/alvo_no_futuro_b.png\" class=\"attachment-large size-large wp-image-953\" alt=\"\" srcset=\"https:\/\/euripedesbarsanulfo.org\/site\/wp-content\/uploads\/2026\/01\/alvo_no_futuro_b.png 500w, https:\/\/euripedesbarsanulfo.org\/site\/wp-content\/uploads\/2026\/01\/alvo_no_futuro_b-300x210.png 300w\" sizes=\"(max-width: 500px) 100vw, 500px\" \/>\t\t\t\t\t\t\t\t\t\t\t\t\t\t\t<\/div>\n\t\t\t\t<div class=\"elementor-element elementor-element-d6f77de elementor-widget elementor-widget-image\" data-id=\"d6f77de\" data-element_type=\"widget\" data-widget_type=\"image.default\">\n\t\t\t\t\t\t\t\t\t\t\t\t\t\t\t<img decoding=\"async\" width=\"500\" height=\"350\" data-src=\"https:\/\/euripedesbarsanulfo.org\/site\/wp-content\/uploads\/2026\/01\/alvo_no_futuro_a.png\" class=\"attachment-large size-large wp-image-954 lazyload\" alt=\"\" data-srcset=\"https:\/\/euripedesbarsanulfo.org\/site\/wp-content\/uploads\/2026\/01\/alvo_no_futuro_a.png 500w, https:\/\/euripedesbarsanulfo.org\/site\/wp-content\/uploads\/2026\/01\/alvo_no_futuro_a-300x210.png 300w\" data-sizes=\"(max-width: 500px) 100vw, 500px\" src=\"data:image\/svg+xml;base64,PHN2ZyB3aWR0aD0iMSIgaGVpZ2h0PSIxIiB4bWxucz0iaHR0cDovL3d3dy53My5vcmcvMjAwMC9zdmciPjwvc3ZnPg==\" style=\"--smush-placeholder-width: 500px; --smush-placeholder-aspect-ratio: 500\/350;\" \/>\t\t\t\t\t\t\t\t\t\t\t\t\t\t\t<\/div>\n\t\t\t\t<\/div>\n\t\t\t\t<\/div>\n\t\t\t\t\t<\/div>\n\t\t\t\t<\/div>\n\t\t\t\t<\/div>\n\t\t","protected":false},"excerpt":{"rendered":"<p>Voltar Projeto Alvo no Futuro O Alvo no Futuro \u00e9 um programa de contra turno escolar que amplia repert\u00f3rios, desenvolve habilidades e prepara crian\u00e7as e adolescentes para os desafios do presente e do futuro. \u00a0 Objetivos Oferecer viv\u00eancias educativas diversificadas Estimular a criatividade e o protagonismo juvenil Complementar a jornada escolar com atividades pr\u00e1ticas Desenvolver compet\u00eancias socioemocionais e cognitivas \u00a0 Atividades Oferecidas Rob\u00f3tica \u2014 pensamento l\u00f3gico, resolu\u00e7\u00e3o de problemas Inform\u00e1tica \u2014 inclus\u00e3o digital e habilidades tecnol\u00f3gicas Artes \u2014 express\u00e3o criativa e sensibilidade est\u00e9tica M\u00fasica \u2014 ritmo, coordena\u00e7\u00e3o, disciplina e cultura Xadrez \u2014 foco, estrat\u00e9gia e capacidade anal\u00edtica Teatro \u2014 comunica\u00e7\u00e3o, express\u00e3o e trabalho em grupo Yoga \u2014 equil\u00edbrio f\u00edsico e emocional Ingl\u00eas \u2014 amplia\u00e7\u00e3o cultural e base para o futuro Gin\u00e1stica R\u00edtmica \u2014 coordena\u00e7\u00e3o, postura e disciplina \u00a0 Todas as atividades s\u00e3o conduzidas por educadores especializados e apoiadas por infraestrutura adequada.<\/p>\n","protected":false},"author":1,"featured_media":0,"parent":17,"menu_order":0,"comment_status":"closed","ping_status":"closed","template":"elementor_header_footer","meta":{"footnotes":""},"class_list":["post-72","page","type-page","status-publish","hentry"],"yoast_head":"<!-- This site is optimized with the Yoast SEO plugin v26.7 - https:\/\/yoast.com\/wordpress\/plugins\/seo\/ -->\n<title>Projeto Alvo no Futuro - ASSOCIA\u00c7\u00c3O OFICINA ESCOLA PROFESSOR EUR\u00cdPEDES BARSANULFO<\/title>\n<meta name=\"robots\" content=\"index, follow, max-snippet:-1, max-image-preview:large, max-video-preview:-1\" \/>\n<link rel=\"canonical\" href=\"http:\/\/euripedesbarsanulfo.org\/site\/programas-sociais\/projeto-alvo-no-futuro\/\" \/>\n<meta property=\"og:locale\" content=\"pt_BR\" \/>\n<meta property=\"og:type\" content=\"article\" \/>\n<meta property=\"og:title\" content=\"Projeto Alvo no Futuro - ASSOCIA\u00c7\u00c3O OFICINA ESCOLA PROFESSOR EUR\u00cdPEDES BARSANULFO\" \/>\n<meta property=\"og:description\" content=\"Voltar Projeto Alvo no Futuro O Alvo no Futuro \u00e9 um programa de contra turno escolar que amplia repert\u00f3rios, desenvolve habilidades e prepara crian\u00e7as e adolescentes para os desafios do presente e do futuro. \u00a0 Objetivos Oferecer viv\u00eancias educativas diversificadas Estimular a criatividade e o protagonismo juvenil Complementar a jornada escolar com atividades pr\u00e1ticas Desenvolver compet\u00eancias socioemocionais e cognitivas \u00a0 Atividades Oferecidas Rob\u00f3tica \u2014 pensamento l\u00f3gico, resolu\u00e7\u00e3o de problemas Inform\u00e1tica \u2014 inclus\u00e3o digital e habilidades tecnol\u00f3gicas Artes \u2014 express\u00e3o criativa e sensibilidade est\u00e9tica M\u00fasica \u2014 ritmo, coordena\u00e7\u00e3o, disciplina e cultura Xadrez \u2014 foco, estrat\u00e9gia e capacidade anal\u00edtica Teatro \u2014 comunica\u00e7\u00e3o, express\u00e3o e trabalho em grupo Yoga \u2014 equil\u00edbrio f\u00edsico e emocional Ingl\u00eas \u2014 amplia\u00e7\u00e3o cultural e base para o futuro Gin\u00e1stica R\u00edtmica \u2014 coordena\u00e7\u00e3o, postura e disciplina \u00a0 Todas as atividades s\u00e3o conduzidas por educadores especializados e apoiadas por infraestrutura adequada.\" \/>\n<meta property=\"og:url\" content=\"http:\/\/euripedesbarsanulfo.org\/site\/programas-sociais\/projeto-alvo-no-futuro\/\" \/>\n<meta property=\"og:site_name\" content=\"ASSOCIA\u00c7\u00c3O OFICINA ESCOLA PROFESSOR EUR\u00cdPEDES BARSANULFO\" \/>\n<meta property=\"article:modified_time\" content=\"2026-01-20T19:21:59+00:00\" \/>\n<meta property=\"og:image\" content=\"http:\/\/euripedesbarsanulfo.org\/site\/wp-content\/uploads\/2026\/01\/alvo_no_futuro_b.png\" \/>\n<meta name=\"twitter:card\" content=\"summary_large_image\" \/>\n<meta name=\"twitter:label1\" content=\"Est. tempo de leitura\" \/>\n\t<meta name=\"twitter:data1\" content=\"1 minuto\" \/>\n<script type=\"application\/ld+json\" class=\"yoast-schema-graph\">{\"@context\":\"https:\/\/schema.org\",\"@graph\":[{\"@type\":\"WebPage\",\"@id\":\"http:\/\/euripedesbarsanulfo.org\/site\/programas-sociais\/projeto-alvo-no-futuro\/\",\"url\":\"http:\/\/euripedesbarsanulfo.org\/site\/programas-sociais\/projeto-alvo-no-futuro\/\",\"name\":\"Projeto Alvo no Futuro - ASSOCIA\u00c7\u00c3O OFICINA ESCOLA PROFESSOR EUR\u00cdPEDES BARSANULFO\",\"isPartOf\":{\"@id\":\"http:\/\/euripedesbarsanulfo.org\/site\/#website\"},\"primaryImageOfPage\":{\"@id\":\"http:\/\/euripedesbarsanulfo.org\/site\/programas-sociais\/projeto-alvo-no-futuro\/#primaryimage\"},\"image\":{\"@id\":\"http:\/\/euripedesbarsanulfo.org\/site\/programas-sociais\/projeto-alvo-no-futuro\/#primaryimage\"},\"thumbnailUrl\":\"http:\/\/euripedesbarsanulfo.org\/site\/wp-content\/uploads\/2026\/01\/alvo_no_futuro_b.png\",\"datePublished\":\"2026-01-12T18:37:39+00:00\",\"dateModified\":\"2026-01-20T19:21:59+00:00\",\"breadcrumb\":{\"@id\":\"http:\/\/euripedesbarsanulfo.org\/site\/programas-sociais\/projeto-alvo-no-futuro\/#breadcrumb\"},\"inLanguage\":\"pt-BR\",\"potentialAction\":[{\"@type\":\"ReadAction\",\"target\":[\"http:\/\/euripedesbarsanulfo.org\/site\/programas-sociais\/projeto-alvo-no-futuro\/\"]}]},{\"@type\":\"ImageObject\",\"inLanguage\":\"pt-BR\",\"@id\":\"http:\/\/euripedesbarsanulfo.org\/site\/programas-sociais\/projeto-alvo-no-futuro\/#primaryimage\",\"url\":\"https:\/\/euripedesbarsanulfo.org\/site\/wp-content\/uploads\/2026\/01\/alvo_no_futuro_b.png\",\"contentUrl\":\"https:\/\/euripedesbarsanulfo.org\/site\/wp-content\/uploads\/2026\/01\/alvo_no_futuro_b.png\",\"width\":500,\"height\":350},{\"@type\":\"BreadcrumbList\",\"@id\":\"http:\/\/euripedesbarsanulfo.org\/site\/programas-sociais\/projeto-alvo-no-futuro\/#breadcrumb\",\"itemListElement\":[{\"@type\":\"ListItem\",\"position\":1,\"name\":\"In\u00edcio\",\"item\":\"http:\/\/euripedesbarsanulfo.org\/site\/\"},{\"@type\":\"ListItem\",\"position\":2,\"name\":\"Programas Sociais\",\"item\":\"http:\/\/euripedesbarsanulfo.org\/site\/programas-sociais\/\"},{\"@type\":\"ListItem\",\"position\":3,\"name\":\"Projeto Alvo no Futuro\"}]},{\"@type\":\"WebSite\",\"@id\":\"http:\/\/euripedesbarsanulfo.org\/site\/#website\",\"url\":\"http:\/\/euripedesbarsanulfo.org\/site\/\",\"name\":\"ASSOCIA\u00c7\u00c3O OFICINA ESCOLA PROFESSOR EUR\u00cdPEDES BARSANULFO\",\"description\":\"\",\"publisher\":{\"@id\":\"http:\/\/euripedesbarsanulfo.org\/site\/#organization\"},\"potentialAction\":[{\"@type\":\"SearchAction\",\"target\":{\"@type\":\"EntryPoint\",\"urlTemplate\":\"http:\/\/euripedesbarsanulfo.org\/site\/?s={search_term_string}\"},\"query-input\":{\"@type\":\"PropertyValueSpecification\",\"valueRequired\":true,\"valueName\":\"search_term_string\"}}],\"inLanguage\":\"pt-BR\"},{\"@type\":\"Organization\",\"@id\":\"http:\/\/euripedesbarsanulfo.org\/site\/#organization\",\"name\":\"ASSOCIA\u00c7\u00c3O OFICINA ESCOLA PROFESSOR EUR\u00cdPEDES BARSANULFO\",\"url\":\"http:\/\/euripedesbarsanulfo.org\/site\/\",\"logo\":{\"@type\":\"ImageObject\",\"inLanguage\":\"pt-BR\",\"@id\":\"http:\/\/euripedesbarsanulfo.org\/site\/#\/schema\/logo\/image\/\",\"url\":\"https:\/\/euripedesbarsanulfo.org\/site\/wp-content\/uploads\/2026\/01\/logotipo_euripedes.png\",\"contentUrl\":\"https:\/\/euripedesbarsanulfo.org\/site\/wp-content\/uploads\/2026\/01\/logotipo_euripedes.png\",\"width\":380,\"height\":150,\"caption\":\"ASSOCIA\u00c7\u00c3O OFICINA ESCOLA PROFESSOR EUR\u00cdPEDES BARSANULFO\"},\"image\":{\"@id\":\"http:\/\/euripedesbarsanulfo.org\/site\/#\/schema\/logo\/image\/\"}}]}<\/script>\n<!-- \/ Yoast SEO plugin. -->","yoast_head_json":{"title":"Projeto Alvo no Futuro - ASSOCIA\u00c7\u00c3O OFICINA ESCOLA PROFESSOR EUR\u00cdPEDES BARSANULFO","robots":{"index":"index","follow":"follow","max-snippet":"max-snippet:-1","max-image-preview":"max-image-preview:large","max-video-preview":"max-video-preview:-1"},"canonical":"http:\/\/euripedesbarsanulfo.org\/site\/programas-sociais\/projeto-alvo-no-futuro\/","og_locale":"pt_BR","og_type":"article","og_title":"Projeto Alvo no Futuro - ASSOCIA\u00c7\u00c3O OFICINA ESCOLA PROFESSOR EUR\u00cdPEDES BARSANULFO","og_description":"Voltar Projeto Alvo no Futuro O Alvo no Futuro \u00e9 um programa de contra turno escolar que amplia repert\u00f3rios, desenvolve habilidades e prepara crian\u00e7as e adolescentes para os desafios do presente e do futuro. \u00a0 Objetivos Oferecer viv\u00eancias educativas diversificadas Estimular a criatividade e o protagonismo juvenil Complementar a jornada escolar com atividades pr\u00e1ticas Desenvolver compet\u00eancias socioemocionais e cognitivas \u00a0 Atividades Oferecidas Rob\u00f3tica \u2014 pensamento l\u00f3gico, resolu\u00e7\u00e3o de problemas Inform\u00e1tica \u2014 inclus\u00e3o digital e habilidades tecnol\u00f3gicas Artes \u2014 express\u00e3o criativa e sensibilidade est\u00e9tica M\u00fasica \u2014 ritmo, coordena\u00e7\u00e3o, disciplina e cultura Xadrez \u2014 foco, estrat\u00e9gia e capacidade anal\u00edtica Teatro \u2014 comunica\u00e7\u00e3o, express\u00e3o e trabalho em grupo Yoga \u2014 equil\u00edbrio f\u00edsico e emocional Ingl\u00eas \u2014 amplia\u00e7\u00e3o cultural e base para o futuro Gin\u00e1stica R\u00edtmica \u2014 coordena\u00e7\u00e3o, postura e disciplina \u00a0 Todas as atividades s\u00e3o conduzidas por educadores especializados e apoiadas por infraestrutura adequada.","og_url":"http:\/\/euripedesbarsanulfo.org\/site\/programas-sociais\/projeto-alvo-no-futuro\/","og_site_name":"ASSOCIA\u00c7\u00c3O OFICINA ESCOLA PROFESSOR EUR\u00cdPEDES BARSANULFO","article_modified_time":"2026-01-20T19:21:59+00:00","og_image":[{"url":"http:\/\/euripedesbarsanulfo.org\/site\/wp-content\/uploads\/2026\/01\/alvo_no_futuro_b.png","type":"","width":"","height":""}],"twitter_card":"summary_large_image","twitter_misc":{"Est. tempo de leitura":"1 minuto"},"schema":{"@context":"https:\/\/schema.org","@graph":[{"@type":"WebPage","@id":"http:\/\/euripedesbarsanulfo.org\/site\/programas-sociais\/projeto-alvo-no-futuro\/","url":"http:\/\/euripedesbarsanulfo.org\/site\/programas-sociais\/projeto-alvo-no-futuro\/","name":"Projeto Alvo no Futuro - ASSOCIA\u00c7\u00c3O OFICINA ESCOLA PROFESSOR EUR\u00cdPEDES BARSANULFO","isPartOf":{"@id":"http:\/\/euripedesbarsanulfo.org\/site\/#website"},"primaryImageOfPage":{"@id":"http:\/\/euripedesbarsanulfo.org\/site\/programas-sociais\/projeto-alvo-no-futuro\/#primaryimage"},"image":{"@id":"http:\/\/euripedesbarsanulfo.org\/site\/programas-sociais\/projeto-alvo-no-futuro\/#primaryimage"},"thumbnailUrl":"http:\/\/euripedesbarsanulfo.org\/site\/wp-content\/uploads\/2026\/01\/alvo_no_futuro_b.png","datePublished":"2026-01-12T18:37:39+00:00","dateModified":"2026-01-20T19:21:59+00:00","breadcrumb":{"@id":"http:\/\/euripedesbarsanulfo.org\/site\/programas-sociais\/projeto-alvo-no-futuro\/#breadcrumb"},"inLanguage":"pt-BR","potentialAction":[{"@type":"ReadAction","target":["http:\/\/euripedesbarsanulfo.org\/site\/programas-sociais\/projeto-alvo-no-futuro\/"]}]},{"@type":"ImageObject","inLanguage":"pt-BR","@id":"http:\/\/euripedesbarsanulfo.org\/site\/programas-sociais\/projeto-alvo-no-futuro\/#primaryimage","url":"https:\/\/euripedesbarsanulfo.org\/site\/wp-content\/uploads\/2026\/01\/alvo_no_futuro_b.png","contentUrl":"https:\/\/euripedesbarsanulfo.org\/site\/wp-content\/uploads\/2026\/01\/alvo_no_futuro_b.png","width":500,"height":350},{"@type":"BreadcrumbList","@id":"http:\/\/euripedesbarsanulfo.org\/site\/programas-sociais\/projeto-alvo-no-futuro\/#breadcrumb","itemListElement":[{"@type":"ListItem","position":1,"name":"In\u00edcio","item":"http:\/\/euripedesbarsanulfo.org\/site\/"},{"@type":"ListItem","position":2,"name":"Programas Sociais","item":"http:\/\/euripedesbarsanulfo.org\/site\/programas-sociais\/"},{"@type":"ListItem","position":3,"name":"Projeto Alvo no Futuro"}]},{"@type":"WebSite","@id":"http:\/\/euripedesbarsanulfo.org\/site\/#website","url":"http:\/\/euripedesbarsanulfo.org\/site\/","name":"ASSOCIA\u00c7\u00c3O OFICINA ESCOLA PROFESSOR EUR\u00cdPEDES BARSANULFO","description":"","publisher":{"@id":"http:\/\/euripedesbarsanulfo.org\/site\/#organization"},"potentialAction":[{"@type":"SearchAction","target":{"@type":"EntryPoint","urlTemplate":"http:\/\/euripedesbarsanulfo.org\/site\/?s={search_term_string}"},"query-input":{"@type":"PropertyValueSpecification","valueRequired":true,"valueName":"search_term_string"}}],"inLanguage":"pt-BR"},{"@type":"Organization","@id":"http:\/\/euripedesbarsanulfo.org\/site\/#organization","name":"ASSOCIA\u00c7\u00c3O OFICINA ESCOLA PROFESSOR EUR\u00cdPEDES BARSANULFO","url":"http:\/\/euripedesbarsanulfo.org\/site\/","logo":{"@type":"ImageObject","inLanguage":"pt-BR","@id":"http:\/\/euripedesbarsanulfo.org\/site\/#\/schema\/logo\/image\/","url":"https:\/\/euripedesbarsanulfo.org\/site\/wp-content\/uploads\/2026\/01\/logotipo_euripedes.png","contentUrl":"https:\/\/euripedesbarsanulfo.org\/site\/wp-content\/uploads\/2026\/01\/logotipo_euripedes.png","width":380,"height":150,"caption":"ASSOCIA\u00c7\u00c3O OFICINA ESCOLA PROFESSOR EUR\u00cdPEDES BARSANULFO"},"image":{"@id":"http:\/\/euripedesbarsanulfo.org\/site\/#\/schema\/logo\/image\/"}}]}},"_links":{"self":[{"href":"https:\/\/euripedesbarsanulfo.org\/site\/wp-json\/wp\/v2\/pages\/72","targetHints":{"allow":["GET"]}}],"collection":[{"href":"https:\/\/euripedesbarsanulfo.org\/site\/wp-json\/wp\/v2\/pages"}],"about":[{"href":"https:\/\/euripedesbarsanulfo.org\/site\/wp-json\/wp\/v2\/types\/page"}],"author":[{"embeddable":true,"href":"https:\/\/euripedesbarsanulfo.org\/site\/wp-json\/wp\/v2\/users\/1"}],"replies":[{"embeddable":true,"href":"https:\/\/euripedesbarsanulfo.org\/site\/wp-json\/wp\/v2\/comments?post=72"}],"version-history":[{"count":13,"href":"https:\/\/euripedesbarsanulfo.org\/site\/wp-json\/wp\/v2\/pages\/72\/revisions"}],"predecessor-version":[{"id":957,"href":"https:\/\/euripedesbarsanulfo.org\/site\/wp-json\/wp\/v2\/pages\/72\/revisions\/957"}],"up":[{"embeddable":true,"href":"https:\/\/euripedesbarsanulfo.org\/site\/wp-json\/wp\/v2\/pages\/17"}],"wp:attachment":[{"href":"https:\/\/euripedesbarsanulfo.org\/site\/wp-json\/wp\/v2\/media?parent=72"}],"curies":[{"name":"wp","href":"https:\/\/api.w.org\/{rel}","templated":true}]}}