{"id":70,"date":"2026-01-12T18:37:21","date_gmt":"2026-01-12T18:37:21","guid":{"rendered":"https:\/\/euripedesbarsanulfo.org\/site\/?page_id=70"},"modified":"2026-01-20T19:13:35","modified_gmt":"2026-01-20T19:13:35","slug":"educacao","status":"publish","type":"page","link":"https:\/\/euripedesbarsanulfo.org\/site\/programas-sociais\/educacao\/","title":{"rendered":"Educa\u00e7\u00e3o"},"content":{"rendered":"\t\t<div data-elementor-type=\"wp-page\" data-elementor-id=\"70\" class=\"elementor elementor-70\" data-elementor-settings=\"{&quot;ha_cmc_init_switcher&quot;:&quot;no&quot;}\">\n\t\t\t\t<div class=\"elementor-element elementor-element-e6162c7 e-flex e-con-boxed wpr-particle-no wpr-jarallax-no wpr-parallax-no wpr-sticky-section-no e-con e-parent\" data-id=\"e6162c7\" data-element_type=\"container\" data-settings=\"{&quot;_ha_eqh_enable&quot;:false}\">\n\t\t\t\t\t<div class=\"e-con-inner\">\n\t\t<div class=\"elementor-element elementor-element-463d771 e-con-full e-flex wpr-particle-no wpr-jarallax-no wpr-parallax-no wpr-sticky-section-no e-con e-child\" data-id=\"463d771\" data-element_type=\"container\" data-settings=\"{&quot;_ha_eqh_enable&quot;:false}\">\n\t\t\t\t<div class=\"elementor-element elementor-element-e61f768 elementor-widget__width-inherit elementor-widget elementor-widget-shortcode\" data-id=\"e61f768\" data-element_type=\"widget\" data-widget_type=\"shortcode.default\">\n\t\t\t\t\t\t\t<div class=\"elementor-shortcode\"><span><span><a href=\"http:\/\/euripedesbarsanulfo.org\/site\/\">In\u00edcio<\/a><\/span><\/span><\/div>\n\t\t\t\t\t\t<\/div>\n\t\t\t\t<div class=\"elementor-element elementor-element-e837909 elementor-widget elementor-widget-button\" data-id=\"e837909\" data-element_type=\"widget\" data-widget_type=\"button.default\">\n\t\t\t\t\t\t\t\t\t\t<a class=\"elementor-button elementor-button-link elementor-size-sm\" href=\"https:\/\/euripedesbarsanulfo.org\/site\/programas-sociais\/\">\n\t\t\t\t\t\t<span class=\"elementor-button-content-wrapper\">\n\t\t\t\t\t\t<span class=\"elementor-button-icon\">\n\t\t\t\t<svg aria-hidden=\"true\" class=\"e-font-icon-svg e-fas-arrow-alt-circle-left\" viewBox=\"0 0 512 512\" xmlns=\"http:\/\/www.w3.org\/2000\/svg\"><path d=\"M256 504C119 504 8 393 8 256S119 8 256 8s248 111 248 248-111 248-248 248zm116-292H256v-70.9c0-10.7-13-16.1-20.5-8.5L121.2 247.5c-4.7 4.7-4.7 12.2 0 16.9l114.3 114.9c7.6 7.6 20.5 2.2 20.5-8.5V300h116c6.6 0 12-5.4 12-12v-64c0-6.6-5.4-12-12-12z\"><\/path><\/svg>\t\t\t<\/span>\n\t\t\t\t\t\t\t\t\t<span class=\"elementor-button-text\">Voltar<\/span>\n\t\t\t\t\t<\/span>\n\t\t\t\t\t<\/a>\n\t\t\t\t\t\t\t\t<\/div>\n\t\t\t\t<\/div>\n\t\t<div class=\"elementor-element elementor-element-bfd1a36 e-con-full e-flex wpr-particle-no wpr-jarallax-no wpr-parallax-no wpr-sticky-section-no e-con e-child\" data-id=\"bfd1a36\" data-element_type=\"container\" data-settings=\"{&quot;_ha_eqh_enable&quot;:false}\">\n\t\t\t\t<div class=\"elementor-element elementor-element-2c7a24f elementor-widget__width-initial elementor-widget elementor-widget-heading\" data-id=\"2c7a24f\" data-element_type=\"widget\" data-widget_type=\"heading.default\">\n\t\t\t\t\t<h2 class=\"elementor-heading-title elementor-size-default\">Escola Eur\u00edpedes de Educa\u00e7\u00e3o Infantil e Fundamental<\/h2>\t\t\t\t<\/div>\n\t\t\t\t<\/div>\n\t\t\t\t\t<\/div>\n\t\t\t\t<\/div>\n\t\t<div class=\"elementor-element elementor-element-7bd2b7b e-flex e-con-boxed wpr-particle-no wpr-jarallax-no wpr-parallax-no wpr-sticky-section-no e-con e-parent\" data-id=\"7bd2b7b\" data-element_type=\"container\" data-settings=\"{&quot;_ha_eqh_enable&quot;:false}\">\n\t\t\t\t\t<div class=\"e-con-inner\">\n\t\t<div class=\"elementor-element elementor-element-b56efd6 e-con-full e-flex wpr-particle-no wpr-jarallax-no wpr-parallax-no wpr-sticky-section-no e-con e-child\" data-id=\"b56efd6\" data-element_type=\"container\" data-settings=\"{&quot;_ha_eqh_enable&quot;:false}\">\n\t\t\t\t<div class=\"elementor-element elementor-element-8919e28 elementor-widget__width-initial elementor-widget-mobile__width-initial elementor-widget elementor-widget-text-editor\" data-id=\"8919e28\" data-element_type=\"widget\" data-widget_type=\"text-editor.default\">\n\t\t\t\t\t\t\t\t\t<p>A <strong>Escola de Pedagogia Esp\u00edrita Professor Eur\u00edpedes Barsanulfo<\/strong> promove uma educa\u00e7\u00e3o humanizada, capaz de desenvolver tanto o intelecto quanto os valores morais e emocionais das crian\u00e7as.<br \/>Acreditamos que <strong>a educa\u00e7\u00e3o transforma, liberta e planta sementes que florescem por toda a vida.<\/strong><\/p><p>\u00a0<\/p><p><strong>P\u00fablico Atendido<\/strong><\/p><ul><li><strong>Educa\u00e7\u00e3o Infantil<\/strong> \u2014 crian\u00e7as de 4 e 5 anos, em per\u00edodo integral<\/li><li><strong>Ensino Fundamental I<\/strong> \u2014 crian\u00e7as de 6 a 10 anos, em per\u00edodo parcial<\/li><\/ul><p>\u00a0<\/p><p><strong>Proposta Pedag\u00f3gica<\/strong><\/p><p>A escola segue os princ\u00edpios da <strong>pedagogia esp\u00edrita<\/strong>, valorizando:<\/p><ul><li>o desenvolvimento integral da crian\u00e7a<\/li><li>o aprendizado significativo e afetivo<\/li><li>o respeito ao ritmo individual<\/li><li>a valoriza\u00e7\u00e3o da conviv\u00eancia, \u00e9tica e solidariedade<\/li><\/ul><p>\u00a0<\/p><p>Al\u00e9m da forma\u00e7\u00e3o acad\u00eamica, as crian\u00e7as recebem acolhimento emocional, alimenta\u00e7\u00e3o adequada, atividades complementares e acompanhamento por uma equipe interdisciplinar.<\/p>\t\t\t\t\t\t\t\t<\/div>\n\t\t<div class=\"elementor-element elementor-element-d89703b e-grid e-con-full wpr-particle-no wpr-jarallax-no wpr-parallax-no wpr-sticky-section-no e-con e-child\" data-id=\"d89703b\" data-element_type=\"container\" data-settings=\"{&quot;_ha_eqh_enable&quot;:false}\">\n\t\t\t\t<div class=\"elementor-element elementor-element-ee63e6e elementor-widget elementor-widget-image\" data-id=\"ee63e6e\" data-element_type=\"widget\" data-widget_type=\"image.default\">\n\t\t\t\t\t\t\t\t\t\t\t\t\t\t\t<img fetchpriority=\"high\" decoding=\"async\" width=\"500\" height=\"350\" src=\"http:\/\/euripedesbarsanulfo.org\/site\/wp-content\/uploads\/2026\/01\/escola_euripedes_a.png\" class=\"attachment-large size-large wp-image-946\" alt=\"\" srcset=\"http:\/\/euripedesbarsanulfo.org\/site\/wp-content\/uploads\/2026\/01\/escola_euripedes_a.png 500w, http:\/\/euripedesbarsanulfo.org\/site\/wp-content\/uploads\/2026\/01\/escola_euripedes_a-300x210.png 300w\" sizes=\"(max-width: 500px) 100vw, 500px\" \/>\t\t\t\t\t\t\t\t\t\t\t\t\t\t\t<\/div>\n\t\t\t\t<div class=\"elementor-element elementor-element-ddb79f8 elementor-widget elementor-widget-image\" data-id=\"ddb79f8\" data-element_type=\"widget\" data-widget_type=\"image.default\">\n\t\t\t\t\t\t\t\t\t\t\t\t\t\t\t<img decoding=\"async\" width=\"500\" height=\"350\" data-src=\"http:\/\/euripedesbarsanulfo.org\/site\/wp-content\/uploads\/2026\/01\/escola_euripedes_b.png\" class=\"attachment-large size-large wp-image-945 lazyload\" alt=\"\" data-srcset=\"http:\/\/euripedesbarsanulfo.org\/site\/wp-content\/uploads\/2026\/01\/escola_euripedes_b.png 500w, http:\/\/euripedesbarsanulfo.org\/site\/wp-content\/uploads\/2026\/01\/escola_euripedes_b-300x210.png 300w\" data-sizes=\"(max-width: 500px) 100vw, 500px\" src=\"data:image\/svg+xml;base64,PHN2ZyB3aWR0aD0iMSIgaGVpZ2h0PSIxIiB4bWxucz0iaHR0cDovL3d3dy53My5vcmcvMjAwMC9zdmciPjwvc3ZnPg==\" style=\"--smush-placeholder-width: 500px; --smush-placeholder-aspect-ratio: 500\/350;\" \/>\t\t\t\t\t\t\t\t\t\t\t\t\t\t\t<\/div>\n\t\t\t\t<\/div>\n\t\t\t\t<\/div>\n\t\t\t\t\t<\/div>\n\t\t\t\t<\/div>\n\t\t\t\t<\/div>\n\t\t","protected":false},"excerpt":{"rendered":"<p>Voltar Escola Eur\u00edpedes de Educa\u00e7\u00e3o Infantil e Fundamental A Escola de Pedagogia Esp\u00edrita Professor Eur\u00edpedes Barsanulfo promove uma educa\u00e7\u00e3o humanizada, capaz de desenvolver tanto o intelecto quanto os valores morais e emocionais das crian\u00e7as.Acreditamos que a educa\u00e7\u00e3o transforma, liberta e planta sementes que florescem por toda a vida. \u00a0 P\u00fablico Atendido Educa\u00e7\u00e3o Infantil \u2014 crian\u00e7as de 4 e 5 anos, em per\u00edodo integral Ensino Fundamental I \u2014 crian\u00e7as de 6 a 10 anos, em per\u00edodo parcial \u00a0 Proposta Pedag\u00f3gica A escola segue os princ\u00edpios da pedagogia esp\u00edrita, valorizando: o desenvolvimento integral da crian\u00e7a o aprendizado significativo e afetivo o respeito ao ritmo individual a valoriza\u00e7\u00e3o da conviv\u00eancia, \u00e9tica e solidariedade \u00a0 Al\u00e9m da forma\u00e7\u00e3o acad\u00eamica, as crian\u00e7as recebem acolhimento emocional, alimenta\u00e7\u00e3o adequada, atividades complementares e acompanhamento por uma equipe interdisciplinar.<\/p>\n","protected":false},"author":1,"featured_media":0,"parent":17,"menu_order":0,"comment_status":"closed","ping_status":"closed","template":"elementor_header_footer","meta":{"footnotes":""},"class_list":["post-70","page","type-page","status-publish","hentry"],"yoast_head":"<!-- This site is optimized with the Yoast SEO plugin v26.7 - https:\/\/yoast.com\/wordpress\/plugins\/seo\/ -->\n<title>Educa\u00e7\u00e3o - ASSOCIA\u00c7\u00c3O OFICINA ESCOLA PROFESSOR EUR\u00cdPEDES BARSANULFO<\/title>\n<meta name=\"robots\" content=\"index, follow, max-snippet:-1, max-image-preview:large, max-video-preview:-1\" \/>\n<link rel=\"canonical\" href=\"http:\/\/euripedesbarsanulfo.org\/site\/programas-sociais\/educacao\/\" \/>\n<meta property=\"og:locale\" content=\"pt_BR\" \/>\n<meta property=\"og:type\" content=\"article\" \/>\n<meta property=\"og:title\" content=\"Educa\u00e7\u00e3o - ASSOCIA\u00c7\u00c3O OFICINA ESCOLA PROFESSOR EUR\u00cdPEDES BARSANULFO\" \/>\n<meta property=\"og:description\" content=\"Voltar Escola Eur\u00edpedes de Educa\u00e7\u00e3o Infantil e Fundamental A Escola de Pedagogia Esp\u00edrita Professor Eur\u00edpedes Barsanulfo promove uma educa\u00e7\u00e3o humanizada, capaz de desenvolver tanto o intelecto quanto os valores morais e emocionais das crian\u00e7as.Acreditamos que a educa\u00e7\u00e3o transforma, liberta e planta sementes que florescem por toda a vida. \u00a0 P\u00fablico Atendido Educa\u00e7\u00e3o Infantil \u2014 crian\u00e7as de 4 e 5 anos, em per\u00edodo integral Ensino Fundamental I \u2014 crian\u00e7as de 6 a 10 anos, em per\u00edodo parcial \u00a0 Proposta Pedag\u00f3gica A escola segue os princ\u00edpios da pedagogia esp\u00edrita, valorizando: o desenvolvimento integral da crian\u00e7a o aprendizado significativo e afetivo o respeito ao ritmo individual a valoriza\u00e7\u00e3o da conviv\u00eancia, \u00e9tica e solidariedade \u00a0 Al\u00e9m da forma\u00e7\u00e3o acad\u00eamica, as crian\u00e7as recebem acolhimento emocional, alimenta\u00e7\u00e3o adequada, atividades complementares e acompanhamento por uma equipe interdisciplinar.\" \/>\n<meta property=\"og:url\" content=\"http:\/\/euripedesbarsanulfo.org\/site\/programas-sociais\/educacao\/\" \/>\n<meta property=\"og:site_name\" content=\"ASSOCIA\u00c7\u00c3O OFICINA ESCOLA PROFESSOR EUR\u00cdPEDES BARSANULFO\" \/>\n<meta property=\"article:modified_time\" content=\"2026-01-20T19:13:35+00:00\" \/>\n<meta property=\"og:image\" content=\"http:\/\/euripedesbarsanulfo.org\/site\/wp-content\/uploads\/2026\/01\/escola_euripedes_a.png\" \/>\n<meta name=\"twitter:card\" content=\"summary_large_image\" \/>\n<meta name=\"twitter:label1\" content=\"Est. tempo de leitura\" \/>\n\t<meta name=\"twitter:data1\" content=\"1 minuto\" \/>\n<script type=\"application\/ld+json\" class=\"yoast-schema-graph\">{\"@context\":\"https:\/\/schema.org\",\"@graph\":[{\"@type\":\"WebPage\",\"@id\":\"http:\/\/euripedesbarsanulfo.org\/site\/programas-sociais\/educacao\/\",\"url\":\"http:\/\/euripedesbarsanulfo.org\/site\/programas-sociais\/educacao\/\",\"name\":\"Educa\u00e7\u00e3o - ASSOCIA\u00c7\u00c3O OFICINA ESCOLA PROFESSOR EUR\u00cdPEDES BARSANULFO\",\"isPartOf\":{\"@id\":\"http:\/\/euripedesbarsanulfo.org\/site\/#website\"},\"primaryImageOfPage\":{\"@id\":\"http:\/\/euripedesbarsanulfo.org\/site\/programas-sociais\/educacao\/#primaryimage\"},\"image\":{\"@id\":\"http:\/\/euripedesbarsanulfo.org\/site\/programas-sociais\/educacao\/#primaryimage\"},\"thumbnailUrl\":\"http:\/\/euripedesbarsanulfo.org\/site\/wp-content\/uploads\/2026\/01\/escola_euripedes_a.png\",\"datePublished\":\"2026-01-12T18:37:21+00:00\",\"dateModified\":\"2026-01-20T19:13:35+00:00\",\"breadcrumb\":{\"@id\":\"http:\/\/euripedesbarsanulfo.org\/site\/programas-sociais\/educacao\/#breadcrumb\"},\"inLanguage\":\"pt-BR\",\"potentialAction\":[{\"@type\":\"ReadAction\",\"target\":[\"http:\/\/euripedesbarsanulfo.org\/site\/programas-sociais\/educacao\/\"]}]},{\"@type\":\"ImageObject\",\"inLanguage\":\"pt-BR\",\"@id\":\"http:\/\/euripedesbarsanulfo.org\/site\/programas-sociais\/educacao\/#primaryimage\",\"url\":\"https:\/\/euripedesbarsanulfo.org\/site\/wp-content\/uploads\/2026\/01\/escola_euripedes_a.png\",\"contentUrl\":\"https:\/\/euripedesbarsanulfo.org\/site\/wp-content\/uploads\/2026\/01\/escola_euripedes_a.png\",\"width\":500,\"height\":350},{\"@type\":\"BreadcrumbList\",\"@id\":\"http:\/\/euripedesbarsanulfo.org\/site\/programas-sociais\/educacao\/#breadcrumb\",\"itemListElement\":[{\"@type\":\"ListItem\",\"position\":1,\"name\":\"In\u00edcio\",\"item\":\"http:\/\/euripedesbarsanulfo.org\/site\/\"},{\"@type\":\"ListItem\",\"position\":2,\"name\":\"Programas Sociais\",\"item\":\"http:\/\/euripedesbarsanulfo.org\/site\/programas-sociais\/\"},{\"@type\":\"ListItem\",\"position\":3,\"name\":\"Educa\u00e7\u00e3o\"}]},{\"@type\":\"WebSite\",\"@id\":\"http:\/\/euripedesbarsanulfo.org\/site\/#website\",\"url\":\"http:\/\/euripedesbarsanulfo.org\/site\/\",\"name\":\"ASSOCIA\u00c7\u00c3O OFICINA ESCOLA PROFESSOR EUR\u00cdPEDES BARSANULFO\",\"description\":\"\",\"publisher\":{\"@id\":\"http:\/\/euripedesbarsanulfo.org\/site\/#organization\"},\"potentialAction\":[{\"@type\":\"SearchAction\",\"target\":{\"@type\":\"EntryPoint\",\"urlTemplate\":\"http:\/\/euripedesbarsanulfo.org\/site\/?s={search_term_string}\"},\"query-input\":{\"@type\":\"PropertyValueSpecification\",\"valueRequired\":true,\"valueName\":\"search_term_string\"}}],\"inLanguage\":\"pt-BR\"},{\"@type\":\"Organization\",\"@id\":\"http:\/\/euripedesbarsanulfo.org\/site\/#organization\",\"name\":\"ASSOCIA\u00c7\u00c3O OFICINA ESCOLA PROFESSOR EUR\u00cdPEDES BARSANULFO\",\"url\":\"http:\/\/euripedesbarsanulfo.org\/site\/\",\"logo\":{\"@type\":\"ImageObject\",\"inLanguage\":\"pt-BR\",\"@id\":\"http:\/\/euripedesbarsanulfo.org\/site\/#\/schema\/logo\/image\/\",\"url\":\"https:\/\/euripedesbarsanulfo.org\/site\/wp-content\/uploads\/2026\/01\/logotipo_euripedes.png\",\"contentUrl\":\"https:\/\/euripedesbarsanulfo.org\/site\/wp-content\/uploads\/2026\/01\/logotipo_euripedes.png\",\"width\":380,\"height\":150,\"caption\":\"ASSOCIA\u00c7\u00c3O OFICINA ESCOLA PROFESSOR EUR\u00cdPEDES BARSANULFO\"},\"image\":{\"@id\":\"http:\/\/euripedesbarsanulfo.org\/site\/#\/schema\/logo\/image\/\"}}]}<\/script>\n<!-- \/ Yoast SEO plugin. -->","yoast_head_json":{"title":"Educa\u00e7\u00e3o - ASSOCIA\u00c7\u00c3O OFICINA ESCOLA PROFESSOR EUR\u00cdPEDES BARSANULFO","robots":{"index":"index","follow":"follow","max-snippet":"max-snippet:-1","max-image-preview":"max-image-preview:large","max-video-preview":"max-video-preview:-1"},"canonical":"http:\/\/euripedesbarsanulfo.org\/site\/programas-sociais\/educacao\/","og_locale":"pt_BR","og_type":"article","og_title":"Educa\u00e7\u00e3o - ASSOCIA\u00c7\u00c3O OFICINA ESCOLA PROFESSOR EUR\u00cdPEDES BARSANULFO","og_description":"Voltar Escola Eur\u00edpedes de Educa\u00e7\u00e3o Infantil e Fundamental A Escola de Pedagogia Esp\u00edrita Professor Eur\u00edpedes Barsanulfo promove uma educa\u00e7\u00e3o humanizada, capaz de desenvolver tanto o intelecto quanto os valores morais e emocionais das crian\u00e7as.Acreditamos que a educa\u00e7\u00e3o transforma, liberta e planta sementes que florescem por toda a vida. \u00a0 P\u00fablico Atendido Educa\u00e7\u00e3o Infantil \u2014 crian\u00e7as de 4 e 5 anos, em per\u00edodo integral Ensino Fundamental I \u2014 crian\u00e7as de 6 a 10 anos, em per\u00edodo parcial \u00a0 Proposta Pedag\u00f3gica A escola segue os princ\u00edpios da pedagogia esp\u00edrita, valorizando: o desenvolvimento integral da crian\u00e7a o aprendizado significativo e afetivo o respeito ao ritmo individual a valoriza\u00e7\u00e3o da conviv\u00eancia, \u00e9tica e solidariedade \u00a0 Al\u00e9m da forma\u00e7\u00e3o acad\u00eamica, as crian\u00e7as recebem acolhimento emocional, alimenta\u00e7\u00e3o adequada, atividades complementares e acompanhamento por uma equipe interdisciplinar.","og_url":"http:\/\/euripedesbarsanulfo.org\/site\/programas-sociais\/educacao\/","og_site_name":"ASSOCIA\u00c7\u00c3O OFICINA ESCOLA PROFESSOR EUR\u00cdPEDES BARSANULFO","article_modified_time":"2026-01-20T19:13:35+00:00","og_image":[{"url":"http:\/\/euripedesbarsanulfo.org\/site\/wp-content\/uploads\/2026\/01\/escola_euripedes_a.png","type":"","width":"","height":""}],"twitter_card":"summary_large_image","twitter_misc":{"Est. tempo de leitura":"1 minuto"},"schema":{"@context":"https:\/\/schema.org","@graph":[{"@type":"WebPage","@id":"http:\/\/euripedesbarsanulfo.org\/site\/programas-sociais\/educacao\/","url":"http:\/\/euripedesbarsanulfo.org\/site\/programas-sociais\/educacao\/","name":"Educa\u00e7\u00e3o - ASSOCIA\u00c7\u00c3O OFICINA ESCOLA PROFESSOR EUR\u00cdPEDES BARSANULFO","isPartOf":{"@id":"http:\/\/euripedesbarsanulfo.org\/site\/#website"},"primaryImageOfPage":{"@id":"http:\/\/euripedesbarsanulfo.org\/site\/programas-sociais\/educacao\/#primaryimage"},"image":{"@id":"http:\/\/euripedesbarsanulfo.org\/site\/programas-sociais\/educacao\/#primaryimage"},"thumbnailUrl":"http:\/\/euripedesbarsanulfo.org\/site\/wp-content\/uploads\/2026\/01\/escola_euripedes_a.png","datePublished":"2026-01-12T18:37:21+00:00","dateModified":"2026-01-20T19:13:35+00:00","breadcrumb":{"@id":"http:\/\/euripedesbarsanulfo.org\/site\/programas-sociais\/educacao\/#breadcrumb"},"inLanguage":"pt-BR","potentialAction":[{"@type":"ReadAction","target":["http:\/\/euripedesbarsanulfo.org\/site\/programas-sociais\/educacao\/"]}]},{"@type":"ImageObject","inLanguage":"pt-BR","@id":"http:\/\/euripedesbarsanulfo.org\/site\/programas-sociais\/educacao\/#primaryimage","url":"https:\/\/euripedesbarsanulfo.org\/site\/wp-content\/uploads\/2026\/01\/escola_euripedes_a.png","contentUrl":"https:\/\/euripedesbarsanulfo.org\/site\/wp-content\/uploads\/2026\/01\/escola_euripedes_a.png","width":500,"height":350},{"@type":"BreadcrumbList","@id":"http:\/\/euripedesbarsanulfo.org\/site\/programas-sociais\/educacao\/#breadcrumb","itemListElement":[{"@type":"ListItem","position":1,"name":"In\u00edcio","item":"http:\/\/euripedesbarsanulfo.org\/site\/"},{"@type":"ListItem","position":2,"name":"Programas Sociais","item":"http:\/\/euripedesbarsanulfo.org\/site\/programas-sociais\/"},{"@type":"ListItem","position":3,"name":"Educa\u00e7\u00e3o"}]},{"@type":"WebSite","@id":"http:\/\/euripedesbarsanulfo.org\/site\/#website","url":"http:\/\/euripedesbarsanulfo.org\/site\/","name":"ASSOCIA\u00c7\u00c3O OFICINA ESCOLA PROFESSOR EUR\u00cdPEDES BARSANULFO","description":"","publisher":{"@id":"http:\/\/euripedesbarsanulfo.org\/site\/#organization"},"potentialAction":[{"@type":"SearchAction","target":{"@type":"EntryPoint","urlTemplate":"http:\/\/euripedesbarsanulfo.org\/site\/?s={search_term_string}"},"query-input":{"@type":"PropertyValueSpecification","valueRequired":true,"valueName":"search_term_string"}}],"inLanguage":"pt-BR"},{"@type":"Organization","@id":"http:\/\/euripedesbarsanulfo.org\/site\/#organization","name":"ASSOCIA\u00c7\u00c3O OFICINA ESCOLA PROFESSOR EUR\u00cdPEDES BARSANULFO","url":"http:\/\/euripedesbarsanulfo.org\/site\/","logo":{"@type":"ImageObject","inLanguage":"pt-BR","@id":"http:\/\/euripedesbarsanulfo.org\/site\/#\/schema\/logo\/image\/","url":"https:\/\/euripedesbarsanulfo.org\/site\/wp-content\/uploads\/2026\/01\/logotipo_euripedes.png","contentUrl":"https:\/\/euripedesbarsanulfo.org\/site\/wp-content\/uploads\/2026\/01\/logotipo_euripedes.png","width":380,"height":150,"caption":"ASSOCIA\u00c7\u00c3O OFICINA ESCOLA PROFESSOR EUR\u00cdPEDES BARSANULFO"},"image":{"@id":"http:\/\/euripedesbarsanulfo.org\/site\/#\/schema\/logo\/image\/"}}]}},"_links":{"self":[{"href":"https:\/\/euripedesbarsanulfo.org\/site\/wp-json\/wp\/v2\/pages\/70","targetHints":{"allow":["GET"]}}],"collection":[{"href":"https:\/\/euripedesbarsanulfo.org\/site\/wp-json\/wp\/v2\/pages"}],"about":[{"href":"https:\/\/euripedesbarsanulfo.org\/site\/wp-json\/wp\/v2\/types\/page"}],"author":[{"embeddable":true,"href":"https:\/\/euripedesbarsanulfo.org\/site\/wp-json\/wp\/v2\/users\/1"}],"replies":[{"embeddable":true,"href":"https:\/\/euripedesbarsanulfo.org\/site\/wp-json\/wp\/v2\/comments?post=70"}],"version-history":[{"count":19,"href":"https:\/\/euripedesbarsanulfo.org\/site\/wp-json\/wp\/v2\/pages\/70\/revisions"}],"predecessor-version":[{"id":952,"href":"https:\/\/euripedesbarsanulfo.org\/site\/wp-json\/wp\/v2\/pages\/70\/revisions\/952"}],"up":[{"embeddable":true,"href":"https:\/\/euripedesbarsanulfo.org\/site\/wp-json\/wp\/v2\/pages\/17"}],"wp:attachment":[{"href":"https:\/\/euripedesbarsanulfo.org\/site\/wp-json\/wp\/v2\/media?parent=70"}],"curies":[{"name":"wp","href":"https:\/\/api.w.org\/{rel}","templated":true}]}}