{"id":47,"date":"2026-01-12T18:15:45","date_gmt":"2026-01-12T18:15:45","guid":{"rendered":"https:\/\/euripedesbarsanulfo.org\/site\/?page_id=47"},"modified":"2026-01-14T19:30:10","modified_gmt":"2026-01-14T19:30:10","slug":"historia","status":"publish","type":"page","link":"https:\/\/euripedesbarsanulfo.org\/site\/quem-somos\/historia\/","title":{"rendered":"Hist\u00f3ria da Oficina Escola"},"content":{"rendered":"\t\t<div data-elementor-type=\"wp-page\" data-elementor-id=\"47\" class=\"elementor elementor-47\" data-elementor-settings=\"{&quot;ha_cmc_init_switcher&quot;:&quot;no&quot;}\">\n\t\t\t\t<div class=\"elementor-element elementor-element-ee9968f e-flex e-con-boxed wpr-particle-no wpr-jarallax-no wpr-parallax-no wpr-sticky-section-no e-con e-parent\" data-id=\"ee9968f\" data-element_type=\"container\" data-settings=\"{&quot;_ha_eqh_enable&quot;:false}\">\n\t\t\t\t\t<div class=\"e-con-inner\">\n\t\t<div class=\"elementor-element elementor-element-6520992 e-con-full e-flex wpr-particle-no wpr-jarallax-no wpr-parallax-no wpr-sticky-section-no e-con e-child\" data-id=\"6520992\" data-element_type=\"container\" data-settings=\"{&quot;_ha_eqh_enable&quot;:false}\">\n\t\t\t\t<div class=\"elementor-element elementor-element-05e1e11 elementor-widget__width-inherit elementor-widget elementor-widget-shortcode\" data-id=\"05e1e11\" data-element_type=\"widget\" data-widget_type=\"shortcode.default\">\n\t\t\t\t\t\t\t<div class=\"elementor-shortcode\"><span><span><a href=\"http:\/\/euripedesbarsanulfo.org\/site\/\">In\u00edcio<\/a><\/span><\/span><\/div>\n\t\t\t\t\t\t<\/div>\n\t\t\t\t<div class=\"elementor-element elementor-element-51a2ed6 elementor-widget elementor-widget-button\" data-id=\"51a2ed6\" data-element_type=\"widget\" data-widget_type=\"button.default\">\n\t\t\t\t\t\t\t\t\t\t<a class=\"elementor-button elementor-button-link elementor-size-sm\" href=\"https:\/\/euripedesbarsanulfo.org\/site\/quem-somos\/\">\n\t\t\t\t\t\t<span class=\"elementor-button-content-wrapper\">\n\t\t\t\t\t\t<span class=\"elementor-button-icon\">\n\t\t\t\t<svg aria-hidden=\"true\" class=\"e-font-icon-svg e-fas-arrow-alt-circle-left\" viewBox=\"0 0 512 512\" xmlns=\"http:\/\/www.w3.org\/2000\/svg\"><path d=\"M256 504C119 504 8 393 8 256S119 8 256 8s248 111 248 248-111 248-248 248zm116-292H256v-70.9c0-10.7-13-16.1-20.5-8.5L121.2 247.5c-4.7 4.7-4.7 12.2 0 16.9l114.3 114.9c7.6 7.6 20.5 2.2 20.5-8.5V300h116c6.6 0 12-5.4 12-12v-64c0-6.6-5.4-12-12-12z\"><\/path><\/svg>\t\t\t<\/span>\n\t\t\t\t\t\t\t\t\t<span class=\"elementor-button-text\">Voltar<\/span>\n\t\t\t\t\t<\/span>\n\t\t\t\t\t<\/a>\n\t\t\t\t\t\t\t\t<\/div>\n\t\t\t\t<\/div>\n\t\t<div class=\"elementor-element elementor-element-aa0a5d9 e-con-full e-flex wpr-particle-no wpr-jarallax-no wpr-parallax-no wpr-sticky-section-no e-con e-child\" data-id=\"aa0a5d9\" data-element_type=\"container\" data-settings=\"{&quot;_ha_eqh_enable&quot;:false}\">\n\t\t\t\t<div class=\"elementor-element elementor-element-73c175b elementor-widget__width-initial elementor-widget elementor-widget-heading\" data-id=\"73c175b\" data-element_type=\"widget\" data-widget_type=\"heading.default\">\n\t\t\t\t\t<h2 class=\"elementor-heading-title elementor-size-default\">Hist\u00f3ria da Oficina Escola<\/h2>\t\t\t\t<\/div>\n\t\t\t\t<\/div>\n\t\t\t\t\t<\/div>\n\t\t\t\t<\/div>\n\t\t<div class=\"elementor-element elementor-element-1063302 e-flex e-con-boxed wpr-particle-no wpr-jarallax-no wpr-parallax-no wpr-sticky-section-no e-con e-parent\" data-id=\"1063302\" data-element_type=\"container\" data-settings=\"{&quot;_ha_eqh_enable&quot;:false}\">\n\t\t\t\t\t<div class=\"e-con-inner\">\n\t\t<div class=\"elementor-element elementor-element-8466c30 e-con-full e-flex wpr-particle-no wpr-jarallax-no wpr-parallax-no wpr-sticky-section-no e-con e-child\" data-id=\"8466c30\" data-element_type=\"container\" data-settings=\"{&quot;_ha_eqh_enable&quot;:false}\">\n\t\t\t\t<div class=\"elementor-element elementor-element-ad19167 elementor-widget__width-initial elementor-widget-mobile__width-initial elementor-widget elementor-widget-text-editor\" data-id=\"ad19167\" data-element_type=\"widget\" data-widget_type=\"text-editor.default\">\n\t\t\t\t\t\t\t\t\t<p>A Associa\u00e7\u00e3o Oficina Escola Professor Eur\u00edpedes Barsanulfo nasceu do desejo de transformar vidas por meio da educa\u00e7\u00e3o, da assist\u00eancia social e da promo\u00e7\u00e3o do bem-estar. Suas ra\u00edzes remontam a <strong>31 de agosto de 1974<\/strong>, quando o Centro Esp\u00edrita Professor Eur\u00edpedes Barsanulfo iniciou a\u00e7\u00f5es volunt\u00e1rias voltadas ao cuidado e acolhimento da comunidade de Batatais-SP.<\/p><p>Com o crescimento das atividades e o impacto gerado, o Projeto Social foi oficialmente regulamentado em <strong>1989<\/strong>, tornando-se uma entidade independente, com diretoria pr\u00f3pria e atua\u00e7\u00e3o reconhecida por sua seriedade, transpar\u00eancia e compromisso com o desenvolvimento humano.<\/p>\t\t\t\t\t\t\t\t<\/div>\n\t\t\t\t<div class=\"elementor-element elementor-element-fe1323a elementor-widget__width-initial elementor-widget-mobile__width-inherit elementor-widget elementor-widget-image\" data-id=\"fe1323a\" data-element_type=\"widget\" data-widget_type=\"image.default\">\n\t\t\t\t\t\t\t\t\t\t\t\t\t\t\t<img decoding=\"async\" data-src=\"https:\/\/euripedesbarsanulfo.org\/site\/wp-content\/plugins\/elementor\/assets\/images\/placeholder.png\" title=\"\" alt=\"\" src=\"data:image\/svg+xml;base64,PHN2ZyB3aWR0aD0iMSIgaGVpZ2h0PSIxIiB4bWxucz0iaHR0cDovL3d3dy53My5vcmcvMjAwMC9zdmciPjwvc3ZnPg==\" class=\"lazyload\" style=\"--smush-placeholder-width: 1200px; --smush-placeholder-aspect-ratio: 1200\/800;\" \/>\t\t\t\t\t\t\t\t\t\t\t\t\t\t\t<\/div>\n\t\t\t\t<\/div>\n\t\t<div class=\"elementor-element elementor-element-9808bdb e-con-full e-flex wpr-particle-no wpr-jarallax-no wpr-parallax-no wpr-sticky-section-no e-con e-child\" data-id=\"9808bdb\" data-element_type=\"container\" data-settings=\"{&quot;_ha_eqh_enable&quot;:false}\">\n\t\t\t\t<div class=\"elementor-element elementor-element-0128885 elementor-widget__width-initial elementor-widget-mobile__width-initial elementor-widget elementor-widget-text-editor\" data-id=\"0128885\" data-element_type=\"widget\" data-widget_type=\"text-editor.default\">\n\t\t\t\t\t\t\t\t\t<p>Ao longo de sua hist\u00f3ria, a Associa\u00e7\u00e3o consolidou sua presen\u00e7a no munic\u00edpio e na regi\u00e3o, recebendo importantes <strong>t\u00edtulos de utilidade p\u00fablica<\/strong> \u2014 Municipal, Estadual e Federal \u2014 al\u00e9m da certifica\u00e7\u00e3o <strong>CEBAS<\/strong>, que reafirma sua atua\u00e7\u00e3o filantr\u00f3pica em prol da educa\u00e7\u00e3o e da assist\u00eancia social.<\/p><p>Hoje, a Organiza\u00e7\u00e3o mant\u00e9m programas educacionais, socioassistenciais e de sa\u00fade integrativa que atendem crian\u00e7as, adolescentes, jovens, adultos, idosos e fam\u00edlias inteiras, fortalecendo v\u00ednculos, ampliando oportunidades e promovendo cidadania.<\/p>\t\t\t\t\t\t\t\t<\/div>\n\t\t\t\t<div class=\"elementor-element elementor-element-9a6c240 elementor-widget__width-initial elementor-widget-mobile__width-inherit elementor-widget elementor-widget-image\" data-id=\"9a6c240\" data-element_type=\"widget\" data-widget_type=\"image.default\">\n\t\t\t\t\t\t\t\t\t\t\t\t\t\t\t<img decoding=\"async\" data-src=\"https:\/\/euripedesbarsanulfo.org\/site\/wp-content\/plugins\/elementor\/assets\/images\/placeholder.png\" title=\"\" alt=\"\" src=\"data:image\/svg+xml;base64,PHN2ZyB3aWR0aD0iMSIgaGVpZ2h0PSIxIiB4bWxucz0iaHR0cDovL3d3dy53My5vcmcvMjAwMC9zdmciPjwvc3ZnPg==\" class=\"lazyload\" style=\"--smush-placeholder-width: 1200px; --smush-placeholder-aspect-ratio: 1200\/800;\" \/>\t\t\t\t\t\t\t\t\t\t\t\t\t\t\t<\/div>\n\t\t\t\t<\/div>\n\t\t\t\t\t<\/div>\n\t\t\t\t<\/div>\n\t\t\t\t<\/div>\n\t\t","protected":false},"excerpt":{"rendered":"<p>Voltar Hist\u00f3ria da Oficina Escola A Associa\u00e7\u00e3o Oficina Escola Professor Eur\u00edpedes Barsanulfo nasceu do desejo de transformar vidas por meio da educa\u00e7\u00e3o, da assist\u00eancia social e da promo\u00e7\u00e3o do bem-estar. Suas ra\u00edzes remontam a 31 de agosto de 1974, quando o Centro Esp\u00edrita Professor Eur\u00edpedes Barsanulfo iniciou a\u00e7\u00f5es volunt\u00e1rias voltadas ao cuidado e acolhimento da comunidade de Batatais-SP. Com o crescimento das atividades e o impacto gerado, o Projeto Social foi oficialmente regulamentado em 1989, tornando-se uma entidade independente, com diretoria pr\u00f3pria e atua\u00e7\u00e3o reconhecida por sua seriedade, transpar\u00eancia e compromisso com o desenvolvimento humano. Ao longo de sua hist\u00f3ria, a Associa\u00e7\u00e3o consolidou sua presen\u00e7a no munic\u00edpio e na regi\u00e3o, recebendo importantes t\u00edtulos de utilidade p\u00fablica \u2014 Municipal, Estadual e Federal \u2014 al\u00e9m da certifica\u00e7\u00e3o CEBAS, que reafirma sua atua\u00e7\u00e3o filantr\u00f3pica em prol da educa\u00e7\u00e3o e da assist\u00eancia social. Hoje, a Organiza\u00e7\u00e3o mant\u00e9m programas educacionais, socioassistenciais e de sa\u00fade integrativa que atendem crian\u00e7as, adolescentes, jovens, adultos, idosos e fam\u00edlias inteiras, fortalecendo v\u00ednculos, ampliando oportunidades e promovendo cidadania.<\/p>\n","protected":false},"author":1,"featured_media":0,"parent":15,"menu_order":0,"comment_status":"closed","ping_status":"closed","template":"elementor_header_footer","meta":{"footnotes":""},"class_list":["post-47","page","type-page","status-publish","hentry"],"yoast_head":"<!-- This site is optimized with the Yoast SEO plugin v26.7 - https:\/\/yoast.com\/wordpress\/plugins\/seo\/ -->\n<title>Hist\u00f3ria da Oficina Escola - ASSOCIA\u00c7\u00c3O OFICINA ESCOLA PROFESSOR EUR\u00cdPEDES BARSANULFO<\/title>\n<meta name=\"robots\" content=\"index, follow, max-snippet:-1, max-image-preview:large, max-video-preview:-1\" \/>\n<link rel=\"canonical\" href=\"http:\/\/euripedesbarsanulfo.org\/site\/quem-somos\/historia\/\" \/>\n<meta property=\"og:locale\" content=\"pt_BR\" \/>\n<meta property=\"og:type\" content=\"article\" \/>\n<meta property=\"og:title\" content=\"Hist\u00f3ria da Oficina Escola - ASSOCIA\u00c7\u00c3O OFICINA ESCOLA PROFESSOR EUR\u00cdPEDES BARSANULFO\" \/>\n<meta property=\"og:description\" content=\"Voltar Hist\u00f3ria da Oficina Escola A Associa\u00e7\u00e3o Oficina Escola Professor Eur\u00edpedes Barsanulfo nasceu do desejo de transformar vidas por meio da educa\u00e7\u00e3o, da assist\u00eancia social e da promo\u00e7\u00e3o do bem-estar. Suas ra\u00edzes remontam a 31 de agosto de 1974, quando o Centro Esp\u00edrita Professor Eur\u00edpedes Barsanulfo iniciou a\u00e7\u00f5es volunt\u00e1rias voltadas ao cuidado e acolhimento da comunidade de Batatais-SP. Com o crescimento das atividades e o impacto gerado, o Projeto Social foi oficialmente regulamentado em 1989, tornando-se uma entidade independente, com diretoria pr\u00f3pria e atua\u00e7\u00e3o reconhecida por sua seriedade, transpar\u00eancia e compromisso com o desenvolvimento humano. Ao longo de sua hist\u00f3ria, a Associa\u00e7\u00e3o consolidou sua presen\u00e7a no munic\u00edpio e na regi\u00e3o, recebendo importantes t\u00edtulos de utilidade p\u00fablica \u2014 Municipal, Estadual e Federal \u2014 al\u00e9m da certifica\u00e7\u00e3o CEBAS, que reafirma sua atua\u00e7\u00e3o filantr\u00f3pica em prol da educa\u00e7\u00e3o e da assist\u00eancia social. Hoje, a Organiza\u00e7\u00e3o mant\u00e9m programas educacionais, socioassistenciais e de sa\u00fade integrativa que atendem crian\u00e7as, adolescentes, jovens, adultos, idosos e fam\u00edlias inteiras, fortalecendo v\u00ednculos, ampliando oportunidades e promovendo cidadania.\" \/>\n<meta property=\"og:url\" content=\"http:\/\/euripedesbarsanulfo.org\/site\/quem-somos\/historia\/\" \/>\n<meta property=\"og:site_name\" content=\"ASSOCIA\u00c7\u00c3O OFICINA ESCOLA PROFESSOR EUR\u00cdPEDES BARSANULFO\" \/>\n<meta property=\"article:modified_time\" content=\"2026-01-14T19:30:10+00:00\" \/>\n<meta property=\"og:image\" content=\"https:\/\/euripedesbarsanulfo.org\/site\/wp-content\/plugins\/elementor\/assets\/images\/placeholder.png\" \/>\n<meta name=\"twitter:card\" content=\"summary_large_image\" \/>\n<meta name=\"twitter:label1\" content=\"Est. tempo de leitura\" \/>\n\t<meta name=\"twitter:data1\" content=\"1 minuto\" \/>\n<script type=\"application\/ld+json\" class=\"yoast-schema-graph\">{\"@context\":\"https:\/\/schema.org\",\"@graph\":[{\"@type\":\"WebPage\",\"@id\":\"http:\/\/euripedesbarsanulfo.org\/site\/quem-somos\/historia\/\",\"url\":\"http:\/\/euripedesbarsanulfo.org\/site\/quem-somos\/historia\/\",\"name\":\"Hist\u00f3ria da Oficina Escola - ASSOCIA\u00c7\u00c3O OFICINA ESCOLA PROFESSOR EUR\u00cdPEDES BARSANULFO\",\"isPartOf\":{\"@id\":\"http:\/\/euripedesbarsanulfo.org\/site\/#website\"},\"primaryImageOfPage\":{\"@id\":\"http:\/\/euripedesbarsanulfo.org\/site\/quem-somos\/historia\/#primaryimage\"},\"image\":{\"@id\":\"http:\/\/euripedesbarsanulfo.org\/site\/quem-somos\/historia\/#primaryimage\"},\"thumbnailUrl\":\"https:\/\/euripedesbarsanulfo.org\/site\/wp-content\/plugins\/elementor\/assets\/images\/placeholder.png\",\"datePublished\":\"2026-01-12T18:15:45+00:00\",\"dateModified\":\"2026-01-14T19:30:10+00:00\",\"breadcrumb\":{\"@id\":\"http:\/\/euripedesbarsanulfo.org\/site\/quem-somos\/historia\/#breadcrumb\"},\"inLanguage\":\"pt-BR\",\"potentialAction\":[{\"@type\":\"ReadAction\",\"target\":[\"http:\/\/euripedesbarsanulfo.org\/site\/quem-somos\/historia\/\"]}]},{\"@type\":\"ImageObject\",\"inLanguage\":\"pt-BR\",\"@id\":\"http:\/\/euripedesbarsanulfo.org\/site\/quem-somos\/historia\/#primaryimage\",\"url\":\"https:\/\/euripedesbarsanulfo.org\/site\/wp-content\/plugins\/elementor\/assets\/images\/placeholder.png\",\"contentUrl\":\"https:\/\/euripedesbarsanulfo.org\/site\/wp-content\/plugins\/elementor\/assets\/images\/placeholder.png\"},{\"@type\":\"BreadcrumbList\",\"@id\":\"http:\/\/euripedesbarsanulfo.org\/site\/quem-somos\/historia\/#breadcrumb\",\"itemListElement\":[{\"@type\":\"ListItem\",\"position\":1,\"name\":\"In\u00edcio\",\"item\":\"http:\/\/euripedesbarsanulfo.org\/site\/\"},{\"@type\":\"ListItem\",\"position\":2,\"name\":\"Quem Somos\",\"item\":\"https:\/\/euripedesbarsanulfo.org\/site\/quem-somos\/\"},{\"@type\":\"ListItem\",\"position\":3,\"name\":\"Hist\u00f3ria da Oficina Escola\"}]},{\"@type\":\"WebSite\",\"@id\":\"http:\/\/euripedesbarsanulfo.org\/site\/#website\",\"url\":\"http:\/\/euripedesbarsanulfo.org\/site\/\",\"name\":\"ASSOCIA\u00c7\u00c3O OFICINA ESCOLA PROFESSOR EUR\u00cdPEDES BARSANULFO\",\"description\":\"\",\"publisher\":{\"@id\":\"http:\/\/euripedesbarsanulfo.org\/site\/#organization\"},\"potentialAction\":[{\"@type\":\"SearchAction\",\"target\":{\"@type\":\"EntryPoint\",\"urlTemplate\":\"http:\/\/euripedesbarsanulfo.org\/site\/?s={search_term_string}\"},\"query-input\":{\"@type\":\"PropertyValueSpecification\",\"valueRequired\":true,\"valueName\":\"search_term_string\"}}],\"inLanguage\":\"pt-BR\"},{\"@type\":\"Organization\",\"@id\":\"http:\/\/euripedesbarsanulfo.org\/site\/#organization\",\"name\":\"ASSOCIA\u00c7\u00c3O OFICINA ESCOLA PROFESSOR EUR\u00cdPEDES BARSANULFO\",\"url\":\"http:\/\/euripedesbarsanulfo.org\/site\/\",\"logo\":{\"@type\":\"ImageObject\",\"inLanguage\":\"pt-BR\",\"@id\":\"http:\/\/euripedesbarsanulfo.org\/site\/#\/schema\/logo\/image\/\",\"url\":\"https:\/\/euripedesbarsanulfo.org\/site\/wp-content\/uploads\/2026\/01\/logotipo_euripedes.png\",\"contentUrl\":\"https:\/\/euripedesbarsanulfo.org\/site\/wp-content\/uploads\/2026\/01\/logotipo_euripedes.png\",\"width\":380,\"height\":150,\"caption\":\"ASSOCIA\u00c7\u00c3O OFICINA ESCOLA PROFESSOR EUR\u00cdPEDES BARSANULFO\"},\"image\":{\"@id\":\"http:\/\/euripedesbarsanulfo.org\/site\/#\/schema\/logo\/image\/\"}}]}<\/script>\n<!-- \/ Yoast SEO plugin. -->","yoast_head_json":{"title":"Hist\u00f3ria da Oficina Escola - ASSOCIA\u00c7\u00c3O OFICINA ESCOLA PROFESSOR EUR\u00cdPEDES BARSANULFO","robots":{"index":"index","follow":"follow","max-snippet":"max-snippet:-1","max-image-preview":"max-image-preview:large","max-video-preview":"max-video-preview:-1"},"canonical":"http:\/\/euripedesbarsanulfo.org\/site\/quem-somos\/historia\/","og_locale":"pt_BR","og_type":"article","og_title":"Hist\u00f3ria da Oficina Escola - ASSOCIA\u00c7\u00c3O OFICINA ESCOLA PROFESSOR EUR\u00cdPEDES BARSANULFO","og_description":"Voltar Hist\u00f3ria da Oficina Escola A Associa\u00e7\u00e3o Oficina Escola Professor Eur\u00edpedes Barsanulfo nasceu do desejo de transformar vidas por meio da educa\u00e7\u00e3o, da assist\u00eancia social e da promo\u00e7\u00e3o do bem-estar. Suas ra\u00edzes remontam a 31 de agosto de 1974, quando o Centro Esp\u00edrita Professor Eur\u00edpedes Barsanulfo iniciou a\u00e7\u00f5es volunt\u00e1rias voltadas ao cuidado e acolhimento da comunidade de Batatais-SP. Com o crescimento das atividades e o impacto gerado, o Projeto Social foi oficialmente regulamentado em 1989, tornando-se uma entidade independente, com diretoria pr\u00f3pria e atua\u00e7\u00e3o reconhecida por sua seriedade, transpar\u00eancia e compromisso com o desenvolvimento humano. Ao longo de sua hist\u00f3ria, a Associa\u00e7\u00e3o consolidou sua presen\u00e7a no munic\u00edpio e na regi\u00e3o, recebendo importantes t\u00edtulos de utilidade p\u00fablica \u2014 Municipal, Estadual e Federal \u2014 al\u00e9m da certifica\u00e7\u00e3o CEBAS, que reafirma sua atua\u00e7\u00e3o filantr\u00f3pica em prol da educa\u00e7\u00e3o e da assist\u00eancia social. Hoje, a Organiza\u00e7\u00e3o mant\u00e9m programas educacionais, socioassistenciais e de sa\u00fade integrativa que atendem crian\u00e7as, adolescentes, jovens, adultos, idosos e fam\u00edlias inteiras, fortalecendo v\u00ednculos, ampliando oportunidades e promovendo cidadania.","og_url":"http:\/\/euripedesbarsanulfo.org\/site\/quem-somos\/historia\/","og_site_name":"ASSOCIA\u00c7\u00c3O OFICINA ESCOLA PROFESSOR EUR\u00cdPEDES BARSANULFO","article_modified_time":"2026-01-14T19:30:10+00:00","og_image":[{"url":"https:\/\/euripedesbarsanulfo.org\/site\/wp-content\/plugins\/elementor\/assets\/images\/placeholder.png","type":"","width":"","height":""}],"twitter_card":"summary_large_image","twitter_misc":{"Est. tempo de leitura":"1 minuto"},"schema":{"@context":"https:\/\/schema.org","@graph":[{"@type":"WebPage","@id":"http:\/\/euripedesbarsanulfo.org\/site\/quem-somos\/historia\/","url":"http:\/\/euripedesbarsanulfo.org\/site\/quem-somos\/historia\/","name":"Hist\u00f3ria da Oficina Escola - ASSOCIA\u00c7\u00c3O OFICINA ESCOLA PROFESSOR EUR\u00cdPEDES BARSANULFO","isPartOf":{"@id":"http:\/\/euripedesbarsanulfo.org\/site\/#website"},"primaryImageOfPage":{"@id":"http:\/\/euripedesbarsanulfo.org\/site\/quem-somos\/historia\/#primaryimage"},"image":{"@id":"http:\/\/euripedesbarsanulfo.org\/site\/quem-somos\/historia\/#primaryimage"},"thumbnailUrl":"https:\/\/euripedesbarsanulfo.org\/site\/wp-content\/plugins\/elementor\/assets\/images\/placeholder.png","datePublished":"2026-01-12T18:15:45+00:00","dateModified":"2026-01-14T19:30:10+00:00","breadcrumb":{"@id":"http:\/\/euripedesbarsanulfo.org\/site\/quem-somos\/historia\/#breadcrumb"},"inLanguage":"pt-BR","potentialAction":[{"@type":"ReadAction","target":["http:\/\/euripedesbarsanulfo.org\/site\/quem-somos\/historia\/"]}]},{"@type":"ImageObject","inLanguage":"pt-BR","@id":"http:\/\/euripedesbarsanulfo.org\/site\/quem-somos\/historia\/#primaryimage","url":"https:\/\/euripedesbarsanulfo.org\/site\/wp-content\/plugins\/elementor\/assets\/images\/placeholder.png","contentUrl":"https:\/\/euripedesbarsanulfo.org\/site\/wp-content\/plugins\/elementor\/assets\/images\/placeholder.png"},{"@type":"BreadcrumbList","@id":"http:\/\/euripedesbarsanulfo.org\/site\/quem-somos\/historia\/#breadcrumb","itemListElement":[{"@type":"ListItem","position":1,"name":"In\u00edcio","item":"http:\/\/euripedesbarsanulfo.org\/site\/"},{"@type":"ListItem","position":2,"name":"Quem Somos","item":"https:\/\/euripedesbarsanulfo.org\/site\/quem-somos\/"},{"@type":"ListItem","position":3,"name":"Hist\u00f3ria da Oficina Escola"}]},{"@type":"WebSite","@id":"http:\/\/euripedesbarsanulfo.org\/site\/#website","url":"http:\/\/euripedesbarsanulfo.org\/site\/","name":"ASSOCIA\u00c7\u00c3O OFICINA ESCOLA PROFESSOR EUR\u00cdPEDES BARSANULFO","description":"","publisher":{"@id":"http:\/\/euripedesbarsanulfo.org\/site\/#organization"},"potentialAction":[{"@type":"SearchAction","target":{"@type":"EntryPoint","urlTemplate":"http:\/\/euripedesbarsanulfo.org\/site\/?s={search_term_string}"},"query-input":{"@type":"PropertyValueSpecification","valueRequired":true,"valueName":"search_term_string"}}],"inLanguage":"pt-BR"},{"@type":"Organization","@id":"http:\/\/euripedesbarsanulfo.org\/site\/#organization","name":"ASSOCIA\u00c7\u00c3O OFICINA ESCOLA PROFESSOR EUR\u00cdPEDES BARSANULFO","url":"http:\/\/euripedesbarsanulfo.org\/site\/","logo":{"@type":"ImageObject","inLanguage":"pt-BR","@id":"http:\/\/euripedesbarsanulfo.org\/site\/#\/schema\/logo\/image\/","url":"https:\/\/euripedesbarsanulfo.org\/site\/wp-content\/uploads\/2026\/01\/logotipo_euripedes.png","contentUrl":"https:\/\/euripedesbarsanulfo.org\/site\/wp-content\/uploads\/2026\/01\/logotipo_euripedes.png","width":380,"height":150,"caption":"ASSOCIA\u00c7\u00c3O OFICINA ESCOLA PROFESSOR EUR\u00cdPEDES BARSANULFO"},"image":{"@id":"http:\/\/euripedesbarsanulfo.org\/site\/#\/schema\/logo\/image\/"}}]}},"_links":{"self":[{"href":"https:\/\/euripedesbarsanulfo.org\/site\/wp-json\/wp\/v2\/pages\/47","targetHints":{"allow":["GET"]}}],"collection":[{"href":"https:\/\/euripedesbarsanulfo.org\/site\/wp-json\/wp\/v2\/pages"}],"about":[{"href":"https:\/\/euripedesbarsanulfo.org\/site\/wp-json\/wp\/v2\/types\/page"}],"author":[{"embeddable":true,"href":"https:\/\/euripedesbarsanulfo.org\/site\/wp-json\/wp\/v2\/users\/1"}],"replies":[{"embeddable":true,"href":"https:\/\/euripedesbarsanulfo.org\/site\/wp-json\/wp\/v2\/comments?post=47"}],"version-history":[{"count":23,"href":"https:\/\/euripedesbarsanulfo.org\/site\/wp-json\/wp\/v2\/pages\/47\/revisions"}],"predecessor-version":[{"id":445,"href":"https:\/\/euripedesbarsanulfo.org\/site\/wp-json\/wp\/v2\/pages\/47\/revisions\/445"}],"up":[{"embeddable":true,"href":"https:\/\/euripedesbarsanulfo.org\/site\/wp-json\/wp\/v2\/pages\/15"}],"wp:attachment":[{"href":"https:\/\/euripedesbarsanulfo.org\/site\/wp-json\/wp\/v2\/media?parent=47"}],"curies":[{"name":"wp","href":"https:\/\/api.w.org\/{rel}","templated":true}]}}