{"id":21,"date":"2025-12-02T12:25:15","date_gmt":"2025-12-02T12:25:15","guid":{"rendered":"https:\/\/euripedesbarsanulfo.org\/site\/?page_id=21"},"modified":"2026-01-21T18:29:10","modified_gmt":"2026-01-21T18:29:10","slug":"transparencia","status":"publish","type":"page","link":"https:\/\/euripedesbarsanulfo.org\/site\/transparencia\/","title":{"rendered":"Transpar\u00eancia"},"content":{"rendered":"\t\t<div data-elementor-type=\"wp-page\" data-elementor-id=\"21\" class=\"elementor elementor-21\" data-elementor-settings=\"{&quot;ha_cmc_init_switcher&quot;:&quot;no&quot;}\">\n\t\t\t\t<div class=\"elementor-element elementor-element-a6b9806 e-flex e-con-boxed wpr-particle-no wpr-jarallax-no wpr-parallax-no wpr-sticky-section-no e-con e-parent\" data-id=\"a6b9806\" data-element_type=\"container\" data-settings=\"{&quot;_ha_eqh_enable&quot;:false}\">\n\t\t\t\t\t<div class=\"e-con-inner\">\n\t\t<div class=\"elementor-element elementor-element-a837396 e-con-full e-flex wpr-particle-no wpr-jarallax-no wpr-parallax-no wpr-sticky-section-no e-con e-child\" data-id=\"a837396\" data-element_type=\"container\" data-settings=\"{&quot;_ha_eqh_enable&quot;:false}\">\n\t\t\t\t<div class=\"elementor-element elementor-element-f49ad1f elementor-widget elementor-widget-shortcode\" data-id=\"f49ad1f\" data-element_type=\"widget\" data-widget_type=\"shortcode.default\">\n\t\t\t\t\t\t\t<div class=\"elementor-shortcode\"><span><span><a href=\"http:\/\/euripedesbarsanulfo.org\/site\/\">In\u00edcio<\/a><\/span><\/span><\/div>\n\t\t\t\t\t\t<\/div>\n\t\t\t\t<\/div>\n\t\t<div class=\"elementor-element elementor-element-c7cfb93 e-con-full e-flex wpr-particle-no wpr-jarallax-no wpr-parallax-no wpr-sticky-section-no e-con e-child\" data-id=\"c7cfb93\" data-element_type=\"container\" data-settings=\"{&quot;_ha_eqh_enable&quot;:false}\">\n\t\t\t\t<div class=\"elementor-element elementor-element-117c404 elementor-widget__width-initial elementor-widget elementor-widget-heading\" data-id=\"117c404\" data-element_type=\"widget\" data-widget_type=\"heading.default\">\n\t\t\t\t\t<h2 class=\"elementor-heading-title elementor-size-default\">Transpar\u00eancia<\/h2>\t\t\t\t<\/div>\n\t\t\t\t<\/div>\n\t\t\t\t\t<\/div>\n\t\t\t\t<\/div>\n\t\t<div class=\"elementor-element elementor-element-73a922a e-flex e-con-boxed wpr-particle-no wpr-jarallax-no wpr-parallax-no wpr-sticky-section-no e-con e-parent\" data-id=\"73a922a\" data-element_type=\"container\" data-settings=\"{&quot;_ha_eqh_enable&quot;:false}\">\n\t\t\t\t\t<div class=\"e-con-inner\">\n\t\t<div class=\"elementor-element elementor-element-d2a9650 e-con-full e-flex wpr-particle-no wpr-jarallax-no wpr-parallax-no wpr-sticky-section-no e-con e-child\" data-id=\"d2a9650\" data-element_type=\"container\" data-settings=\"{&quot;_ha_eqh_enable&quot;:false}\">\n\t\t\t\t<div class=\"elementor-element elementor-element-d86cfaf elementor-widget__width-initial elementor-widget-mobile__width-initial elementor-widget elementor-widget-text-editor\" data-id=\"d86cfaf\" data-element_type=\"widget\" data-widget_type=\"text-editor.default\">\n\t\t\t\t\t\t\t\t\t<p>A Associa\u00e7\u00e3o Oficina Escola Professor Eur\u00edpedes Barsanulfo acredita que <strong>transpar\u00eancia \u00e9 um compromisso fundamental<\/strong> com a sociedade. Todos os recursos recebidos \u2014 seja de doadores, parceiros, eventos ou pol\u00edticas p\u00fablicas \u2014 s\u00e3o administrados com responsabilidade, \u00e9tica e clareza.<\/p><p>Por isso, disponibilizamos nesta p\u00e1gina documentos oficiais, relat\u00f3rios de atividades, presta\u00e7\u00f5es de contas e informa\u00e7\u00f5es sobre a nossa governan\u00e7a. Aqui, qualquer pessoa pode acompanhar como os recursos s\u00e3o aplicados e qual \u00e9 o impacto real dos programas sociais desenvolvidos pela institui\u00e7\u00e3o.<\/p><p>Nosso compromisso \u00e9 garantir que cada contribui\u00e7\u00e3o se transforme em <strong>educa\u00e7\u00e3o, cuidado, acolhimento e oportunidades para a comunidade de Batatais<\/strong>.<\/p>\t\t\t\t\t\t\t\t<\/div>\n\t\t\t\t<div class=\"elementor-element elementor-element-0ee18a0 elementor-widget__width-initial elementor-widget-mobile__width-inherit elementor-widget elementor-widget-image\" data-id=\"0ee18a0\" data-element_type=\"widget\" data-widget_type=\"image.default\">\n\t\t\t\t\t\t\t\t\t\t\t\t\t\t\t<img fetchpriority=\"high\" decoding=\"async\" width=\"500\" height=\"350\" src=\"https:\/\/euripedesbarsanulfo.org\/site\/wp-content\/uploads\/2026\/01\/transparencia.png\" class=\"attachment-large size-large wp-image-1041\" alt=\"\" srcset=\"https:\/\/euripedesbarsanulfo.org\/site\/wp-content\/uploads\/2026\/01\/transparencia.png 500w, https:\/\/euripedesbarsanulfo.org\/site\/wp-content\/uploads\/2026\/01\/transparencia-300x210.png 300w\" sizes=\"(max-width: 500px) 100vw, 500px\" \/>\t\t\t\t\t\t\t\t\t\t\t\t\t\t\t<\/div>\n\t\t\t\t<\/div>\n\t\t\t\t\t<\/div>\n\t\t\t\t<\/div>\n\t\t<div class=\"elementor-element elementor-element-2c27c19 e-flex e-con-boxed wpr-particle-no wpr-jarallax-no wpr-parallax-no wpr-sticky-section-no e-con e-parent\" data-id=\"2c27c19\" data-element_type=\"container\" data-settings=\"{&quot;_ha_eqh_enable&quot;:false}\">\n\t\t\t\t\t<div class=\"e-con-inner\">\n\t\t<div class=\"elementor-element elementor-element-58406ff e-grid e-con-full wpr-particle-no wpr-jarallax-no wpr-parallax-no wpr-sticky-section-no e-con e-child\" data-id=\"58406ff\" data-element_type=\"container\" data-settings=\"{&quot;_ha_eqh_enable&quot;:false}\">\n\t\t<div data-ha-element-link=\"{&quot;url&quot;:&quot;https:\\\/\\\/euripedesbarsanulfo.org\\\/site\\\/transparencia\\\/prestacao-de-contas\\\/&quot;,&quot;is_external&quot;:&quot;&quot;,&quot;nofollow&quot;:&quot;&quot;}\" style=\"cursor: pointer\" class=\"elementor-element elementor-element-c9a3677 e-con-full e-flex wpr-particle-no wpr-jarallax-no wpr-parallax-no wpr-sticky-section-no e-con e-child\" data-id=\"c9a3677\" data-element_type=\"container\" data-settings=\"{&quot;background_background&quot;:&quot;classic&quot;,&quot;_ha_eqh_enable&quot;:false}\">\n\t\t\t\t<div class=\"elementor-element elementor-element-dd7bb49 elementor-widget elementor-widget-heading\" data-id=\"dd7bb49\" data-element_type=\"widget\" data-widget_type=\"heading.default\">\n\t\t\t\t\t<h2 class=\"elementor-heading-title elementor-size-default\">Presta\u00e7\u00e3o de Contas<\/h2>\t\t\t\t<\/div>\n\t\t\t\t<\/div>\n\t\t<div data-ha-element-link=\"{&quot;url&quot;:&quot;https:\\\/\\\/euripedesbarsanulfo.org\\\/site\\\/transparencia\\\/relatorios-anuais\\\/&quot;,&quot;is_external&quot;:&quot;&quot;,&quot;nofollow&quot;:&quot;&quot;}\" style=\"cursor: pointer\" class=\"elementor-element elementor-element-41c3c6a e-con-full e-flex wpr-particle-no wpr-jarallax-no wpr-parallax-no wpr-sticky-section-no e-con e-child\" data-id=\"41c3c6a\" data-element_type=\"container\" data-settings=\"{&quot;background_background&quot;:&quot;classic&quot;,&quot;_ha_eqh_enable&quot;:false}\">\n\t\t\t\t<div class=\"elementor-element elementor-element-c6cf70b elementor-widget elementor-widget-heading\" data-id=\"c6cf70b\" data-element_type=\"widget\" data-widget_type=\"heading.default\">\n\t\t\t\t\t<h2 class=\"elementor-heading-title elementor-size-default\">Relat\u00f3rios Anuais<\/h2>\t\t\t\t<\/div>\n\t\t\t\t<\/div>\n\t\t<div data-ha-element-link=\"{&quot;url&quot;:&quot;https:\\\/\\\/euripedesbarsanulfo.org\\\/site\\\/transparencia\\\/documentos-publicos\\\/&quot;,&quot;is_external&quot;:&quot;&quot;,&quot;nofollow&quot;:&quot;&quot;}\" style=\"cursor: pointer\" class=\"elementor-element elementor-element-96e2e22 e-con-full e-flex wpr-particle-no wpr-jarallax-no wpr-parallax-no wpr-sticky-section-no e-con e-child\" data-id=\"96e2e22\" data-element_type=\"container\" data-settings=\"{&quot;background_background&quot;:&quot;classic&quot;,&quot;_ha_eqh_enable&quot;:false}\">\n\t\t\t\t<div class=\"elementor-element elementor-element-0a7554b elementor-widget elementor-widget-heading\" data-id=\"0a7554b\" data-element_type=\"widget\" data-widget_type=\"heading.default\">\n\t\t\t\t\t<h2 class=\"elementor-heading-title elementor-size-default\">Documentos P\u00fablicos<\/h2>\t\t\t\t<\/div>\n\t\t\t\t<\/div>\n\t\t<div data-ha-element-link=\"{&quot;url&quot;:&quot;https:\\\/\\\/euripedesbarsanulfo.org\\\/site\\\/transparencia\\\/editais\\\/&quot;,&quot;is_external&quot;:&quot;&quot;,&quot;nofollow&quot;:&quot;&quot;}\" style=\"cursor: pointer\" class=\"elementor-element elementor-element-7d507fa e-con-full e-flex wpr-particle-no wpr-jarallax-no wpr-parallax-no wpr-sticky-section-no e-con e-child\" data-id=\"7d507fa\" data-element_type=\"container\" data-settings=\"{&quot;background_background&quot;:&quot;classic&quot;,&quot;_ha_eqh_enable&quot;:false}\">\n\t\t\t\t<div class=\"elementor-element elementor-element-416b17c elementor-widget elementor-widget-heading\" data-id=\"416b17c\" data-element_type=\"widget\" data-widget_type=\"heading.default\">\n\t\t\t\t\t<h2 class=\"elementor-heading-title elementor-size-default\">Editais<\/h2>\t\t\t\t<\/div>\n\t\t\t\t<\/div>\n\t\t<div data-ha-element-link=\"{&quot;url&quot;:&quot;https:\\\/\\\/euripedesbarsanulfo.org\\\/site\\\/transparencia\\\/lgpd-e-politica-de-privacidade\\\/&quot;,&quot;is_external&quot;:&quot;&quot;,&quot;nofollow&quot;:&quot;&quot;}\" style=\"cursor: pointer\" class=\"elementor-element elementor-element-b4561c5 e-con-full e-flex wpr-particle-no wpr-jarallax-no wpr-parallax-no wpr-sticky-section-no e-con e-child\" data-id=\"b4561c5\" data-element_type=\"container\" data-settings=\"{&quot;background_background&quot;:&quot;classic&quot;,&quot;_ha_eqh_enable&quot;:false}\">\n\t\t\t\t<div class=\"elementor-element elementor-element-edd628a elementor-widget elementor-widget-heading\" data-id=\"edd628a\" data-element_type=\"widget\" data-widget_type=\"heading.default\">\n\t\t\t\t\t<h2 class=\"elementor-heading-title elementor-size-default\">LGPD e Pol\u00edtica de Privacidade<\/h2>\t\t\t\t<\/div>\n\t\t\t\t<\/div>\n\t\t\t\t<\/div>\n\t\t\t\t\t<\/div>\n\t\t\t\t<\/div>\n\t\t\t\t<\/div>\n\t\t","protected":false},"excerpt":{"rendered":"<p>Transpar\u00eancia A Associa\u00e7\u00e3o Oficina Escola Professor Eur\u00edpedes Barsanulfo acredita que transpar\u00eancia \u00e9 um compromisso fundamental com a sociedade. Todos os recursos recebidos \u2014 seja de doadores, parceiros, eventos ou pol\u00edticas p\u00fablicas \u2014 s\u00e3o administrados com responsabilidade, \u00e9tica e clareza. Por isso, disponibilizamos nesta p\u00e1gina documentos oficiais, relat\u00f3rios de atividades, presta\u00e7\u00f5es de contas e informa\u00e7\u00f5es sobre a nossa governan\u00e7a. Aqui, qualquer pessoa pode acompanhar como os recursos s\u00e3o aplicados e qual \u00e9 o impacto real dos programas sociais desenvolvidos pela institui\u00e7\u00e3o. Nosso compromisso \u00e9 garantir que cada contribui\u00e7\u00e3o se transforme em educa\u00e7\u00e3o, cuidado, acolhimento e oportunidades para a comunidade de Batatais. Presta\u00e7\u00e3o de Contas Relat\u00f3rios Anuais Documentos P\u00fablicos Editais LGPD e Pol\u00edtica de Privacidade<\/p>\n","protected":false},"author":1,"featured_media":0,"parent":0,"menu_order":0,"comment_status":"closed","ping_status":"closed","template":"elementor_header_footer","meta":{"footnotes":""},"class_list":["post-21","page","type-page","status-publish","hentry"],"yoast_head":"<!-- This site is optimized with the Yoast SEO plugin v26.7 - https:\/\/yoast.com\/wordpress\/plugins\/seo\/ -->\n<title>Transpar\u00eancia - ASSOCIA\u00c7\u00c3O OFICINA ESCOLA PROFESSOR EUR\u00cdPEDES BARSANULFO<\/title>\n<meta name=\"robots\" content=\"index, follow, max-snippet:-1, max-image-preview:large, max-video-preview:-1\" \/>\n<link rel=\"canonical\" href=\"https:\/\/euripedesbarsanulfo.org\/site\/transparencia\/\" \/>\n<meta property=\"og:locale\" content=\"pt_BR\" \/>\n<meta property=\"og:type\" content=\"article\" \/>\n<meta property=\"og:title\" content=\"Transpar\u00eancia - ASSOCIA\u00c7\u00c3O OFICINA ESCOLA PROFESSOR EUR\u00cdPEDES BARSANULFO\" \/>\n<meta property=\"og:description\" content=\"Transpar\u00eancia A Associa\u00e7\u00e3o Oficina Escola Professor Eur\u00edpedes Barsanulfo acredita que transpar\u00eancia \u00e9 um compromisso fundamental com a sociedade. Todos os recursos recebidos \u2014 seja de doadores, parceiros, eventos ou pol\u00edticas p\u00fablicas \u2014 s\u00e3o administrados com responsabilidade, \u00e9tica e clareza. Por isso, disponibilizamos nesta p\u00e1gina documentos oficiais, relat\u00f3rios de atividades, presta\u00e7\u00f5es de contas e informa\u00e7\u00f5es sobre a nossa governan\u00e7a. Aqui, qualquer pessoa pode acompanhar como os recursos s\u00e3o aplicados e qual \u00e9 o impacto real dos programas sociais desenvolvidos pela institui\u00e7\u00e3o. Nosso compromisso \u00e9 garantir que cada contribui\u00e7\u00e3o se transforme em educa\u00e7\u00e3o, cuidado, acolhimento e oportunidades para a comunidade de Batatais. Presta\u00e7\u00e3o de Contas Relat\u00f3rios Anuais Documentos P\u00fablicos Editais LGPD e Pol\u00edtica de Privacidade\" \/>\n<meta property=\"og:url\" content=\"https:\/\/euripedesbarsanulfo.org\/site\/transparencia\/\" \/>\n<meta property=\"og:site_name\" content=\"ASSOCIA\u00c7\u00c3O OFICINA ESCOLA PROFESSOR EUR\u00cdPEDES BARSANULFO\" \/>\n<meta property=\"article:modified_time\" content=\"2026-01-21T18:29:10+00:00\" \/>\n<meta property=\"og:image\" content=\"http:\/\/euripedesbarsanulfo.org\/site\/wp-content\/uploads\/2026\/01\/transparencia.png\" \/>\n<meta name=\"twitter:card\" content=\"summary_large_image\" \/>\n<meta name=\"twitter:label1\" content=\"Est. tempo de leitura\" \/>\n\t<meta name=\"twitter:data1\" content=\"1 minuto\" \/>\n<script type=\"application\/ld+json\" class=\"yoast-schema-graph\">{\"@context\":\"https:\/\/schema.org\",\"@graph\":[{\"@type\":\"WebPage\",\"@id\":\"https:\/\/euripedesbarsanulfo.org\/site\/transparencia\/\",\"url\":\"https:\/\/euripedesbarsanulfo.org\/site\/transparencia\/\",\"name\":\"Transpar\u00eancia - ASSOCIA\u00c7\u00c3O OFICINA ESCOLA PROFESSOR EUR\u00cdPEDES BARSANULFO\",\"isPartOf\":{\"@id\":\"http:\/\/euripedesbarsanulfo.org\/site\/#website\"},\"primaryImageOfPage\":{\"@id\":\"https:\/\/euripedesbarsanulfo.org\/site\/transparencia\/#primaryimage\"},\"image\":{\"@id\":\"https:\/\/euripedesbarsanulfo.org\/site\/transparencia\/#primaryimage\"},\"thumbnailUrl\":\"http:\/\/euripedesbarsanulfo.org\/site\/wp-content\/uploads\/2026\/01\/transparencia.png\",\"datePublished\":\"2025-12-02T12:25:15+00:00\",\"dateModified\":\"2026-01-21T18:29:10+00:00\",\"breadcrumb\":{\"@id\":\"https:\/\/euripedesbarsanulfo.org\/site\/transparencia\/#breadcrumb\"},\"inLanguage\":\"pt-BR\",\"potentialAction\":[{\"@type\":\"ReadAction\",\"target\":[\"https:\/\/euripedesbarsanulfo.org\/site\/transparencia\/\"]}]},{\"@type\":\"ImageObject\",\"inLanguage\":\"pt-BR\",\"@id\":\"https:\/\/euripedesbarsanulfo.org\/site\/transparencia\/#primaryimage\",\"url\":\"https:\/\/euripedesbarsanulfo.org\/site\/wp-content\/uploads\/2026\/01\/transparencia.png\",\"contentUrl\":\"https:\/\/euripedesbarsanulfo.org\/site\/wp-content\/uploads\/2026\/01\/transparencia.png\",\"width\":500,\"height\":350},{\"@type\":\"BreadcrumbList\",\"@id\":\"https:\/\/euripedesbarsanulfo.org\/site\/transparencia\/#breadcrumb\",\"itemListElement\":[{\"@type\":\"ListItem\",\"position\":1,\"name\":\"In\u00edcio\",\"item\":\"http:\/\/euripedesbarsanulfo.org\/site\/\"},{\"@type\":\"ListItem\",\"position\":2,\"name\":\"Transpar\u00eancia\"}]},{\"@type\":\"WebSite\",\"@id\":\"http:\/\/euripedesbarsanulfo.org\/site\/#website\",\"url\":\"http:\/\/euripedesbarsanulfo.org\/site\/\",\"name\":\"ASSOCIA\u00c7\u00c3O OFICINA ESCOLA PROFESSOR EUR\u00cdPEDES BARSANULFO\",\"description\":\"\",\"publisher\":{\"@id\":\"http:\/\/euripedesbarsanulfo.org\/site\/#organization\"},\"potentialAction\":[{\"@type\":\"SearchAction\",\"target\":{\"@type\":\"EntryPoint\",\"urlTemplate\":\"http:\/\/euripedesbarsanulfo.org\/site\/?s={search_term_string}\"},\"query-input\":{\"@type\":\"PropertyValueSpecification\",\"valueRequired\":true,\"valueName\":\"search_term_string\"}}],\"inLanguage\":\"pt-BR\"},{\"@type\":\"Organization\",\"@id\":\"http:\/\/euripedesbarsanulfo.org\/site\/#organization\",\"name\":\"ASSOCIA\u00c7\u00c3O OFICINA ESCOLA PROFESSOR EUR\u00cdPEDES BARSANULFO\",\"url\":\"http:\/\/euripedesbarsanulfo.org\/site\/\",\"logo\":{\"@type\":\"ImageObject\",\"inLanguage\":\"pt-BR\",\"@id\":\"http:\/\/euripedesbarsanulfo.org\/site\/#\/schema\/logo\/image\/\",\"url\":\"https:\/\/euripedesbarsanulfo.org\/site\/wp-content\/uploads\/2026\/01\/logotipo_euripedes.png\",\"contentUrl\":\"https:\/\/euripedesbarsanulfo.org\/site\/wp-content\/uploads\/2026\/01\/logotipo_euripedes.png\",\"width\":380,\"height\":150,\"caption\":\"ASSOCIA\u00c7\u00c3O OFICINA ESCOLA PROFESSOR EUR\u00cdPEDES BARSANULFO\"},\"image\":{\"@id\":\"http:\/\/euripedesbarsanulfo.org\/site\/#\/schema\/logo\/image\/\"}}]}<\/script>\n<!-- \/ Yoast SEO plugin. -->","yoast_head_json":{"title":"Transpar\u00eancia - ASSOCIA\u00c7\u00c3O OFICINA ESCOLA PROFESSOR EUR\u00cdPEDES BARSANULFO","robots":{"index":"index","follow":"follow","max-snippet":"max-snippet:-1","max-image-preview":"max-image-preview:large","max-video-preview":"max-video-preview:-1"},"canonical":"https:\/\/euripedesbarsanulfo.org\/site\/transparencia\/","og_locale":"pt_BR","og_type":"article","og_title":"Transpar\u00eancia - ASSOCIA\u00c7\u00c3O OFICINA ESCOLA PROFESSOR EUR\u00cdPEDES BARSANULFO","og_description":"Transpar\u00eancia A Associa\u00e7\u00e3o Oficina Escola Professor Eur\u00edpedes Barsanulfo acredita que transpar\u00eancia \u00e9 um compromisso fundamental com a sociedade. Todos os recursos recebidos \u2014 seja de doadores, parceiros, eventos ou pol\u00edticas p\u00fablicas \u2014 s\u00e3o administrados com responsabilidade, \u00e9tica e clareza. Por isso, disponibilizamos nesta p\u00e1gina documentos oficiais, relat\u00f3rios de atividades, presta\u00e7\u00f5es de contas e informa\u00e7\u00f5es sobre a nossa governan\u00e7a. Aqui, qualquer pessoa pode acompanhar como os recursos s\u00e3o aplicados e qual \u00e9 o impacto real dos programas sociais desenvolvidos pela institui\u00e7\u00e3o. Nosso compromisso \u00e9 garantir que cada contribui\u00e7\u00e3o se transforme em educa\u00e7\u00e3o, cuidado, acolhimento e oportunidades para a comunidade de Batatais. Presta\u00e7\u00e3o de Contas Relat\u00f3rios Anuais Documentos P\u00fablicos Editais LGPD e Pol\u00edtica de Privacidade","og_url":"https:\/\/euripedesbarsanulfo.org\/site\/transparencia\/","og_site_name":"ASSOCIA\u00c7\u00c3O OFICINA ESCOLA PROFESSOR EUR\u00cdPEDES BARSANULFO","article_modified_time":"2026-01-21T18:29:10+00:00","og_image":[{"url":"http:\/\/euripedesbarsanulfo.org\/site\/wp-content\/uploads\/2026\/01\/transparencia.png","type":"","width":"","height":""}],"twitter_card":"summary_large_image","twitter_misc":{"Est. tempo de leitura":"1 minuto"},"schema":{"@context":"https:\/\/schema.org","@graph":[{"@type":"WebPage","@id":"https:\/\/euripedesbarsanulfo.org\/site\/transparencia\/","url":"https:\/\/euripedesbarsanulfo.org\/site\/transparencia\/","name":"Transpar\u00eancia - ASSOCIA\u00c7\u00c3O OFICINA ESCOLA PROFESSOR EUR\u00cdPEDES BARSANULFO","isPartOf":{"@id":"http:\/\/euripedesbarsanulfo.org\/site\/#website"},"primaryImageOfPage":{"@id":"https:\/\/euripedesbarsanulfo.org\/site\/transparencia\/#primaryimage"},"image":{"@id":"https:\/\/euripedesbarsanulfo.org\/site\/transparencia\/#primaryimage"},"thumbnailUrl":"http:\/\/euripedesbarsanulfo.org\/site\/wp-content\/uploads\/2026\/01\/transparencia.png","datePublished":"2025-12-02T12:25:15+00:00","dateModified":"2026-01-21T18:29:10+00:00","breadcrumb":{"@id":"https:\/\/euripedesbarsanulfo.org\/site\/transparencia\/#breadcrumb"},"inLanguage":"pt-BR","potentialAction":[{"@type":"ReadAction","target":["https:\/\/euripedesbarsanulfo.org\/site\/transparencia\/"]}]},{"@type":"ImageObject","inLanguage":"pt-BR","@id":"https:\/\/euripedesbarsanulfo.org\/site\/transparencia\/#primaryimage","url":"https:\/\/euripedesbarsanulfo.org\/site\/wp-content\/uploads\/2026\/01\/transparencia.png","contentUrl":"https:\/\/euripedesbarsanulfo.org\/site\/wp-content\/uploads\/2026\/01\/transparencia.png","width":500,"height":350},{"@type":"BreadcrumbList","@id":"https:\/\/euripedesbarsanulfo.org\/site\/transparencia\/#breadcrumb","itemListElement":[{"@type":"ListItem","position":1,"name":"In\u00edcio","item":"http:\/\/euripedesbarsanulfo.org\/site\/"},{"@type":"ListItem","position":2,"name":"Transpar\u00eancia"}]},{"@type":"WebSite","@id":"http:\/\/euripedesbarsanulfo.org\/site\/#website","url":"http:\/\/euripedesbarsanulfo.org\/site\/","name":"ASSOCIA\u00c7\u00c3O OFICINA ESCOLA PROFESSOR EUR\u00cdPEDES BARSANULFO","description":"","publisher":{"@id":"http:\/\/euripedesbarsanulfo.org\/site\/#organization"},"potentialAction":[{"@type":"SearchAction","target":{"@type":"EntryPoint","urlTemplate":"http:\/\/euripedesbarsanulfo.org\/site\/?s={search_term_string}"},"query-input":{"@type":"PropertyValueSpecification","valueRequired":true,"valueName":"search_term_string"}}],"inLanguage":"pt-BR"},{"@type":"Organization","@id":"http:\/\/euripedesbarsanulfo.org\/site\/#organization","name":"ASSOCIA\u00c7\u00c3O OFICINA ESCOLA PROFESSOR EUR\u00cdPEDES BARSANULFO","url":"http:\/\/euripedesbarsanulfo.org\/site\/","logo":{"@type":"ImageObject","inLanguage":"pt-BR","@id":"http:\/\/euripedesbarsanulfo.org\/site\/#\/schema\/logo\/image\/","url":"https:\/\/euripedesbarsanulfo.org\/site\/wp-content\/uploads\/2026\/01\/logotipo_euripedes.png","contentUrl":"https:\/\/euripedesbarsanulfo.org\/site\/wp-content\/uploads\/2026\/01\/logotipo_euripedes.png","width":380,"height":150,"caption":"ASSOCIA\u00c7\u00c3O OFICINA ESCOLA PROFESSOR EUR\u00cdPEDES BARSANULFO"},"image":{"@id":"http:\/\/euripedesbarsanulfo.org\/site\/#\/schema\/logo\/image\/"}}]}},"_links":{"self":[{"href":"https:\/\/euripedesbarsanulfo.org\/site\/wp-json\/wp\/v2\/pages\/21","targetHints":{"allow":["GET"]}}],"collection":[{"href":"https:\/\/euripedesbarsanulfo.org\/site\/wp-json\/wp\/v2\/pages"}],"about":[{"href":"https:\/\/euripedesbarsanulfo.org\/site\/wp-json\/wp\/v2\/types\/page"}],"author":[{"embeddable":true,"href":"https:\/\/euripedesbarsanulfo.org\/site\/wp-json\/wp\/v2\/users\/1"}],"replies":[{"embeddable":true,"href":"https:\/\/euripedesbarsanulfo.org\/site\/wp-json\/wp\/v2\/comments?post=21"}],"version-history":[{"count":31,"href":"https:\/\/euripedesbarsanulfo.org\/site\/wp-json\/wp\/v2\/pages\/21\/revisions"}],"predecessor-version":[{"id":1044,"href":"https:\/\/euripedesbarsanulfo.org\/site\/wp-json\/wp\/v2\/pages\/21\/revisions\/1044"}],"wp:attachment":[{"href":"https:\/\/euripedesbarsanulfo.org\/site\/wp-json\/wp\/v2\/media?parent=21"}],"curies":[{"name":"wp","href":"https:\/\/api.w.org\/{rel}","templated":true}]}}