{"id":19,"date":"2025-12-02T12:24:41","date_gmt":"2025-12-02T12:24:41","guid":{"rendered":"https:\/\/euripedesbarsanulfo.org\/site\/?page_id=19"},"modified":"2026-01-20T20:24:46","modified_gmt":"2026-01-20T20:24:46","slug":"captacao-de-recursos","status":"publish","type":"page","link":"https:\/\/euripedesbarsanulfo.org\/site\/captacao-de-recursos\/","title":{"rendered":"Capta\u00e7\u00e3o de Recursos"},"content":{"rendered":"\t\t<div data-elementor-type=\"wp-page\" data-elementor-id=\"19\" class=\"elementor elementor-19\" data-elementor-settings=\"{&quot;ha_cmc_init_switcher&quot;:&quot;no&quot;}\">\n\t\t\t\t<div class=\"elementor-element elementor-element-ea3b318 e-flex e-con-boxed wpr-particle-no wpr-jarallax-no wpr-parallax-no wpr-sticky-section-no e-con e-parent\" data-id=\"ea3b318\" data-element_type=\"container\" data-settings=\"{&quot;_ha_eqh_enable&quot;:false}\">\n\t\t\t\t\t<div class=\"e-con-inner\">\n\t\t<div class=\"elementor-element elementor-element-363cab3 e-con-full e-flex wpr-particle-no wpr-jarallax-no wpr-parallax-no wpr-sticky-section-no e-con e-child\" data-id=\"363cab3\" data-element_type=\"container\" data-settings=\"{&quot;_ha_eqh_enable&quot;:false}\">\n\t\t\t\t<div class=\"elementor-element elementor-element-33d5dbd elementor-widget elementor-widget-shortcode\" data-id=\"33d5dbd\" data-element_type=\"widget\" data-widget_type=\"shortcode.default\">\n\t\t\t\t\t\t\t<div class=\"elementor-shortcode\"><span><span><a href=\"https:\/\/euripedesbarsanulfo.org\/site\/\">In\u00edcio<\/a><\/span><\/span><\/div>\n\t\t\t\t\t\t<\/div>\n\t\t\t\t<\/div>\n\t\t<div class=\"elementor-element elementor-element-2fd0065 e-con-full e-flex wpr-particle-no wpr-jarallax-no wpr-parallax-no wpr-sticky-section-no e-con e-child\" data-id=\"2fd0065\" data-element_type=\"container\" data-settings=\"{&quot;_ha_eqh_enable&quot;:false}\">\n\t\t\t\t<div class=\"elementor-element elementor-element-713a28d elementor-widget__width-initial elementor-widget elementor-widget-heading\" data-id=\"713a28d\" data-element_type=\"widget\" data-widget_type=\"heading.default\">\n\t\t\t\t\t<h2 class=\"elementor-heading-title elementor-size-default\">Capta\u00e7\u00e3o de Recursos<\/h2>\t\t\t\t<\/div>\n\t\t\t\t<\/div>\n\t\t\t\t\t<\/div>\n\t\t\t\t<\/div>\n\t\t<div class=\"elementor-element elementor-element-c7f81b7 e-flex e-con-boxed wpr-particle-no wpr-jarallax-no wpr-parallax-no wpr-sticky-section-no e-con e-parent\" data-id=\"c7f81b7\" data-element_type=\"container\" data-settings=\"{&quot;_ha_eqh_enable&quot;:false}\">\n\t\t\t\t\t<div class=\"e-con-inner\">\n\t\t<div class=\"elementor-element elementor-element-d2686eb e-con-full e-flex wpr-particle-no wpr-jarallax-no wpr-parallax-no wpr-sticky-section-no e-con e-child\" data-id=\"d2686eb\" data-element_type=\"container\" data-settings=\"{&quot;_ha_eqh_enable&quot;:false}\">\n\t\t\t\t<div class=\"elementor-element elementor-element-0e04aa3 elementor-widget__width-initial elementor-widget-mobile__width-initial elementor-widget elementor-widget-text-editor\" data-id=\"0e04aa3\" data-element_type=\"widget\" data-widget_type=\"text-editor.default\">\n\t\t\t\t\t\t\t\t\t<p>A manuten\u00e7\u00e3o e o crescimento dos programas sociais da <strong>Associa\u00e7\u00e3o Oficina Escola Professor Eur\u00edpedes Barsanulfo<\/strong> dependem da participa\u00e7\u00e3o ativa da sociedade. A sua ajuda garante que projetos de educa\u00e7\u00e3o, assist\u00eancia social e sa\u00fade integrativa continuem transformando vidas em Batatais. Existem diversas maneiras de contribuir \u2014 seja com doa\u00e7\u00f5es, compras solid\u00e1rias, participa\u00e7\u00e3o em eventos ou voluntariado.<\/p><p>A seguir, explicamos <strong>como voc\u00ea pode ajudar<\/strong> de forma simples, transparente e eficaz.<\/p>\t\t\t\t\t\t\t\t<\/div>\n\t\t\t\t<div class=\"elementor-element elementor-element-30d1d07 elementor-widget__width-initial elementor-widget-mobile__width-inherit elementor-widget elementor-widget-image\" data-id=\"30d1d07\" data-element_type=\"widget\" data-widget_type=\"image.default\">\n\t\t\t\t\t\t\t\t\t\t\t\t\t\t\t<img fetchpriority=\"high\" decoding=\"async\" width=\"500\" height=\"350\" src=\"https:\/\/euripedesbarsanulfo.org\/site\/wp-content\/uploads\/2026\/01\/captacao_recursos.png\" class=\"attachment-large size-large wp-image-979\" alt=\"\" srcset=\"https:\/\/euripedesbarsanulfo.org\/site\/wp-content\/uploads\/2026\/01\/captacao_recursos.png 500w, https:\/\/euripedesbarsanulfo.org\/site\/wp-content\/uploads\/2026\/01\/captacao_recursos-300x210.png 300w\" sizes=\"(max-width: 500px) 100vw, 500px\" \/>\t\t\t\t\t\t\t\t\t\t\t\t\t\t\t<\/div>\n\t\t\t\t<\/div>\n\t\t\t\t\t<\/div>\n\t\t\t\t<\/div>\n\t\t<div class=\"elementor-element elementor-element-6149f4b e-flex e-con-boxed wpr-particle-no wpr-jarallax-no wpr-parallax-no wpr-sticky-section-no e-con e-parent\" data-id=\"6149f4b\" data-element_type=\"container\" data-settings=\"{&quot;_ha_eqh_enable&quot;:false}\">\n\t\t\t\t\t<div class=\"e-con-inner\">\n\t\t<div class=\"elementor-element elementor-element-ebf167f e-grid e-con-full wpr-particle-no wpr-jarallax-no wpr-parallax-no wpr-sticky-section-no e-con e-child\" data-id=\"ebf167f\" data-element_type=\"container\" data-settings=\"{&quot;_ha_eqh_enable&quot;:false}\">\n\t\t<div data-ha-element-link=\"{&quot;url&quot;:&quot;https:\\\/\\\/euripedesbarsanulfo.org\\\/site\\\/captacao-de-recursos\\\/acoes-e-eventos\\\/&quot;,&quot;is_external&quot;:&quot;&quot;,&quot;nofollow&quot;:&quot;&quot;}\" style=\"cursor: pointer\" class=\"elementor-element elementor-element-fea4bee e-con-full e-flex wpr-particle-no wpr-jarallax-no wpr-parallax-no wpr-sticky-section-no e-con e-child\" data-id=\"fea4bee\" data-element_type=\"container\" data-settings=\"{&quot;background_background&quot;:&quot;classic&quot;,&quot;_ha_eqh_enable&quot;:false}\">\n\t\t\t\t<div class=\"elementor-element elementor-element-74f6aac elementor-widget elementor-widget-heading\" data-id=\"74f6aac\" data-element_type=\"widget\" data-widget_type=\"heading.default\">\n\t\t\t\t\t<h2 class=\"elementor-heading-title elementor-size-default\">A\u00e7\u00f5es e Eventos<\/h2>\t\t\t\t<\/div>\n\t\t\t\t<\/div>\n\t\t<div data-ha-element-link=\"{&quot;url&quot;:&quot;https:\\\/\\\/euripedesbarsanulfo.org\\\/site\\\/captacao-de-recursos\\\/como-ser-um-voluntariado\\\/&quot;,&quot;is_external&quot;:&quot;&quot;,&quot;nofollow&quot;:&quot;&quot;}\" style=\"cursor: pointer\" class=\"elementor-element elementor-element-87a0121 e-con-full e-flex wpr-particle-no wpr-jarallax-no wpr-parallax-no wpr-sticky-section-no e-con e-child\" data-id=\"87a0121\" data-element_type=\"container\" data-settings=\"{&quot;background_background&quot;:&quot;classic&quot;,&quot;_ha_eqh_enable&quot;:false}\">\n\t\t\t\t<div class=\"elementor-element elementor-element-1a6eadd elementor-widget elementor-widget-heading\" data-id=\"1a6eadd\" data-element_type=\"widget\" data-widget_type=\"heading.default\">\n\t\t\t\t\t<h2 class=\"elementor-heading-title elementor-size-default\">Como ser um Volutariado<\/h2>\t\t\t\t<\/div>\n\t\t\t\t<\/div>\n\t\t<div data-ha-element-link=\"{&quot;url&quot;:&quot;https:\\\/\\\/euripedesbarsanulfo.org\\\/site\\\/captacao-de-recursos\\\/como-ser-um-doador\\\/&quot;,&quot;is_external&quot;:&quot;&quot;,&quot;nofollow&quot;:&quot;&quot;}\" style=\"cursor: pointer\" class=\"elementor-element elementor-element-1854810 e-con-full e-flex wpr-particle-no wpr-jarallax-no wpr-parallax-no wpr-sticky-section-no e-con e-child\" data-id=\"1854810\" data-element_type=\"container\" data-settings=\"{&quot;background_background&quot;:&quot;classic&quot;,&quot;_ha_eqh_enable&quot;:false}\">\n\t\t\t\t<div class=\"elementor-element elementor-element-ead951d elementor-widget elementor-widget-heading\" data-id=\"ead951d\" data-element_type=\"widget\" data-widget_type=\"heading.default\">\n\t\t\t\t\t<h2 class=\"elementor-heading-title elementor-size-default\">Como ser um Doador<\/h2>\t\t\t\t<\/div>\n\t\t\t\t<\/div>\n\t\t\t\t<\/div>\n\t\t\t\t\t<\/div>\n\t\t\t\t<\/div>\n\t\t\t\t<\/div>\n\t\t","protected":false},"excerpt":{"rendered":"<p>Capta\u00e7\u00e3o de Recursos A manuten\u00e7\u00e3o e o crescimento dos programas sociais da Associa\u00e7\u00e3o Oficina Escola Professor Eur\u00edpedes Barsanulfo dependem da participa\u00e7\u00e3o ativa da sociedade. A sua ajuda garante que projetos de educa\u00e7\u00e3o, assist\u00eancia social e sa\u00fade integrativa continuem transformando vidas em Batatais. Existem diversas maneiras de contribuir \u2014 seja com doa\u00e7\u00f5es, compras solid\u00e1rias, participa\u00e7\u00e3o em eventos ou voluntariado. A seguir, explicamos como voc\u00ea pode ajudar de forma simples, transparente e eficaz. A\u00e7\u00f5es e Eventos Como ser um Volutariado Como ser um Doador<\/p>\n","protected":false},"author":1,"featured_media":0,"parent":0,"menu_order":0,"comment_status":"closed","ping_status":"closed","template":"elementor_header_footer","meta":{"footnotes":""},"class_list":["post-19","page","type-page","status-publish","hentry"],"yoast_head":"<!-- This site is optimized with the Yoast SEO plugin v26.7 - https:\/\/yoast.com\/wordpress\/plugins\/seo\/ -->\n<title>Capta\u00e7\u00e3o de Recursos - ASSOCIA\u00c7\u00c3O OFICINA ESCOLA PROFESSOR EUR\u00cdPEDES BARSANULFO<\/title>\n<meta name=\"robots\" content=\"index, follow, max-snippet:-1, max-image-preview:large, max-video-preview:-1\" \/>\n<link rel=\"canonical\" href=\"https:\/\/euripedesbarsanulfo.org\/site\/captacao-de-recursos\/\" \/>\n<meta property=\"og:locale\" content=\"pt_BR\" \/>\n<meta property=\"og:type\" content=\"article\" \/>\n<meta property=\"og:title\" content=\"Capta\u00e7\u00e3o de Recursos - ASSOCIA\u00c7\u00c3O OFICINA ESCOLA PROFESSOR EUR\u00cdPEDES BARSANULFO\" \/>\n<meta property=\"og:description\" content=\"Capta\u00e7\u00e3o de Recursos A manuten\u00e7\u00e3o e o crescimento dos programas sociais da Associa\u00e7\u00e3o Oficina Escola Professor Eur\u00edpedes Barsanulfo dependem da participa\u00e7\u00e3o ativa da sociedade. A sua ajuda garante que projetos de educa\u00e7\u00e3o, assist\u00eancia social e sa\u00fade integrativa continuem transformando vidas em Batatais. Existem diversas maneiras de contribuir \u2014 seja com doa\u00e7\u00f5es, compras solid\u00e1rias, participa\u00e7\u00e3o em eventos ou voluntariado. A seguir, explicamos como voc\u00ea pode ajudar de forma simples, transparente e eficaz. A\u00e7\u00f5es e Eventos Como ser um Volutariado Como ser um Doador\" \/>\n<meta property=\"og:url\" content=\"https:\/\/euripedesbarsanulfo.org\/site\/captacao-de-recursos\/\" \/>\n<meta property=\"og:site_name\" content=\"ASSOCIA\u00c7\u00c3O OFICINA ESCOLA PROFESSOR EUR\u00cdPEDES BARSANULFO\" \/>\n<meta property=\"article:modified_time\" content=\"2026-01-20T20:24:46+00:00\" \/>\n<meta property=\"og:image\" content=\"http:\/\/euripedesbarsanulfo.org\/site\/wp-content\/uploads\/2026\/01\/captacao_recursos.png\" \/>\n<meta name=\"twitter:card\" content=\"summary_large_image\" \/>\n<meta name=\"twitter:label1\" content=\"Est. tempo de leitura\" \/>\n\t<meta name=\"twitter:data1\" content=\"1 minuto\" \/>\n<script type=\"application\/ld+json\" class=\"yoast-schema-graph\">{\"@context\":\"https:\/\/schema.org\",\"@graph\":[{\"@type\":\"WebPage\",\"@id\":\"https:\/\/euripedesbarsanulfo.org\/site\/captacao-de-recursos\/\",\"url\":\"https:\/\/euripedesbarsanulfo.org\/site\/captacao-de-recursos\/\",\"name\":\"Capta\u00e7\u00e3o de Recursos - ASSOCIA\u00c7\u00c3O OFICINA ESCOLA PROFESSOR EUR\u00cdPEDES BARSANULFO\",\"isPartOf\":{\"@id\":\"https:\/\/euripedesbarsanulfo.org\/site\/#website\"},\"primaryImageOfPage\":{\"@id\":\"https:\/\/euripedesbarsanulfo.org\/site\/captacao-de-recursos\/#primaryimage\"},\"image\":{\"@id\":\"https:\/\/euripedesbarsanulfo.org\/site\/captacao-de-recursos\/#primaryimage\"},\"thumbnailUrl\":\"http:\/\/euripedesbarsanulfo.org\/site\/wp-content\/uploads\/2026\/01\/captacao_recursos.png\",\"datePublished\":\"2025-12-02T12:24:41+00:00\",\"dateModified\":\"2026-01-20T20:24:46+00:00\",\"breadcrumb\":{\"@id\":\"https:\/\/euripedesbarsanulfo.org\/site\/captacao-de-recursos\/#breadcrumb\"},\"inLanguage\":\"pt-BR\",\"potentialAction\":[{\"@type\":\"ReadAction\",\"target\":[\"https:\/\/euripedesbarsanulfo.org\/site\/captacao-de-recursos\/\"]}]},{\"@type\":\"ImageObject\",\"inLanguage\":\"pt-BR\",\"@id\":\"https:\/\/euripedesbarsanulfo.org\/site\/captacao-de-recursos\/#primaryimage\",\"url\":\"https:\/\/euripedesbarsanulfo.org\/site\/wp-content\/uploads\/2026\/01\/captacao_recursos.png\",\"contentUrl\":\"https:\/\/euripedesbarsanulfo.org\/site\/wp-content\/uploads\/2026\/01\/captacao_recursos.png\",\"width\":500,\"height\":350},{\"@type\":\"BreadcrumbList\",\"@id\":\"https:\/\/euripedesbarsanulfo.org\/site\/captacao-de-recursos\/#breadcrumb\",\"itemListElement\":[{\"@type\":\"ListItem\",\"position\":1,\"name\":\"In\u00edcio\",\"item\":\"https:\/\/euripedesbarsanulfo.org\/site\/\"},{\"@type\":\"ListItem\",\"position\":2,\"name\":\"Capta\u00e7\u00e3o de Recursos\"}]},{\"@type\":\"WebSite\",\"@id\":\"https:\/\/euripedesbarsanulfo.org\/site\/#website\",\"url\":\"https:\/\/euripedesbarsanulfo.org\/site\/\",\"name\":\"ASSOCIA\u00c7\u00c3O OFICINA ESCOLA PROFESSOR EUR\u00cdPEDES BARSANULFO\",\"description\":\"\",\"publisher\":{\"@id\":\"https:\/\/euripedesbarsanulfo.org\/site\/#organization\"},\"potentialAction\":[{\"@type\":\"SearchAction\",\"target\":{\"@type\":\"EntryPoint\",\"urlTemplate\":\"https:\/\/euripedesbarsanulfo.org\/site\/?s={search_term_string}\"},\"query-input\":{\"@type\":\"PropertyValueSpecification\",\"valueRequired\":true,\"valueName\":\"search_term_string\"}}],\"inLanguage\":\"pt-BR\"},{\"@type\":\"Organization\",\"@id\":\"https:\/\/euripedesbarsanulfo.org\/site\/#organization\",\"name\":\"ASSOCIA\u00c7\u00c3O OFICINA ESCOLA PROFESSOR EUR\u00cdPEDES BARSANULFO\",\"url\":\"https:\/\/euripedesbarsanulfo.org\/site\/\",\"logo\":{\"@type\":\"ImageObject\",\"inLanguage\":\"pt-BR\",\"@id\":\"https:\/\/euripedesbarsanulfo.org\/site\/#\/schema\/logo\/image\/\",\"url\":\"https:\/\/euripedesbarsanulfo.org\/site\/wp-content\/uploads\/2026\/01\/logotipo_euripedes.png\",\"contentUrl\":\"https:\/\/euripedesbarsanulfo.org\/site\/wp-content\/uploads\/2026\/01\/logotipo_euripedes.png\",\"width\":380,\"height\":150,\"caption\":\"ASSOCIA\u00c7\u00c3O OFICINA ESCOLA PROFESSOR EUR\u00cdPEDES BARSANULFO\"},\"image\":{\"@id\":\"https:\/\/euripedesbarsanulfo.org\/site\/#\/schema\/logo\/image\/\"}}]}<\/script>\n<!-- \/ Yoast SEO plugin. -->","yoast_head_json":{"title":"Capta\u00e7\u00e3o de Recursos - ASSOCIA\u00c7\u00c3O OFICINA ESCOLA PROFESSOR EUR\u00cdPEDES BARSANULFO","robots":{"index":"index","follow":"follow","max-snippet":"max-snippet:-1","max-image-preview":"max-image-preview:large","max-video-preview":"max-video-preview:-1"},"canonical":"https:\/\/euripedesbarsanulfo.org\/site\/captacao-de-recursos\/","og_locale":"pt_BR","og_type":"article","og_title":"Capta\u00e7\u00e3o de Recursos - ASSOCIA\u00c7\u00c3O OFICINA ESCOLA PROFESSOR EUR\u00cdPEDES BARSANULFO","og_description":"Capta\u00e7\u00e3o de Recursos A manuten\u00e7\u00e3o e o crescimento dos programas sociais da Associa\u00e7\u00e3o Oficina Escola Professor Eur\u00edpedes Barsanulfo dependem da participa\u00e7\u00e3o ativa da sociedade. A sua ajuda garante que projetos de educa\u00e7\u00e3o, assist\u00eancia social e sa\u00fade integrativa continuem transformando vidas em Batatais. Existem diversas maneiras de contribuir \u2014 seja com doa\u00e7\u00f5es, compras solid\u00e1rias, participa\u00e7\u00e3o em eventos ou voluntariado. A seguir, explicamos como voc\u00ea pode ajudar de forma simples, transparente e eficaz. A\u00e7\u00f5es e Eventos Como ser um Volutariado Como ser um Doador","og_url":"https:\/\/euripedesbarsanulfo.org\/site\/captacao-de-recursos\/","og_site_name":"ASSOCIA\u00c7\u00c3O OFICINA ESCOLA PROFESSOR EUR\u00cdPEDES BARSANULFO","article_modified_time":"2026-01-20T20:24:46+00:00","og_image":[{"url":"http:\/\/euripedesbarsanulfo.org\/site\/wp-content\/uploads\/2026\/01\/captacao_recursos.png","type":"","width":"","height":""}],"twitter_card":"summary_large_image","twitter_misc":{"Est. tempo de leitura":"1 minuto"},"schema":{"@context":"https:\/\/schema.org","@graph":[{"@type":"WebPage","@id":"https:\/\/euripedesbarsanulfo.org\/site\/captacao-de-recursos\/","url":"https:\/\/euripedesbarsanulfo.org\/site\/captacao-de-recursos\/","name":"Capta\u00e7\u00e3o de Recursos - ASSOCIA\u00c7\u00c3O OFICINA ESCOLA PROFESSOR EUR\u00cdPEDES BARSANULFO","isPartOf":{"@id":"https:\/\/euripedesbarsanulfo.org\/site\/#website"},"primaryImageOfPage":{"@id":"https:\/\/euripedesbarsanulfo.org\/site\/captacao-de-recursos\/#primaryimage"},"image":{"@id":"https:\/\/euripedesbarsanulfo.org\/site\/captacao-de-recursos\/#primaryimage"},"thumbnailUrl":"http:\/\/euripedesbarsanulfo.org\/site\/wp-content\/uploads\/2026\/01\/captacao_recursos.png","datePublished":"2025-12-02T12:24:41+00:00","dateModified":"2026-01-20T20:24:46+00:00","breadcrumb":{"@id":"https:\/\/euripedesbarsanulfo.org\/site\/captacao-de-recursos\/#breadcrumb"},"inLanguage":"pt-BR","potentialAction":[{"@type":"ReadAction","target":["https:\/\/euripedesbarsanulfo.org\/site\/captacao-de-recursos\/"]}]},{"@type":"ImageObject","inLanguage":"pt-BR","@id":"https:\/\/euripedesbarsanulfo.org\/site\/captacao-de-recursos\/#primaryimage","url":"https:\/\/euripedesbarsanulfo.org\/site\/wp-content\/uploads\/2026\/01\/captacao_recursos.png","contentUrl":"https:\/\/euripedesbarsanulfo.org\/site\/wp-content\/uploads\/2026\/01\/captacao_recursos.png","width":500,"height":350},{"@type":"BreadcrumbList","@id":"https:\/\/euripedesbarsanulfo.org\/site\/captacao-de-recursos\/#breadcrumb","itemListElement":[{"@type":"ListItem","position":1,"name":"In\u00edcio","item":"https:\/\/euripedesbarsanulfo.org\/site\/"},{"@type":"ListItem","position":2,"name":"Capta\u00e7\u00e3o de Recursos"}]},{"@type":"WebSite","@id":"https:\/\/euripedesbarsanulfo.org\/site\/#website","url":"https:\/\/euripedesbarsanulfo.org\/site\/","name":"ASSOCIA\u00c7\u00c3O OFICINA ESCOLA PROFESSOR EUR\u00cdPEDES BARSANULFO","description":"","publisher":{"@id":"https:\/\/euripedesbarsanulfo.org\/site\/#organization"},"potentialAction":[{"@type":"SearchAction","target":{"@type":"EntryPoint","urlTemplate":"https:\/\/euripedesbarsanulfo.org\/site\/?s={search_term_string}"},"query-input":{"@type":"PropertyValueSpecification","valueRequired":true,"valueName":"search_term_string"}}],"inLanguage":"pt-BR"},{"@type":"Organization","@id":"https:\/\/euripedesbarsanulfo.org\/site\/#organization","name":"ASSOCIA\u00c7\u00c3O OFICINA ESCOLA PROFESSOR EUR\u00cdPEDES BARSANULFO","url":"https:\/\/euripedesbarsanulfo.org\/site\/","logo":{"@type":"ImageObject","inLanguage":"pt-BR","@id":"https:\/\/euripedesbarsanulfo.org\/site\/#\/schema\/logo\/image\/","url":"https:\/\/euripedesbarsanulfo.org\/site\/wp-content\/uploads\/2026\/01\/logotipo_euripedes.png","contentUrl":"https:\/\/euripedesbarsanulfo.org\/site\/wp-content\/uploads\/2026\/01\/logotipo_euripedes.png","width":380,"height":150,"caption":"ASSOCIA\u00c7\u00c3O OFICINA ESCOLA PROFESSOR EUR\u00cdPEDES BARSANULFO"},"image":{"@id":"https:\/\/euripedesbarsanulfo.org\/site\/#\/schema\/logo\/image\/"}}]}},"_links":{"self":[{"href":"https:\/\/euripedesbarsanulfo.org\/site\/wp-json\/wp\/v2\/pages\/19","targetHints":{"allow":["GET"]}}],"collection":[{"href":"https:\/\/euripedesbarsanulfo.org\/site\/wp-json\/wp\/v2\/pages"}],"about":[{"href":"https:\/\/euripedesbarsanulfo.org\/site\/wp-json\/wp\/v2\/types\/page"}],"author":[{"embeddable":true,"href":"https:\/\/euripedesbarsanulfo.org\/site\/wp-json\/wp\/v2\/users\/1"}],"replies":[{"embeddable":true,"href":"https:\/\/euripedesbarsanulfo.org\/site\/wp-json\/wp\/v2\/comments?post=19"}],"version-history":[{"count":34,"href":"https:\/\/euripedesbarsanulfo.org\/site\/wp-json\/wp\/v2\/pages\/19\/revisions"}],"predecessor-version":[{"id":982,"href":"https:\/\/euripedesbarsanulfo.org\/site\/wp-json\/wp\/v2\/pages\/19\/revisions\/982"}],"wp:attachment":[{"href":"https:\/\/euripedesbarsanulfo.org\/site\/wp-json\/wp\/v2\/media?parent=19"}],"curies":[{"name":"wp","href":"https:\/\/api.w.org\/{rel}","templated":true}]}}