{"id":112,"date":"2026-01-12T19:05:12","date_gmt":"2026-01-12T19:05:12","guid":{"rendered":"https:\/\/euripedesbarsanulfo.org\/site\/?page_id=112"},"modified":"2026-01-21T18:24:35","modified_gmt":"2026-01-21T18:24:35","slug":"como-ser-um-voluntariado","status":"publish","type":"page","link":"https:\/\/euripedesbarsanulfo.org\/site\/captacao-de-recursos\/como-ser-um-voluntariado\/","title":{"rendered":"Como ser um Voluntariado"},"content":{"rendered":"\t\t<div data-elementor-type=\"wp-page\" data-elementor-id=\"112\" class=\"elementor elementor-112\" data-elementor-settings=\"{&quot;ha_cmc_init_switcher&quot;:&quot;no&quot;}\">\n\t\t\t\t<div class=\"elementor-element elementor-element-cd1eecd e-flex e-con-boxed wpr-particle-no wpr-jarallax-no wpr-parallax-no wpr-sticky-section-no e-con e-parent\" data-id=\"cd1eecd\" data-element_type=\"container\" data-settings=\"{&quot;_ha_eqh_enable&quot;:false}\">\n\t\t\t\t\t<div class=\"e-con-inner\">\n\t\t<div class=\"elementor-element elementor-element-b322949 e-con-full e-flex wpr-particle-no wpr-jarallax-no wpr-parallax-no wpr-sticky-section-no e-con e-child\" data-id=\"b322949\" data-element_type=\"container\" data-settings=\"{&quot;_ha_eqh_enable&quot;:false}\">\n\t\t\t\t<div class=\"elementor-element elementor-element-3129a09 elementor-widget__width-inherit elementor-widget elementor-widget-shortcode\" data-id=\"3129a09\" data-element_type=\"widget\" data-widget_type=\"shortcode.default\">\n\t\t\t\t\t\t\t<div class=\"elementor-shortcode\"><span><span><a href=\"http:\/\/euripedesbarsanulfo.org\/site\/\">In\u00edcio<\/a><\/span><\/span><\/div>\n\t\t\t\t\t\t<\/div>\n\t\t\t\t<div class=\"elementor-element elementor-element-d59a10a elementor-widget elementor-widget-button\" data-id=\"d59a10a\" data-element_type=\"widget\" data-widget_type=\"button.default\">\n\t\t\t\t\t\t\t\t\t\t<a class=\"elementor-button elementor-button-link elementor-size-sm\" href=\"https:\/\/euripedesbarsanulfo.org\/site\/captacao-de-recursos\/\">\n\t\t\t\t\t\t<span class=\"elementor-button-content-wrapper\">\n\t\t\t\t\t\t<span class=\"elementor-button-icon\">\n\t\t\t\t<svg aria-hidden=\"true\" class=\"e-font-icon-svg e-fas-arrow-alt-circle-left\" viewBox=\"0 0 512 512\" xmlns=\"http:\/\/www.w3.org\/2000\/svg\"><path d=\"M256 504C119 504 8 393 8 256S119 8 256 8s248 111 248 248-111 248-248 248zm116-292H256v-70.9c0-10.7-13-16.1-20.5-8.5L121.2 247.5c-4.7 4.7-4.7 12.2 0 16.9l114.3 114.9c7.6 7.6 20.5 2.2 20.5-8.5V300h116c6.6 0 12-5.4 12-12v-64c0-6.6-5.4-12-12-12z\"><\/path><\/svg>\t\t\t<\/span>\n\t\t\t\t\t\t\t\t\t<span class=\"elementor-button-text\">Voltar<\/span>\n\t\t\t\t\t<\/span>\n\t\t\t\t\t<\/a>\n\t\t\t\t\t\t\t\t<\/div>\n\t\t\t\t<\/div>\n\t\t<div class=\"elementor-element elementor-element-53ffd56 e-con-full e-flex wpr-particle-no wpr-jarallax-no wpr-parallax-no wpr-sticky-section-no e-con e-child\" data-id=\"53ffd56\" data-element_type=\"container\" data-settings=\"{&quot;_ha_eqh_enable&quot;:false}\">\n\t\t\t\t<div class=\"elementor-element elementor-element-1941b73 elementor-widget__width-initial elementor-widget elementor-widget-heading\" data-id=\"1941b73\" data-element_type=\"widget\" data-widget_type=\"heading.default\">\n\t\t\t\t\t<h2 class=\"elementor-heading-title elementor-size-default\">Como ser um Volunt\u00e1rio<\/h2>\t\t\t\t<\/div>\n\t\t\t\t<\/div>\n\t\t\t\t\t<\/div>\n\t\t\t\t<\/div>\n\t\t<div class=\"elementor-element elementor-element-14932fb e-flex e-con-boxed wpr-particle-no wpr-jarallax-no wpr-parallax-no wpr-sticky-section-no e-con e-parent\" data-id=\"14932fb\" data-element_type=\"container\" data-settings=\"{&quot;_ha_eqh_enable&quot;:false}\">\n\t\t\t\t\t<div class=\"e-con-inner\">\n\t\t<div class=\"elementor-element elementor-element-9bc52ea e-con-full e-flex wpr-particle-no wpr-jarallax-no wpr-parallax-no wpr-sticky-section-no e-con e-child\" data-id=\"9bc52ea\" data-element_type=\"container\" data-settings=\"{&quot;_ha_eqh_enable&quot;:false}\">\n\t\t\t\t<div class=\"elementor-element elementor-element-5b0b01a elementor-widget__width-initial elementor-widget-mobile__width-initial elementor-widget elementor-widget-text-editor\" data-id=\"5b0b01a\" data-element_type=\"widget\" data-widget_type=\"text-editor.default\">\n\t\t\t\t\t\t\t\t\t<p>O voluntariado \u00e9 uma das formas mais valiosas de contribuir. Ao doar tempo, conhecimento e cuidado, voc\u00ea se torna parte ativa da transforma\u00e7\u00e3o social. Seja nas atividades educativas, em projetos assistenciais, em eventos beneficentes ou no apoio administrativo, sua contribui\u00e7\u00e3o faz toda a diferen\u00e7a.<\/p><p>\u00a0<\/p><p><strong>Como participar<\/strong><\/p><ul><li>Preencha o formul\u00e1rio de interesse em nossa p\u00e1gina (Em Breve)<\/li><li>Escolha as \u00e1reas em que deseja atuar<\/li><li>Ser\u00e3o oferecidos treinamentos e acompanhamento de acordo com sua disponibilidade<\/li><\/ul><p>\u00a0<\/p><p>O voluntariado n\u00e3o exige experi\u00eancia pr\u00e9via \u2014 apenas vontade de ajudar e compromisso com o pr\u00f3ximo.<\/p><p>Comprometemo-nos com a <strong>\u00e9tica e a transpar\u00eancia<\/strong> em todas as formas de capta\u00e7\u00e3o. Os recursos captados s\u00e3o utilizados de maneira eficiente e respons\u00e1vel, com relat\u00f3rios e presta\u00e7\u00f5es de contas dispon\u00edveis nesta se\u00e7\u00e3o do site. Assim, voc\u00ea pode acompanhar o impacto da sua contribui\u00e7\u00e3o e se sentir parte da mudan\u00e7a.<\/p>\t\t\t\t\t\t\t\t<\/div>\n\t\t<div class=\"elementor-element elementor-element-053a938 e-grid e-con-full wpr-particle-no wpr-jarallax-no wpr-parallax-no wpr-sticky-section-no e-con e-child\" data-id=\"053a938\" data-element_type=\"container\" data-settings=\"{&quot;_ha_eqh_enable&quot;:false}\">\n\t\t\t\t<div class=\"elementor-element elementor-element-42af3a3 elementor-widget elementor-widget-image\" data-id=\"42af3a3\" data-element_type=\"widget\" data-widget_type=\"image.default\">\n\t\t\t\t\t\t\t\t\t\t\t\t\t\t\t<img fetchpriority=\"high\" decoding=\"async\" width=\"500\" height=\"350\" src=\"https:\/\/euripedesbarsanulfo.org\/site\/wp-content\/uploads\/2026\/01\/voluntariado.png\" class=\"attachment-large size-large wp-image-1033\" alt=\"\" srcset=\"https:\/\/euripedesbarsanulfo.org\/site\/wp-content\/uploads\/2026\/01\/voluntariado.png 500w, https:\/\/euripedesbarsanulfo.org\/site\/wp-content\/uploads\/2026\/01\/voluntariado-300x210.png 300w\" sizes=\"(max-width: 500px) 100vw, 500px\" \/>\t\t\t\t\t\t\t\t\t\t\t\t\t\t\t<\/div>\n\t\t\t\t<\/div>\n\t\t\t\t<\/div>\n\t\t\t\t\t<\/div>\n\t\t\t\t<\/div>\n\t\t\t\t<\/div>\n\t\t","protected":false},"excerpt":{"rendered":"<p>Voltar Como ser um Volunt\u00e1rio O voluntariado \u00e9 uma das formas mais valiosas de contribuir. Ao doar tempo, conhecimento e cuidado, voc\u00ea se torna parte ativa da transforma\u00e7\u00e3o social. Seja nas atividades educativas, em projetos assistenciais, em eventos beneficentes ou no apoio administrativo, sua contribui\u00e7\u00e3o faz toda a diferen\u00e7a. \u00a0 Como participar Preencha o formul\u00e1rio de interesse em nossa p\u00e1gina (Em Breve) Escolha as \u00e1reas em que deseja atuar Ser\u00e3o oferecidos treinamentos e acompanhamento de acordo com sua disponibilidade \u00a0 O voluntariado n\u00e3o exige experi\u00eancia pr\u00e9via \u2014 apenas vontade de ajudar e compromisso com o pr\u00f3ximo. Comprometemo-nos com a \u00e9tica e a transpar\u00eancia em todas as formas de capta\u00e7\u00e3o. Os recursos captados s\u00e3o utilizados de maneira eficiente e respons\u00e1vel, com relat\u00f3rios e presta\u00e7\u00f5es de contas dispon\u00edveis nesta se\u00e7\u00e3o do site. Assim, voc\u00ea pode acompanhar o impacto da sua contribui\u00e7\u00e3o e se sentir parte da mudan\u00e7a.<\/p>\n","protected":false},"author":1,"featured_media":0,"parent":19,"menu_order":0,"comment_status":"closed","ping_status":"closed","template":"elementor_header_footer","meta":{"footnotes":""},"class_list":["post-112","page","type-page","status-publish","hentry"],"yoast_head":"<!-- This site is optimized with the Yoast SEO plugin v26.7 - https:\/\/yoast.com\/wordpress\/plugins\/seo\/ -->\n<title>Como ser um Voluntariado - ASSOCIA\u00c7\u00c3O OFICINA ESCOLA PROFESSOR EUR\u00cdPEDES BARSANULFO<\/title>\n<meta name=\"robots\" content=\"index, follow, max-snippet:-1, max-image-preview:large, max-video-preview:-1\" \/>\n<link rel=\"canonical\" href=\"https:\/\/euripedesbarsanulfo.org\/site\/captacao-de-recursos\/como-ser-um-voluntariado\/\" \/>\n<meta property=\"og:locale\" content=\"pt_BR\" \/>\n<meta property=\"og:type\" content=\"article\" \/>\n<meta property=\"og:title\" content=\"Como ser um Voluntariado - ASSOCIA\u00c7\u00c3O OFICINA ESCOLA PROFESSOR EUR\u00cdPEDES BARSANULFO\" \/>\n<meta property=\"og:description\" content=\"Voltar Como ser um Volunt\u00e1rio O voluntariado \u00e9 uma das formas mais valiosas de contribuir. Ao doar tempo, conhecimento e cuidado, voc\u00ea se torna parte ativa da transforma\u00e7\u00e3o social. Seja nas atividades educativas, em projetos assistenciais, em eventos beneficentes ou no apoio administrativo, sua contribui\u00e7\u00e3o faz toda a diferen\u00e7a. \u00a0 Como participar Preencha o formul\u00e1rio de interesse em nossa p\u00e1gina (Em Breve) Escolha as \u00e1reas em que deseja atuar Ser\u00e3o oferecidos treinamentos e acompanhamento de acordo com sua disponibilidade \u00a0 O voluntariado n\u00e3o exige experi\u00eancia pr\u00e9via \u2014 apenas vontade de ajudar e compromisso com o pr\u00f3ximo. Comprometemo-nos com a \u00e9tica e a transpar\u00eancia em todas as formas de capta\u00e7\u00e3o. Os recursos captados s\u00e3o utilizados de maneira eficiente e respons\u00e1vel, com relat\u00f3rios e presta\u00e7\u00f5es de contas dispon\u00edveis nesta se\u00e7\u00e3o do site. Assim, voc\u00ea pode acompanhar o impacto da sua contribui\u00e7\u00e3o e se sentir parte da mudan\u00e7a.\" \/>\n<meta property=\"og:url\" content=\"https:\/\/euripedesbarsanulfo.org\/site\/captacao-de-recursos\/como-ser-um-voluntariado\/\" \/>\n<meta property=\"og:site_name\" content=\"ASSOCIA\u00c7\u00c3O OFICINA ESCOLA PROFESSOR EUR\u00cdPEDES BARSANULFO\" \/>\n<meta property=\"article:modified_time\" content=\"2026-01-21T18:24:35+00:00\" \/>\n<meta property=\"og:image\" content=\"http:\/\/euripedesbarsanulfo.org\/site\/wp-content\/uploads\/2026\/01\/voluntariado.png\" \/>\n<meta name=\"twitter:card\" content=\"summary_large_image\" \/>\n<meta name=\"twitter:label1\" content=\"Est. tempo de leitura\" \/>\n\t<meta name=\"twitter:data1\" content=\"1 minuto\" \/>\n<script type=\"application\/ld+json\" class=\"yoast-schema-graph\">{\"@context\":\"https:\/\/schema.org\",\"@graph\":[{\"@type\":\"WebPage\",\"@id\":\"https:\/\/euripedesbarsanulfo.org\/site\/captacao-de-recursos\/como-ser-um-voluntariado\/\",\"url\":\"https:\/\/euripedesbarsanulfo.org\/site\/captacao-de-recursos\/como-ser-um-voluntariado\/\",\"name\":\"Como ser um Voluntariado - ASSOCIA\u00c7\u00c3O OFICINA ESCOLA PROFESSOR EUR\u00cdPEDES BARSANULFO\",\"isPartOf\":{\"@id\":\"http:\/\/euripedesbarsanulfo.org\/site\/#website\"},\"primaryImageOfPage\":{\"@id\":\"https:\/\/euripedesbarsanulfo.org\/site\/captacao-de-recursos\/como-ser-um-voluntariado\/#primaryimage\"},\"image\":{\"@id\":\"https:\/\/euripedesbarsanulfo.org\/site\/captacao-de-recursos\/como-ser-um-voluntariado\/#primaryimage\"},\"thumbnailUrl\":\"http:\/\/euripedesbarsanulfo.org\/site\/wp-content\/uploads\/2026\/01\/voluntariado.png\",\"datePublished\":\"2026-01-12T19:05:12+00:00\",\"dateModified\":\"2026-01-21T18:24:35+00:00\",\"breadcrumb\":{\"@id\":\"https:\/\/euripedesbarsanulfo.org\/site\/captacao-de-recursos\/como-ser-um-voluntariado\/#breadcrumb\"},\"inLanguage\":\"pt-BR\",\"potentialAction\":[{\"@type\":\"ReadAction\",\"target\":[\"https:\/\/euripedesbarsanulfo.org\/site\/captacao-de-recursos\/como-ser-um-voluntariado\/\"]}]},{\"@type\":\"ImageObject\",\"inLanguage\":\"pt-BR\",\"@id\":\"https:\/\/euripedesbarsanulfo.org\/site\/captacao-de-recursos\/como-ser-um-voluntariado\/#primaryimage\",\"url\":\"https:\/\/euripedesbarsanulfo.org\/site\/wp-content\/uploads\/2026\/01\/voluntariado.png\",\"contentUrl\":\"https:\/\/euripedesbarsanulfo.org\/site\/wp-content\/uploads\/2026\/01\/voluntariado.png\",\"width\":500,\"height\":350},{\"@type\":\"BreadcrumbList\",\"@id\":\"https:\/\/euripedesbarsanulfo.org\/site\/captacao-de-recursos\/como-ser-um-voluntariado\/#breadcrumb\",\"itemListElement\":[{\"@type\":\"ListItem\",\"position\":1,\"name\":\"In\u00edcio\",\"item\":\"http:\/\/euripedesbarsanulfo.org\/site\/\"},{\"@type\":\"ListItem\",\"position\":2,\"name\":\"Capta\u00e7\u00e3o de Recursos\",\"item\":\"https:\/\/euripedesbarsanulfo.org\/site\/captacao-de-recursos\/\"},{\"@type\":\"ListItem\",\"position\":3,\"name\":\"Como ser um Voluntariado\"}]},{\"@type\":\"WebSite\",\"@id\":\"http:\/\/euripedesbarsanulfo.org\/site\/#website\",\"url\":\"http:\/\/euripedesbarsanulfo.org\/site\/\",\"name\":\"ASSOCIA\u00c7\u00c3O OFICINA ESCOLA PROFESSOR EUR\u00cdPEDES BARSANULFO\",\"description\":\"\",\"publisher\":{\"@id\":\"http:\/\/euripedesbarsanulfo.org\/site\/#organization\"},\"potentialAction\":[{\"@type\":\"SearchAction\",\"target\":{\"@type\":\"EntryPoint\",\"urlTemplate\":\"http:\/\/euripedesbarsanulfo.org\/site\/?s={search_term_string}\"},\"query-input\":{\"@type\":\"PropertyValueSpecification\",\"valueRequired\":true,\"valueName\":\"search_term_string\"}}],\"inLanguage\":\"pt-BR\"},{\"@type\":\"Organization\",\"@id\":\"http:\/\/euripedesbarsanulfo.org\/site\/#organization\",\"name\":\"ASSOCIA\u00c7\u00c3O OFICINA ESCOLA PROFESSOR EUR\u00cdPEDES BARSANULFO\",\"url\":\"http:\/\/euripedesbarsanulfo.org\/site\/\",\"logo\":{\"@type\":\"ImageObject\",\"inLanguage\":\"pt-BR\",\"@id\":\"http:\/\/euripedesbarsanulfo.org\/site\/#\/schema\/logo\/image\/\",\"url\":\"https:\/\/euripedesbarsanulfo.org\/site\/wp-content\/uploads\/2026\/01\/logotipo_euripedes.png\",\"contentUrl\":\"https:\/\/euripedesbarsanulfo.org\/site\/wp-content\/uploads\/2026\/01\/logotipo_euripedes.png\",\"width\":380,\"height\":150,\"caption\":\"ASSOCIA\u00c7\u00c3O OFICINA ESCOLA PROFESSOR EUR\u00cdPEDES BARSANULFO\"},\"image\":{\"@id\":\"http:\/\/euripedesbarsanulfo.org\/site\/#\/schema\/logo\/image\/\"}}]}<\/script>\n<!-- \/ Yoast SEO plugin. -->","yoast_head_json":{"title":"Como ser um Voluntariado - ASSOCIA\u00c7\u00c3O OFICINA ESCOLA PROFESSOR EUR\u00cdPEDES BARSANULFO","robots":{"index":"index","follow":"follow","max-snippet":"max-snippet:-1","max-image-preview":"max-image-preview:large","max-video-preview":"max-video-preview:-1"},"canonical":"https:\/\/euripedesbarsanulfo.org\/site\/captacao-de-recursos\/como-ser-um-voluntariado\/","og_locale":"pt_BR","og_type":"article","og_title":"Como ser um Voluntariado - ASSOCIA\u00c7\u00c3O OFICINA ESCOLA PROFESSOR EUR\u00cdPEDES BARSANULFO","og_description":"Voltar Como ser um Volunt\u00e1rio O voluntariado \u00e9 uma das formas mais valiosas de contribuir. Ao doar tempo, conhecimento e cuidado, voc\u00ea se torna parte ativa da transforma\u00e7\u00e3o social. Seja nas atividades educativas, em projetos assistenciais, em eventos beneficentes ou no apoio administrativo, sua contribui\u00e7\u00e3o faz toda a diferen\u00e7a. \u00a0 Como participar Preencha o formul\u00e1rio de interesse em nossa p\u00e1gina (Em Breve) Escolha as \u00e1reas em que deseja atuar Ser\u00e3o oferecidos treinamentos e acompanhamento de acordo com sua disponibilidade \u00a0 O voluntariado n\u00e3o exige experi\u00eancia pr\u00e9via \u2014 apenas vontade de ajudar e compromisso com o pr\u00f3ximo. Comprometemo-nos com a \u00e9tica e a transpar\u00eancia em todas as formas de capta\u00e7\u00e3o. Os recursos captados s\u00e3o utilizados de maneira eficiente e respons\u00e1vel, com relat\u00f3rios e presta\u00e7\u00f5es de contas dispon\u00edveis nesta se\u00e7\u00e3o do site. Assim, voc\u00ea pode acompanhar o impacto da sua contribui\u00e7\u00e3o e se sentir parte da mudan\u00e7a.","og_url":"https:\/\/euripedesbarsanulfo.org\/site\/captacao-de-recursos\/como-ser-um-voluntariado\/","og_site_name":"ASSOCIA\u00c7\u00c3O OFICINA ESCOLA PROFESSOR EUR\u00cdPEDES BARSANULFO","article_modified_time":"2026-01-21T18:24:35+00:00","og_image":[{"url":"http:\/\/euripedesbarsanulfo.org\/site\/wp-content\/uploads\/2026\/01\/voluntariado.png","type":"","width":"","height":""}],"twitter_card":"summary_large_image","twitter_misc":{"Est. tempo de leitura":"1 minuto"},"schema":{"@context":"https:\/\/schema.org","@graph":[{"@type":"WebPage","@id":"https:\/\/euripedesbarsanulfo.org\/site\/captacao-de-recursos\/como-ser-um-voluntariado\/","url":"https:\/\/euripedesbarsanulfo.org\/site\/captacao-de-recursos\/como-ser-um-voluntariado\/","name":"Como ser um Voluntariado - ASSOCIA\u00c7\u00c3O OFICINA ESCOLA PROFESSOR EUR\u00cdPEDES BARSANULFO","isPartOf":{"@id":"http:\/\/euripedesbarsanulfo.org\/site\/#website"},"primaryImageOfPage":{"@id":"https:\/\/euripedesbarsanulfo.org\/site\/captacao-de-recursos\/como-ser-um-voluntariado\/#primaryimage"},"image":{"@id":"https:\/\/euripedesbarsanulfo.org\/site\/captacao-de-recursos\/como-ser-um-voluntariado\/#primaryimage"},"thumbnailUrl":"http:\/\/euripedesbarsanulfo.org\/site\/wp-content\/uploads\/2026\/01\/voluntariado.png","datePublished":"2026-01-12T19:05:12+00:00","dateModified":"2026-01-21T18:24:35+00:00","breadcrumb":{"@id":"https:\/\/euripedesbarsanulfo.org\/site\/captacao-de-recursos\/como-ser-um-voluntariado\/#breadcrumb"},"inLanguage":"pt-BR","potentialAction":[{"@type":"ReadAction","target":["https:\/\/euripedesbarsanulfo.org\/site\/captacao-de-recursos\/como-ser-um-voluntariado\/"]}]},{"@type":"ImageObject","inLanguage":"pt-BR","@id":"https:\/\/euripedesbarsanulfo.org\/site\/captacao-de-recursos\/como-ser-um-voluntariado\/#primaryimage","url":"https:\/\/euripedesbarsanulfo.org\/site\/wp-content\/uploads\/2026\/01\/voluntariado.png","contentUrl":"https:\/\/euripedesbarsanulfo.org\/site\/wp-content\/uploads\/2026\/01\/voluntariado.png","width":500,"height":350},{"@type":"BreadcrumbList","@id":"https:\/\/euripedesbarsanulfo.org\/site\/captacao-de-recursos\/como-ser-um-voluntariado\/#breadcrumb","itemListElement":[{"@type":"ListItem","position":1,"name":"In\u00edcio","item":"http:\/\/euripedesbarsanulfo.org\/site\/"},{"@type":"ListItem","position":2,"name":"Capta\u00e7\u00e3o de Recursos","item":"https:\/\/euripedesbarsanulfo.org\/site\/captacao-de-recursos\/"},{"@type":"ListItem","position":3,"name":"Como ser um Voluntariado"}]},{"@type":"WebSite","@id":"http:\/\/euripedesbarsanulfo.org\/site\/#website","url":"http:\/\/euripedesbarsanulfo.org\/site\/","name":"ASSOCIA\u00c7\u00c3O OFICINA ESCOLA PROFESSOR EUR\u00cdPEDES BARSANULFO","description":"","publisher":{"@id":"http:\/\/euripedesbarsanulfo.org\/site\/#organization"},"potentialAction":[{"@type":"SearchAction","target":{"@type":"EntryPoint","urlTemplate":"http:\/\/euripedesbarsanulfo.org\/site\/?s={search_term_string}"},"query-input":{"@type":"PropertyValueSpecification","valueRequired":true,"valueName":"search_term_string"}}],"inLanguage":"pt-BR"},{"@type":"Organization","@id":"http:\/\/euripedesbarsanulfo.org\/site\/#organization","name":"ASSOCIA\u00c7\u00c3O OFICINA ESCOLA PROFESSOR EUR\u00cdPEDES BARSANULFO","url":"http:\/\/euripedesbarsanulfo.org\/site\/","logo":{"@type":"ImageObject","inLanguage":"pt-BR","@id":"http:\/\/euripedesbarsanulfo.org\/site\/#\/schema\/logo\/image\/","url":"https:\/\/euripedesbarsanulfo.org\/site\/wp-content\/uploads\/2026\/01\/logotipo_euripedes.png","contentUrl":"https:\/\/euripedesbarsanulfo.org\/site\/wp-content\/uploads\/2026\/01\/logotipo_euripedes.png","width":380,"height":150,"caption":"ASSOCIA\u00c7\u00c3O OFICINA ESCOLA PROFESSOR EUR\u00cdPEDES BARSANULFO"},"image":{"@id":"http:\/\/euripedesbarsanulfo.org\/site\/#\/schema\/logo\/image\/"}}]}},"_links":{"self":[{"href":"https:\/\/euripedesbarsanulfo.org\/site\/wp-json\/wp\/v2\/pages\/112","targetHints":{"allow":["GET"]}}],"collection":[{"href":"https:\/\/euripedesbarsanulfo.org\/site\/wp-json\/wp\/v2\/pages"}],"about":[{"href":"https:\/\/euripedesbarsanulfo.org\/site\/wp-json\/wp\/v2\/types\/page"}],"author":[{"embeddable":true,"href":"https:\/\/euripedesbarsanulfo.org\/site\/wp-json\/wp\/v2\/users\/1"}],"replies":[{"embeddable":true,"href":"https:\/\/euripedesbarsanulfo.org\/site\/wp-json\/wp\/v2\/comments?post=112"}],"version-history":[{"count":10,"href":"https:\/\/euripedesbarsanulfo.org\/site\/wp-json\/wp\/v2\/pages\/112\/revisions"}],"predecessor-version":[{"id":1036,"href":"https:\/\/euripedesbarsanulfo.org\/site\/wp-json\/wp\/v2\/pages\/112\/revisions\/1036"}],"up":[{"embeddable":true,"href":"https:\/\/euripedesbarsanulfo.org\/site\/wp-json\/wp\/v2\/pages\/19"}],"wp:attachment":[{"href":"https:\/\/euripedesbarsanulfo.org\/site\/wp-json\/wp\/v2\/media?parent=112"}],"curies":[{"name":"wp","href":"https:\/\/api.w.org\/{rel}","templated":true}]}}